{"id":318,"date":"2023-05-18T20:45:40","date_gmt":"2022-07-04T12:31:45","guid":{"rendered":"https:\/\/pavillon-s.com\/wei-2022-2\/"},"modified":"2024-04-26T09:40:10","modified_gmt":"2024-04-26T07:40:10","slug":"pavillon-s-temoins-2023","status":"publish","type":"page","link":"https:\/\/pavillon-s.com\/en\/pavillon-s-temoins-2023\/","title":{"rendered":"Pavillon-s t\u00e9moins 2023"},"content":{"rendered":"","protected":false},"excerpt":{"rendered":"","protected":false},"author":1,"featured_media":0,"parent":0,"menu_order":21,"comment_status":"closed","ping_status":"closed","template":"","meta":[],"class_list":["post-318","page","type-page","status-publish","hentry"],"grid":"{\r\n  \"colCount\": 12,\r\n  \"colGutter\": 1,\r\n  \"rowGutters\": [\r\n    1,\r\n    2,\r\n    0,\r\n    2,\r\n    0\r\n  ],\r\n  \"frameMargin\": 5,\r\n  \"leftFrameMargin\": 2.5,\r\n  \"rightFrameMargin\": 5,\r\n  \"topFrameMargin\": 180,\r\n  \"bottomFrameMargin\": 5,\r\n  \"rowAttrs\": [\r\n    {},\r\n    {},\r\n    {},\r\n    {},\r\n    {},\r\n    {}\r\n  ],\r\n  \"bgColor\": null,\r\n  \"bgImage\": null,\r\n  \"cont\": [\r\n    {\r\n      \"type\": \"text\",\r\n      \"cont\": \"<h1 class=\\\"_titre_page\\\"><a href=\\\"http:\/\/pavillon-s.com\/pavillon-s-temoins\/\\\" data-type=\\\"page\\\" data-id=\\\"317\\\" data-title=\\\"Pavillon-s t\u00e9moins\\\">Pavillon-s t\u00e9moins 2023<\/a><\/h1>\",\r\n      \"align\": \"top\",\r\n      \"row\": 0,\r\n      \"col\": 0,\r\n      \"colspan\": 7,\r\n      \"offsetx\": 0,\r\n      \"offsety\": 0,\r\n      \"spaceabove\": 0,\r\n      \"spacebelow\": 0,\r\n      \"yvel\": 1,\r\n      \"push\": 0,\r\n      \"relid\": 4,\r\n      \"frameOverflow\": \"\"\r\n    },\r\n    {\r\n      \"type\": \"text\",\r\n      \"cont\": \"<p class=\\\"_texte_page\\\">La premi\u00e8re \u00e9dition des Pavillons t\u00e9moins s'est d\u00e9roul\u00e9e du 3 au 29 juillet 2023 dans deux territoires de la M\u00e9tropole de Rouen : les quatre villages formant la Boucle de Roumare (Val-de-la-Haye, Hautot-sur-Seine, Sahurs et Saint-Pierre-de-Manneville), et La Grand\u2019Mare dans les Hauts-de-Rouen.<\/p>\",\r\n      \"align\": \"top\",\r\n      \"row\": 1,\r\n      \"col\": 0,\r\n      \"colspan\": 8,\r\n      \"offsetx\": 0,\r\n      \"offsety\": 0,\r\n      \"spaceabove\": 0,\r\n      \"spacebelow\": 0,\r\n      \"yvel\": 1,\r\n      \"push\": 0,\r\n      \"relid\": 8,\r\n      \"frameOverflow\": \"\"\r\n    },\r\n    {\r\n      \"type\": \"text\",\r\n      \"cont\": \"<h1 class=\\\"_lien_niv3\\\"><span><span style=\\\"color: #ff00ff;\\\"><a style=\\\"color: #ff00ff;\\\" href=\\\"http:\/\/pavillon-s.com\/roumare-artistes-projets\/\\\" data-type=\\\"page\\\" data-id=\\\"344\\\" data-title=\\\"Pavillon-s t\u00e9moins Boucle de Roumare artistes projets 2023\\\">Pavillon-s t\u00e9moins, Boucle de Roumare<\/a><br \/><\/span><\/span><span><span style=\\\"color: #ff00ff;\\\">du 3 au 21 juillet<\/span><br \/><\/span><\/h1>\",\r\n      \"align\": \"top\",\r\n      \"row\": 2,\r\n      \"col\": 0,\r\n      \"colspan\": 8,\r\n      \"offsetx\": 0,\r\n      \"offsety\": 0,\r\n      \"spaceabove\": 0,\r\n      \"spacebelow\": 0,\r\n      \"yvel\": 1,\r\n      \"push\": 0,\r\n      \"relid\": 7,\r\n      \"frameOverflow\": \"\"\r\n    },\r\n    {\r\n      \"type\": \"text\",\r\n      \"cont\": \"<p class=\\\"_texte_page\\\"><span>T\u00e9l\u00e9chargez <strong><span style=\\\"color: #ff00ff;\\\"><a style=\\\"color: #ff00ff;\\\" rel=\\\"noopener\\\" href=\\\"http:\/\/pavillon-s.com\/wp-content\/uploads\/2023\/06\/Depliant_Pavillon-s_temoins_Boucle_de_Roumare_2023.pdf\\\" target=\\\"_blank\\\">le programme<\/a><\/span><\/strong>, d\u00e9couvrir le <strong><span style=\\\"color: #ff00ff;\\\"><a style=\\\"color: #ff00ff;\\\" rel=\\\"noopener\\\" href=\\\"https:\/\/vimeo.com\/manage\/videos\/849441639\/b102f389c9\\\" target=\\\"_blank\\\">retour en images<\/a><\/span><\/strong><\/span><span><br \/><\/span><\/p>\",\r\n      \"align\": \"top\",\r\n      \"row\": 3,\r\n      \"col\": 0,\r\n      \"colspan\": 8,\r\n      \"offsetx\": 0,\r\n      \"offsety\": 0,\r\n      \"spaceabove\": 0,\r\n      \"spacebelow\": 0,\r\n      \"yvel\": 1,\r\n      \"push\": 0,\r\n      \"relid\": 9,\r\n      \"frameOverflow\": \"\"\r\n    },\r\n    {\r\n      \"type\": \"text\",\r\n      \"cont\": \"<h1 class=\\\"_lien_niv3\\\"><span><span style=\\\"color: #ff00ff;\\\"><a style=\\\"color: #ff00ff;\\\" href=\\\"http:\/\/pavillon-s.com\/grandmare-artistes-projets\/\\\" data-type=\\\"page\\\" data-id=\\\"342\\\" data-title=\\\"Pavillon-s t\u00e9moins Grand'Mare artistes projets 2023\\\">Pavillon-s t\u00e9moins, Grand'Mare<br \/>du 8 au 29 juillet<\/a><\/span><br \/><\/span><\/h1>\",\r\n      \"align\": \"top\",\r\n      \"row\": 4,\r\n      \"col\": 0,\r\n      \"colspan\": 8,\r\n      \"offsetx\": 0,\r\n      \"offsety\": 0,\r\n      \"spaceabove\": 0,\r\n      \"spacebelow\": 0,\r\n      \"yvel\": 1,\r\n      \"push\": 0,\r\n      \"relid\": 10,\r\n      \"frameOverflow\": \"\"\r\n    },\r\n    {\r\n      \"type\": \"text\",\r\n      \"cont\": \"<p class=\\\"_texte_page\\\"><span>T\u00e9l\u00e9chargez <strong><span style=\\\"color: #ff00ff;\\\"><a style=\\\"color: #ff00ff;\\\" rel=\\\"noopener\\\" href=\\\"http:\/\/pavillon-s.com\/wp-content\/uploads\/2023\/06\/PAV_GRANDMARE_230616_A4_RVB.pdf\\\" target=\\\"_blank\\\">le programme<\/a><\/span><\/strong>, d\u00e9couvrir le <strong><span style=\\\"color: #ff00ff;\\\"><a style=\\\"color: #ff00ff;\\\" rel=\\\"noopener\\\" href=\\\"https:\/\/vimeo.com\/849686882\\\" target=\\\"_blank\\\">retour en images<\/a><\/span><\/strong><br \/><\/span><\/p>\",\r\n      \"align\": \"top\",\r\n      \"row\": 5,\r\n      \"col\": 0,\r\n      \"colspan\": 8,\r\n      \"offsetx\": 0,\r\n      \"offsety\": 0,\r\n      \"spaceabove\": 0,\r\n      \"spacebelow\": 0,\r\n      \"yvel\": 1,\r\n      \"push\": 0,\r\n      \"relid\": 11,\r\n      \"frameOverflow\": \"\"\r\n    }\r\n  ]\r\n}","phonegrid":"{\r\n  \"colCount\": 12,\r\n  \"colGutter\": 1,\r\n  \"rowGutters\": [\r\n    5,\r\n    5,\r\n    \"2\",\r\n    \"2\"\r\n  ],\r\n  \"frameMargin\": 5,\r\n  \"leftFrameMargin\": 5,\r\n  \"rightFrameMargin\": 5,\r\n  \"topFrameMargin\": \"15\",\r\n  \"bottomFrameMargin\": 5,\r\n  \"rowAttrs\": [\r\n    {},\r\n    {},\r\n    {},\r\n    {},\r\n    {}\r\n  ],\r\n  \"bgColor\": null,\r\n  \"bgImage\": null,\r\n  \"cont\": [\r\n    {\r\n      \"type\": \"text\",\r\n      \"cont\": \"<h1 class=\\\"_titre_page\\\"><a href=\\\"http:\/\/pavillon-s.com\/pavillon-s-temoins\/\\\" data-type=\\\"page\\\" data-id=\\\"317\\\" data-title=\\\"Pavillon-s t\u00e9moins\\\">Pavillon-s t\u00e9moins 2023<\/a><\/h1>\",\r\n      \"align\": \"bottom\",\r\n      \"row\": 0,\r\n      \"col\": 0,\r\n      \"colspan\": 12,\r\n      \"offsetx\": 0,\r\n      \"offsety\": 0,\r\n      \"spaceabove\": 0,\r\n      \"spacebelow\": 0,\r\n      \"yvel\": 1,\r\n      \"push\": 0,\r\n      \"relid\": 4,\r\n      \"frameOverflow\": \"\"\r\n    },\r\n    {\r\n      \"type\": \"text\",\r\n      \"cont\": \"<p class=\\\"_texte_page\\\">La premi\u00e8re \u00e9dition des Pavillons t\u00e9moins s'est d\u00e9roul\u00e9e du 3 au 29 juillet 2023 dans deux territoires de la M\u00e9tropole de Rouen : les quatre villages formant la Boucle de Roumare (Val-de-la-Haye, Hautot-sur-Seine, Sahurs et Saint-Pierre-de-Manneville), et La Grand\u2019Mare dans les Hauts-de-Rouen.<\/p>\",\r\n      \"align\": \"bottom\",\r\n      \"row\": 1,\r\n      \"col\": 0,\r\n      \"colspan\": 12,\r\n      \"offsetx\": 0,\r\n      \"offsety\": 0,\r\n      \"spaceabove\": 0,\r\n      \"spacebelow\": 0,\r\n      \"yvel\": 1,\r\n      \"push\": 0,\r\n      \"relid\": 8,\r\n      \"frameOverflow\": \"\"\r\n    }\r\n  ]\r\n}","_links":{"self":[{"href":"https:\/\/pavillon-s.com\/en\/wp-json\/wp\/v2\/pages\/318","targetHints":{"allow":["GET"]}}],"collection":[{"href":"https:\/\/pavillon-s.com\/en\/wp-json\/wp\/v2\/pages"}],"about":[{"href":"https:\/\/pavillon-s.com\/en\/wp-json\/wp\/v2\/types\/page"}],"author":[{"embeddable":true,"href":"https:\/\/pavillon-s.com\/en\/wp-json\/wp\/v2\/users\/1"}],"replies":[{"embeddable":true,"href":"https:\/\/pavillon-s.com\/en\/wp-json\/wp\/v2\/comments?post=318"}],"version-history":[{"count":0,"href":"https:\/\/pavillon-s.com\/en\/wp-json\/wp\/v2\/pages\/318\/revisions"}],"wp:attachment":[{"href":"https:\/\/pavillon-s.com\/en\/wp-json\/wp\/v2\/media?parent=318"}],"curies":[{"name":"wp","href":"https:\/\/api.w.org\/{rel}","templated":true}]}}