{"id":316,"date":"2023-05-18T20:37:21","date_gmt":"2022-07-04T12:31:45","guid":{"rendered":"https:\/\/pavillon-s.com\/wei-2022-2\/"},"modified":"2024-11-19T12:24:23","modified_gmt":"2024-11-19T11:24:23","slug":"wei-2023","status":"publish","type":"page","link":"https:\/\/pavillon-s.com\/en\/wei-2023\/","title":{"rendered":"wei! 2023"},"content":{"rendered":"","protected":false},"excerpt":{"rendered":"","protected":false},"author":1,"featured_media":0,"parent":0,"menu_order":23,"comment_status":"closed","ping_status":"closed","template":"","meta":[],"class_list":["post-316","page","type-page","status-publish","hentry"],"grid":"{\r\n  \"colCount\": 12,\r\n  \"colGutter\": 1,\r\n  \"rowGutters\": [\r\n    1,\r\n    0.5,\r\n    0.5\r\n  ],\r\n  \"frameMargin\": 5,\r\n  \"leftFrameMargin\": 2.5,\r\n  \"rightFrameMargin\": 5,\r\n  \"topFrameMargin\": 180,\r\n  \"bottomFrameMargin\": 5,\r\n  \"rowAttrs\": [\r\n    {},\r\n    {},\r\n    {},\r\n    {}\r\n  ],\r\n  \"bgColor\": null,\r\n  \"bgImage\": null,\r\n  \"cont\": [\r\n    {\r\n      \"type\": \"text\",\r\n      \"cont\": \"<h1 class=\\\"_titre_page\\\">Wei! 2023<\/h1>\",\r\n      \"align\": \"top\",\r\n      \"row\": 0,\r\n      \"col\": 0,\r\n      \"colspan\": 7,\r\n      \"offsetx\": 0,\r\n      \"offsety\": 0,\r\n      \"spaceabove\": 0,\r\n      \"spacebelow\": 0,\r\n      \"yvel\": 1,\r\n      \"push\": 0,\r\n      \"relid\": 4,\r\n      \"frameOverflow\": \"\"\r\n    },\r\n    {\r\n      \"type\": \"text\",\r\n      \"cont\": \"<h1 class=\\\"_lien_page\\\"><a href=\\\"http:\/\/pavillon-s.com\/wei-artistes-projets-2023\/\\\" data-type=\\\"page\\\" data-id=\\\"413\\\" data-title=\\\"Wei artistes projets 2023\\\"><span style=\\\"color: #ff00ff;\\\">wei! \/ artistes projets<\/span><\/a><\/h1>\",\r\n      \"align\": \"top\",\r\n      \"row\": 1,\r\n      \"col\": 0,\r\n      \"colspan\": 8,\r\n      \"offsetx\": 0,\r\n      \"offsety\": 0,\r\n      \"spaceabove\": 0,\r\n      \"spacebelow\": 0,\r\n      \"yvel\": 1,\r\n      \"push\": 0,\r\n      \"relid\": 5,\r\n      \"frameOverflow\": \"\"\r\n    },\r\n    {\r\n      \"type\": \"text\",\r\n      \"cont\": \"<h1 class=\\\"_lien_page\\\"><span style=\\\"color: #ff00ff;\\\"><a style=\\\"color: #ff00ff;\\\" href=\\\"http:\/\/pavillon-s.com\/wei-2023-infos-pratiques\/\\\" data-type=\\\"page\\\" data-id=\\\"124\\\" data-title=\\\"wei infos pratiques\\\">wei! \/ info pratiques<\/a><\/span><\/h1>\",\r\n      \"align\": \"top\",\r\n      \"row\": 2,\r\n      \"col\": 0,\r\n      \"colspan\": 8,\r\n      \"offsetx\": 0,\r\n      \"offsety\": 0,\r\n      \"spaceabove\": 0,\r\n      \"spacebelow\": 0,\r\n      \"yvel\": 1,\r\n      \"push\": 0,\r\n      \"relid\": 6,\r\n      \"frameOverflow\": \"\"\r\n    },\r\n    {\r\n      \"type\": \"text\",\r\n      \"cont\": \"<p class=\\\"_texte_page\\\"><span style=\\\"text-decoration: underline;\\\"><a rel=\\\"noopener\\\" href=\\\"http:\/\/pavillon-s.com\/wp-content\/uploads\/2023\/07\/Depliant_Wei_2023.pdf\\\" target=\\\"_blank\\\"><span style=\\\"color: #ff0000; text-decoration: underline;\\\">T\u00e9l\u00e9chargez le programme<\/span><\/a><\/span><\/p><p><span style=\\\"text-decoration: underline;\\\"><span style=\\\"font-size: 20px;\\\"><a rel=\\\"noopener\\\" href=\\\"https:\/\/vimeo.com\/896805144\\\" target=\\\"_blank\\\"><strong>Retrouvez la seconde \u00e9dition de Wei! Week-end int\u00e9gral en images!<\/strong><\/a><\/span><\/span><\/p><p class=\\\"_texte_page\\\"><span style=\\\"color: #ff0000;\\\">WEI ! Week-End Int\u00e9gral #2<\/span><br \/>15, 16, 17 septembre 2023 \u00e0 And\u00e9\u00a0 \/ journ\u00e9es europ\u00e9ennes du matrimoine et du patrimoine<br \/><span style=\\\"text-decoration: underline;\\\"><span style=\\\"color: #000000; text-decoration: underline;\\\"><a style=\\\"color: #000000; text-decoration: underline;\\\" rel=\\\"noopener\\\" href=\\\"http:\/\/www.moulinande.com\/\\\" target=\\\"_blank\\\">Moulin d\u2019And\u00e9<\/a><\/span><\/span> \u2013 <span style=\\\"text-decoration: underline;\\\"><span style=\\\"color: #000000; text-decoration: underline;\\\"><a style=\\\"color: #000000; text-decoration: underline;\\\" rel=\\\"noopener\\\" href=\\\"http:\/\/www.moulinande.com\/pages\/creation-cinematographique\/\\\" target=\\\"_blank\\\">C\u00c9CI, Centre des \u00e9critures cin\u00e9matographiques<\/a><\/span><\/span> - Le fruit int\u00e9gral<br \/>65 et 74 rue du Moulin \u2013 27430 And\u00e9<\/p><p class=\\\"_texte_page\\\">Pour les informations de derni\u00e8re minute, retrouvez-nous sur <span style=\\\"text-decoration: underline;\\\"><a rel=\\\"noopener\\\" href=\\\"http:\/\/facebook.com\/pavillons2776\\\" target=\\\"_blank\\\">facebook<\/a><\/span>.<\/p><p class=\\\"_texte_page\\\">\u00a0<br \/>Un week-end artistique champ\u00eatre, festif et gratuit\u00a0!<br \/>\u00c0 l\u2019occasion des journ\u00e9es du matrimoine et du patrimoine, venez visiter les parcs du Moulin d\u2019And\u00e9 et du Fruit int\u00e9gral et d\u00e9couvrez \u2013 in situ \u2013 des \u0153uvres plastiques contemporaines, des performances chor\u00e9graphiques, litt\u00e9raires, musicales ou cin\u00e9matographiques.<\/p><p class=\\\"_texte_page\\\"><span style=\\\"color: #ff0000;\\\">Entr\u00e9e libre<\/span><br \/>Renseignements et informations <span style=\\\"color: #ff0000;\\\">contact@pavillon-s.com<\/span> \/ <span style=\\\"color: #ff0000;\\\">06 59 70 08 41<\/span><\/p><p class=\\\"_texte_page\\\"><span style=\\\"color: #ff0000;\\\">Avec<\/span> <br \/>- pour les arts vivants<br \/>Solen Athanassopoulos (Lille), Vincent Dieutre (Paris), Thomas Dupal (Paris), Emmanuel Eggermont (Roubaix), Yves-No\u00ebl Genod (Paris), Ivana M\u00fcller (Paris), Marie Nimier &amp; Olivier Bonnet (Val-de-Reuil), Olyphant (Rennes), Charlotte Rousseau (Rouen), Emmanuelle Vo-Dinh (Rouen et And\u00e9),\u2026<br \/><br \/>- pour les arts plastiques<br \/>Marti Folio (Dieppe), La fratrie (Paris), Robuste Odin (Pont-Audemer), Laurent Le Penru (Alizay), Georges Lucas (USA), Laurent Martin (Rouen), Vincent Mauger (Nantes), Nicolas Momein (Paris), \u00a0Hans-Walter M\u00fcller (La Fert\u00e9-Alais), Florian Pugnaire &amp; David Raffini (Nice), Maurice Slotine (And\u00e9), Maylis Turtaut (Angoul\u00eame), Romain Reveilhac (And\u00e9).<br \/>Le FRAC Normandie avec des oeuvres de Jeppe Hein.<br \/>Et une carte blanche \u00e0 Marie-Laure Lapeyr\u00e8re, directrice de la Maison des Arts de Grand-Quevilly.<br \/><br \/>Avec le soutien de la DRAC Normandie, du D\u00e9partement de l\u2019Eure, de l'agglom\u00e9ration Seine-Eure et de l'ONDA.<br \/>Remerciements \u00e0 la Ville d\u2019And\u00e9, l\u2019association l\u2019and\u00e9enne, aux Tr\u00e9teaux de France et \u00e0 Maurice Slotine.<\/p>\",\r\n      \"align\": \"top\",\r\n      \"row\": 3,\r\n      \"col\": 0,\r\n      \"colspan\": 8,\r\n      \"offsetx\": 0,\r\n      \"offsety\": 0,\r\n      \"spaceabove\": 0,\r\n      \"spacebelow\": 0,\r\n      \"yvel\": 1,\r\n      \"push\": 0,\r\n      \"relid\": 8,\r\n      \"frameOverflow\": \"\"\r\n    }\r\n  ]\r\n}","phonegrid":"{\r\n  \"colCount\": 12,\r\n  \"colGutter\": 1,\r\n  \"rowGutters\": [\r\n    5,\r\n    \"2\",\r\n    \"2\",\r\n    5\r\n  ],\r\n  \"frameMargin\": 5,\r\n  \"leftFrameMargin\": 5,\r\n  \"rightFrameMargin\": 5,\r\n  \"topFrameMargin\": \"15\",\r\n  \"bottomFrameMargin\": 5,\r\n  \"rowAttrs\": [\r\n    {},\r\n    {},\r\n    {},\r\n    {},\r\n    {}\r\n  ],\r\n  \"bgColor\": null,\r\n  \"bgImage\": null,\r\n  \"cont\": [\r\n    {\r\n      \"type\": \"text\",\r\n      \"cont\": \"<h1 class=\\\"_titre_page\\\">Wei! 2023<\/h1>\",\r\n      \"align\": \"bottom\",\r\n      \"row\": 0,\r\n      \"col\": 0,\r\n      \"colspan\": 12,\r\n      \"offsetx\": 0,\r\n      \"offsety\": 0,\r\n      \"spaceabove\": 0,\r\n      \"spacebelow\": 0,\r\n      \"yvel\": 1,\r\n      \"push\": 0,\r\n      \"relid\": 4,\r\n      \"frameOverflow\": \"\"\r\n    },\r\n    {\r\n      \"type\": \"text\",\r\n      \"cont\": \"<h1 class=\\\"_lien_page\\\"><a href=\\\"http:\/\/pavillon-s.com\/wei-artistes-projets-2023\/\\\" data-type=\\\"page\\\" data-id=\\\"413\\\" data-title=\\\"Wei artistes projets 2023\\\"><span style=\\\"color: #ff00ff;\\\">wei! \/ artistes projets<\/span><\/a><\/h1>\",\r\n      \"align\": \"top\",\r\n      \"row\": 1,\r\n      \"col\": 0,\r\n      \"colspan\": 12,\r\n      \"offsetx\": 0,\r\n      \"offsety\": 0,\r\n      \"spaceabove\": 0,\r\n      \"spacebelow\": 0,\r\n      \"yvel\": 1,\r\n      \"push\": 0,\r\n      \"relid\": 5\r\n    },\r\n    {\r\n      \"type\": \"text\",\r\n      \"cont\": \"<h1 class=\\\"_lien_page\\\"><span style=\\\"color: #ff00ff;\\\"><a style=\\\"color: #ff00ff;\\\" href=\\\"http:\/\/pavillon-s.com\/wei-2023-infos-pratiques\/\\\" data-type=\\\"page\\\" data-id=\\\"124\\\" data-title=\\\"wei infos pratiques\\\">wei! \/ info pratiques<\/a><\/span><\/h1>\",\r\n      \"align\": \"bottom\",\r\n      \"row\": 2,\r\n      \"col\": 0,\r\n      \"colspan\": 12,\r\n      \"offsetx\": 0,\r\n      \"offsety\": 0,\r\n      \"spaceabove\": 0,\r\n      \"spacebelow\": 0,\r\n      \"yvel\": 1,\r\n      \"push\": 0,\r\n      \"relid\": 6,\r\n      \"frameOverflow\": \"\"\r\n    },\r\n    {\r\n      \"type\": \"text\",\r\n      \"cont\": \"<p class=\\\"_texte_page\\\"><span style=\\\"text-decoration: underline;\\\"><a rel=\\\"noopener\\\" href=\\\"http:\/\/pavillon-s.com\/wp-content\/uploads\/2023\/07\/Depliant_Wei_2023.pdf\\\" target=\\\"_blank\\\"><span style=\\\"color: #ff0000; text-decoration: underline;\\\">T\u00e9l\u00e9chargez le programme<\/span><\/a><\/span><\/p><p><span style=\\\"text-decoration: underline;\\\"><span style=\\\"font-size: 20px;\\\"><a rel=\\\"noopener\\\" href=\\\"https:\/\/vimeo.com\/896805144\\\" target=\\\"_blank\\\"><strong>Retrouvez la seconde \u00e9dition de Wei! Week-end int\u00e9gral en images!<\/strong><\/a><\/span><\/span><\/p><p class=\\\"_texte_page\\\"><span style=\\\"color: #ff0000;\\\">WEI ! Week-End Int\u00e9gral #2<\/span><br \/>15, 16, 17 septembre 2023 \u00e0 And\u00e9\u00a0 \/ journ\u00e9es europ\u00e9ennes du matrimoine et du patrimoine<br \/><span style=\\\"text-decoration: underline;\\\"><span style=\\\"color: #000000; text-decoration: underline;\\\"><a style=\\\"color: #000000; text-decoration: underline;\\\" rel=\\\"noopener\\\" href=\\\"http:\/\/www.moulinande.com\/\\\" target=\\\"_blank\\\">Moulin d\u2019And\u00e9<\/a><\/span><\/span> \u2013 <span style=\\\"text-decoration: underline;\\\"><span style=\\\"color: #000000; text-decoration: underline;\\\"><a style=\\\"color: #000000; text-decoration: underline;\\\" rel=\\\"noopener\\\" href=\\\"http:\/\/www.moulinande.com\/pages\/creation-cinematographique\/\\\" target=\\\"_blank\\\">C\u00c9CI, Centre des \u00e9critures cin\u00e9matographiques<\/a><\/span><\/span> - Le fruit int\u00e9gral<br \/>65 et 74 rue du Moulin \u2013 27430 And\u00e9<\/p><p class=\\\"_texte_page\\\">Pour les informations de derni\u00e8re minute, retrouvez-nous sur <span style=\\\"text-decoration: underline;\\\"><a rel=\\\"noopener\\\" href=\\\"http:\/\/facebook.com\/pavillons2776\\\" target=\\\"_blank\\\">facebook<\/a><\/span>.<\/p><p class=\\\"_texte_page\\\">\u00a0<br \/>Un week-end artistique champ\u00eatre, festif et gratuit\u00a0!<br \/>\u00c0 l\u2019occasion des journ\u00e9es du matrimoine et du patrimoine, venez visiter les parcs du Moulin d\u2019And\u00e9 et du Fruit int\u00e9gral et d\u00e9couvrez \u2013 in situ \u2013 des \u0153uvres plastiques contemporaines, des performances chor\u00e9graphiques, litt\u00e9raires, musicales ou cin\u00e9matographiques.<\/p><p class=\\\"_texte_page\\\"><span style=\\\"color: #ff0000;\\\">Entr\u00e9e libre<\/span><br \/>Renseignements et informations <span style=\\\"color: #ff0000;\\\">contact@pavillon-s.com<\/span> \/ <span style=\\\"color: #ff0000;\\\">06 59 70 08 41<\/span><\/p><p class=\\\"_texte_page\\\"><span style=\\\"color: #ff0000;\\\">Avec<\/span> <br \/>- pour les arts vivants<br \/>Solen Athanassopoulos (Lille), Vincent Dieutre (Paris), Thomas Dupal (Paris), Emmanuel Eggermont (Roubaix), Yves-No\u00ebl Genod (Paris), Ivana M\u00fcller (Paris), Marie Nimier &amp; Olivier Bonnet (Val-de-Reuil), Olyphant (Rennes), Charlotte Rousseau (Rouen), Emmanuelle Vo-Dinh (Rouen et And\u00e9),\u2026<br \/><br \/>- pour les arts plastiques<br \/>Marti Folio (Dieppe), La fratrie (Paris), Robuste Odin (Pont-Audemer), Laurent Le Penru (Alizay), Georges Lucas (USA), Laurent Martin (Rouen), Vincent Mauger (Nantes), Nicolas Momein (Paris), \u00a0Hans-Walter M\u00fcller (La Fert\u00e9-Alais), Florian Pugnaire &amp; David Raffini (Nice), Maurice Slotine (And\u00e9), Maylis Turtaut (Angoul\u00eame), Romain Reveilhac (And\u00e9).<br \/>Le FRAC Normandie avec des oeuvres de Jeppe Hein.<br \/>Et une carte blanche \u00e0 Marie-Laure Lapeyr\u00e8re, directrice de la Maison des Arts de Grand-Quevilly.<br \/><br \/>Avec le soutien de la DRAC Normandie, du D\u00e9partement de l\u2019Eure, de l'agglom\u00e9ration Seine-Eure et de l'ONDA.<br \/>Remerciements \u00e0 la Ville d\u2019And\u00e9, l\u2019association l\u2019and\u00e9enne, aux Tr\u00e9teaux de France et \u00e0 Maurice Slotine.<\/p>\",\r\n      \"align\": \"bottom\",\r\n      \"row\": 3,\r\n      \"col\": 0,\r\n      \"colspan\": 12,\r\n      \"offsetx\": 0,\r\n      \"offsety\": 0,\r\n      \"spaceabove\": 0,\r\n      \"spacebelow\": 0,\r\n      \"yvel\": 1,\r\n      \"push\": 0,\r\n      \"relid\": 8,\r\n      \"frameOverflow\": \"\"\r\n    }\r\n  ]\r\n}","_links":{"self":[{"href":"https:\/\/pavillon-s.com\/en\/wp-json\/wp\/v2\/pages\/316","targetHints":{"allow":["GET"]}}],"collection":[{"href":"https:\/\/pavillon-s.com\/en\/wp-json\/wp\/v2\/pages"}],"about":[{"href":"https:\/\/pavillon-s.com\/en\/wp-json\/wp\/v2\/types\/page"}],"author":[{"embeddable":true,"href":"https:\/\/pavillon-s.com\/en\/wp-json\/wp\/v2\/users\/1"}],"replies":[{"embeddable":true,"href":"https:\/\/pavillon-s.com\/en\/wp-json\/wp\/v2\/comments?post=316"}],"version-history":[{"count":0,"href":"https:\/\/pavillon-s.com\/en\/wp-json\/wp\/v2\/pages\/316\/revisions"}],"wp:attachment":[{"href":"https:\/\/pavillon-s.com\/en\/wp-json\/wp\/v2\/media?parent=316"}],"curies":[{"name":"wp","href":"https:\/\/api.w.org\/{rel}","templated":true}]}}