{"id":315,"date":"2023-05-18T20:32:16","date_gmt":"2022-07-04T12:31:45","guid":{"rendered":"https:\/\/pavillon-s.com\/wei-2\/"},"modified":"2023-11-29T11:42:56","modified_gmt":"2023-11-29T10:42:56","slug":"wei-2022","status":"publish","type":"page","link":"https:\/\/pavillon-s.com\/en\/wei-2022\/","title":{"rendered":"wei! 2022"},"content":{"rendered":"","protected":false},"excerpt":{"rendered":"","protected":false},"author":1,"featured_media":0,"parent":0,"menu_order":24,"comment_status":"closed","ping_status":"closed","template":"","meta":[],"class_list":["post-315","page","type-page","status-publish","hentry"],"grid":"{\r\n  \"colCount\": 12,\r\n  \"colGutter\": 1,\r\n  \"rowGutters\": [\r\n    1,\r\n    0.5,\r\n    5,\r\n    3\r\n  ],\r\n  \"frameMargin\": 5,\r\n  \"leftFrameMargin\": 2.5,\r\n  \"rightFrameMargin\": 5,\r\n  \"topFrameMargin\": 180,\r\n  \"bottomFrameMargin\": 5,\r\n  \"rowAttrs\": [\r\n    {},\r\n    {},\r\n    {},\r\n    {},\r\n    {}\r\n  ],\r\n  \"bgColor\": null,\r\n  \"bgImage\": null,\r\n  \"cont\": [\r\n    {\r\n      \"type\": \"text\",\r\n      \"cont\": \"<h1 class=\\\"_titre_page\\\">Wei! 2022<\/h1>\",\r\n      \"align\": \"top\",\r\n      \"row\": 0,\r\n      \"col\": 0,\r\n      \"colspan\": 7,\r\n      \"offsetx\": 0,\r\n      \"offsety\": 0,\r\n      \"spaceabove\": 0,\r\n      \"spacebelow\": 0,\r\n      \"yvel\": 1,\r\n      \"push\": 0,\r\n      \"relid\": 4,\r\n      \"frameOverflow\": \"\"\r\n    },\r\n    {\r\n      \"type\": \"text\",\r\n      \"cont\": \"<h1 class=\\\"_lien_page\\\"><span style=\\\"color: #ff00ff;\\\"><a style=\\\"color: #ff00ff;\\\" href=\\\"http:\/\/pavillon-s.com\/wei-artistes-projets\/\\\" data-type=\\\"page\\\" data-id=\\\"120\\\" data-title=\\\"wei artistes projects\\\">wei! \/ artistes projets<\/a><\/span><\/h1>\",\r\n      \"align\": \"top\",\r\n      \"row\": 1,\r\n      \"col\": 0,\r\n      \"colspan\": 8,\r\n      \"offsetx\": 0,\r\n      \"offsety\": 0,\r\n      \"spaceabove\": 0,\r\n      \"spacebelow\": 0,\r\n      \"yvel\": 1,\r\n      \"push\": 0,\r\n      \"relid\": 5\r\n    },\r\n    {\r\n      \"type\": \"text\",\r\n      \"cont\": \"<h1 class=\\\"_lien_page\\\"><span style=\\\"color: #ff00ff;\\\"><a style=\\\"color: #ff00ff;\\\" href=\\\"http:\/\/pavillon-s.com\/wei-infos-pratiques\/\\\" data-type=\\\"page\\\" data-id=\\\"124\\\" data-title=\\\"wei infos pratiques\\\">wei! \/ info pratiques<\/a><\/span><\/h1>\",\r\n      \"align\": \"top\",\r\n      \"row\": 2,\r\n      \"col\": 0,\r\n      \"colspan\": 8,\r\n      \"offsetx\": 0,\r\n      \"offsety\": 0,\r\n      \"spaceabove\": 0,\r\n      \"spacebelow\": 0,\r\n      \"yvel\": 1,\r\n      \"push\": 0,\r\n      \"relid\": 6,\r\n      \"frameOverflow\": \"\"\r\n    },\r\n    {\r\n      \"type\": \"text\",\r\n      \"cont\": \"<p class=\\\"_texte_page\\\"><a rel=\\\"noopener\\\" href=\\\"http:\/\/pavillon-s.com\/wp-content\/uploads\/2022\/08\/De\u0301pliant_WEI_2022.pdf\\\" target=\\\"_blank\\\"><span style=\\\"text-decoration: underline; color: #ff0000;\\\">T\u00e9l\u00e9charger le programme<\/span><\/a><br \/><br \/><a rel=\\\"noopener\\\" href=\\\"https:\/\/vimeo.com\/781270771\\\" target=\\\"_blank\\\"><span style=\\\"text-decoration: underline;\\\">Retrouver la premi\u00e8re \u00e9dition de Wei! Week-end int\u00e9gral en images!<\/span><\/a><\/p>\",\r\n      \"align\": \"top\",\r\n      \"row\": 3,\r\n      \"col\": 0,\r\n      \"colspan\": 7,\r\n      \"offsetx\": 0,\r\n      \"offsety\": 0,\r\n      \"spaceabove\": 0,\r\n      \"spacebelow\": 0,\r\n      \"yvel\": 1,\r\n      \"push\": 0,\r\n      \"relid\": 119\r\n    },\r\n    {\r\n      \"type\": \"text\",\r\n      \"cont\": \"<p class=\\\"_texte_page\\\"><span style=\\\"color: #ff0000;\\\">WEI ! Week-End Int\u00e9gral #1<\/span><br \/>16, 17, 18 septembre 2022 \u00e0 And\u00e9\u00a0 \/ journ\u00e9es du patrimoine<br \/><span style=\\\"text-decoration: underline;\\\"><span style=\\\"color: #000000; text-decoration: underline;\\\"><a style=\\\"color: #000000; text-decoration: underline;\\\" rel=\\\"noopener\\\" href=\\\"http:\/\/www.moulinande.com\/\\\" target=\\\"_blank\\\">Moulin d\u2019And\u00e9<\/a><\/span><\/span> \u2013 <span style=\\\"text-decoration: underline;\\\"><span style=\\\"color: #000000; text-decoration: underline;\\\"><a style=\\\"color: #000000; text-decoration: underline;\\\" rel=\\\"noopener\\\" href=\\\"http:\/\/www.moulinande.com\/pages\/creation-cinematographique\/\\\" target=\\\"_blank\\\">CECI, Centre des \u00e9critures cin\u00e9matographiques<\/a><\/span><\/span> - Le fruit int\u00e9gral<br \/>65 et 74 rue du Moulin \u2013 27430 And\u00e9<\/p><p class=\\\"_texte_page\\\">Pour les informations de derni\u00e8re minute, retrouvez-nous sur <span style=\\\"text-decoration: underline;\\\"><a rel=\\\"noopener\\\" href=\\\"http:\/\/facebook.com\/pavillons2776\\\" target=\\\"_blank\\\">facebook<\/a><\/span>.<\/p><p class=\\\"_texte_page\\\">\u00a0<br \/>Un week-end artistique champ\u00eatre, festif et gratuit\u00a0!<br \/>\u00c0 l\u2019occasion des journ\u00e9es du patrimoine, venez visiter les parcs du Moulin d\u2019And\u00e9 et du Fruit int\u00e9gral et d\u00e9couvrez \u2013 in situ \u2013 des \u0153uvres plastiques contemporaines, des performances chor\u00e9graphiques, po\u00e9tiques, musicales ou cin\u00e9matographiques.<br \/>Et pour f\u00eater la fin de l\u2019\u00e9t\u00e9, venez apprendre les 10 danses de la <span style=\\\"color: #000000;\\\"><a style=\\\"color: #000000;\\\" href=\\\"http:\/\/pavillon-s.com\/waveparty\/\\\" data-type=\\\"project\\\" data-id=\\\"133\\\" data-title=\\\"Waveparty\\\" data-catid=\\\"[3]\\\">Waveparty<\/a><\/span>, une grande danse participative \u00e9lectro que nous performerons ensemble au coucher du soleil le samedi 17 septembre.<\/p><p class=\\\"_texte_page\\\"><span style=\\\"color: #ff0000;\\\">Entr\u00e9e libre<\/span><br \/>Renseignements et informations <span style=\\\"color: #ff0000;\\\">contact@lefruitintegral.fr<\/span> \/ <span style=\\\"color: #ff0000;\\\">06 59 70 08 41<\/span><\/p><p class=\\\"_texte_page\\\"><span style=\\\"color: #ff0000;\\\">Avec<\/span> <br \/>- pour les arts vivants<br \/>Dominique Boivin (Val-de-Reuil), Juliette Dessert (Bernay), Flora D\u00e9traz (Orne), Malgven Gerbes &amp; David Brandst\u00e4tter (Vernon-Berlin), Sabine Macher (Paris), Ivana M\u00fcller (Paris), L\u00e9onard Rainis &amp; Katell Hartereau (Lorient), Yoann Thommerel et Sonia Chiambretto (Caen), Olyphant (Rennes), Emmanuelle Vo-Dinh et son \u00e9quipe artistique (Rouen et And\u00e9)<br \/>\u00a0<br \/>- pour les arts plastiques<br \/>Nobuyoshi Araki (Japon), Max Boufathal (Bordeaux), Cl\u00e9ment Cogitore (Paris\/Berlin), St\u00e9phane Joannes (France), Marti Folio (Dieppe), La fratrie (Paris), Robuste Odin (Pont-Audemer), Laurent Le Penru (Alizay), Georges Lucas (USA), Laurent Martin (Rouen), Vincent Mauger (Nantes), Ariane Michel (Paris), Nicolas Momein (Paris), \u00a0Hans-Walter M\u00fcller (La Fert\u00e9-Alais), Laurent Pariente (New-York), Bertrand Planes (Paris), Florian Pugnaire &amp; David Raffini (Nice), Damir Ocko (Zagreb), Man Ray, Maurice Slotine (And\u00e9), Maylis Turtaut (Angoul\u00eame), Romain Reveilhac (And\u00e9), Val\u00e9rie Vaubourg (Lille), \u00c9lodie Wysocki (Lille).<br \/>Et, le Kit guinguette du festival Normandie impressionniste, cr\u00e9\u00e9 par l\u2019artiste Charlotte Vitaioli (Rennes).<\/p><p class=\\\"_texte_page\\\"><br \/>Avec le soutien de la DRAC Normandie, du D\u00e9partement de l\u2019Eure, de l'agglom\u00e9ration Seine-Eure.<br \/>Remerciements \u00e0 la Ville d\u2019And\u00e9, l\u2019association l\u2019and\u00e9enne, la Ville de Louviers, V\u00e9ronique Souben, La Factorie maison de Po\u00e9sie Normandie, Beau Geste et l\u2019Arsenal \u00e0 Val-de-Reuil, Lumi\u00e8re d'ao\u00fbt.<br \/>Avec le soutien de l\u2019ONDA.<\/p>\",\r\n      \"align\": \"top\",\r\n      \"row\": 4,\r\n      \"col\": 0,\r\n      \"colspan\": 8,\r\n      \"offsetx\": 0,\r\n      \"offsety\": 0,\r\n      \"spaceabove\": 0,\r\n      \"spacebelow\": 0,\r\n      \"yvel\": 1,\r\n      \"push\": 0,\r\n      \"relid\": 8,\r\n      \"frameOverflow\": \"\"\r\n    }\r\n  ]\r\n}","phonegrid":"{\r\n  \"colCount\": 12,\r\n  \"colGutter\": 1,\r\n  \"rowGutters\": [\r\n    5,\r\n    \"2\",\r\n    \"2\",\r\n    5,\r\n    5\r\n  ],\r\n  \"frameMargin\": 5,\r\n  \"leftFrameMargin\": 5,\r\n  \"rightFrameMargin\": 5,\r\n  \"topFrameMargin\": \"15\",\r\n  \"bottomFrameMargin\": 5,\r\n  \"rowAttrs\": [\r\n    {},\r\n    {},\r\n    {},\r\n    {},\r\n    {},\r\n    {}\r\n  ],\r\n  \"bgColor\": null,\r\n  \"bgImage\": null,\r\n  \"cont\": [\r\n    {\r\n      \"type\": \"text\",\r\n      \"cont\": \"<h1 class=\\\"_titre_page\\\">Wei! 2022<\/h1>\",\r\n      \"align\": \"bottom\",\r\n      \"row\": 0,\r\n      \"col\": 0,\r\n      \"colspan\": 12,\r\n      \"offsetx\": 0,\r\n      \"offsety\": 0,\r\n      \"spaceabove\": 0,\r\n      \"spacebelow\": 0,\r\n      \"yvel\": 1,\r\n      \"push\": 0,\r\n      \"relid\": 4,\r\n      \"frameOverflow\": \"\"\r\n    },\r\n    {\r\n      \"type\": \"text\",\r\n      \"cont\": \"<h1 class=\\\"_lien_page\\\"><span style=\\\"color: #ff00ff;\\\"><a style=\\\"color: #ff00ff;\\\" href=\\\"http:\/\/pavillon-s.com\/wei-artistes-projets\/\\\" data-type=\\\"page\\\" data-id=\\\"120\\\" data-title=\\\"wei artistes projects\\\">wei! \/ artistes projets<\/a><\/span><\/h1>\",\r\n      \"align\": \"bottom\",\r\n      \"row\": 1,\r\n      \"col\": 0,\r\n      \"colspan\": 12,\r\n      \"offsetx\": 0,\r\n      \"offsety\": 0,\r\n      \"spaceabove\": 0,\r\n      \"spacebelow\": 0,\r\n      \"yvel\": 1,\r\n      \"push\": 0,\r\n      \"relid\": 5,\r\n      \"frameOverflow\": \"\"\r\n    },\r\n    {\r\n      \"type\": \"text\",\r\n      \"cont\": \"<h1 class=\\\"_lien_page\\\"><span style=\\\"color: #ff00ff;\\\"><a style=\\\"color: #ff00ff;\\\" href=\\\"http:\/\/pavillon-s.com\/wei-infos-pratiques\/\\\" data-type=\\\"page\\\" data-id=\\\"124\\\" data-title=\\\"wei infos pratiques\\\">wei! \/ info pratiques<\/a><\/span><\/h1>\",\r\n      \"align\": \"top\",\r\n      \"row\": 2,\r\n      \"col\": 0,\r\n      \"colspan\": 12,\r\n      \"offsetx\": 0,\r\n      \"offsety\": 0,\r\n      \"spaceabove\": 0,\r\n      \"spacebelow\": 0,\r\n      \"yvel\": 1,\r\n      \"push\": 0,\r\n      \"relid\": 6\r\n    },\r\n    {\r\n      \"type\": \"text\",\r\n      \"cont\": \"<p><a rel=\\\"noopener\\\" href=\\\"http:\/\/pavillon-s.com\/wp-content\/uploads\/2022\/08\/De\u0301pliant_WEI_2022.pdf\\\" target=\\\"_blank\\\"><span>T\u00e9l\u00e9charger le programme<\/span><\/a><br \/><br \/><a rel=\\\"noopener\\\" href=\\\"https:\/\/vimeo.com\/781270771\\\" target=\\\"_blank\\\"><span>Retrouver la premi\u00e8re \u00e9dition de Wei! Week-end int\u00e9gral en images!<\/span><\/a><\/p>\",\r\n      \"align\": \"top\",\r\n      \"row\": 3,\r\n      \"col\": 0,\r\n      \"colspan\": 12,\r\n      \"offsetx\": 0,\r\n      \"offsety\": 0,\r\n      \"spaceabove\": 0,\r\n      \"spacebelow\": 0,\r\n      \"yvel\": 1,\r\n      \"push\": 0,\r\n      \"relid\": 7\r\n    },\r\n    {\r\n      \"type\": \"text\",\r\n      \"cont\": \"<p class=\\\"_texte_page\\\"><span style=\\\"color: #ff0000;\\\">WEI ! Week-End Int\u00e9gral #1<\/span><br \/>16, 17, 18 septembre 2022 \u00e0 And\u00e9\u00a0 \/ journ\u00e9es du patrimoine<br \/><span style=\\\"text-decoration: underline;\\\"><span style=\\\"color: #000000; text-decoration: underline;\\\"><a style=\\\"color: #000000; text-decoration: underline;\\\" rel=\\\"noopener\\\" href=\\\"http:\/\/www.moulinande.com\/\\\" target=\\\"_blank\\\">Moulin d\u2019And\u00e9<\/a><\/span><\/span> \u2013 <span style=\\\"text-decoration: underline;\\\"><span style=\\\"color: #000000; text-decoration: underline;\\\"><a style=\\\"color: #000000; text-decoration: underline;\\\" rel=\\\"noopener\\\" href=\\\"http:\/\/www.moulinande.com\/pages\/creation-cinematographique\/\\\" target=\\\"_blank\\\">CECI, Centre des \u00e9critures cin\u00e9matographiques<\/a><\/span><\/span> - Le fruit int\u00e9gral<br \/>65 et 74 rue du Moulin \u2013 27430 And\u00e9<\/p><p class=\\\"_texte_page\\\">Pour les informations de derni\u00e8re minute, retrouvez-nous sur <span style=\\\"text-decoration: underline;\\\"><a rel=\\\"noopener\\\" href=\\\"http:\/\/facebook.com\/pavillons2776\\\" target=\\\"_blank\\\">facebook<\/a><\/span>.<\/p><p class=\\\"_texte_page\\\">\u00a0<br \/>Un week-end artistique champ\u00eatre, festif et gratuit\u00a0!<br \/>\u00c0 l\u2019occasion des journ\u00e9es du patrimoine, venez visiter les parcs du Moulin d\u2019And\u00e9 et du Fruit int\u00e9gral et d\u00e9couvrez \u2013 in situ \u2013 des \u0153uvres plastiques contemporaines, des performances chor\u00e9graphiques, po\u00e9tiques, musicales ou cin\u00e9matographiques.<br \/>Et pour f\u00eater la fin de l\u2019\u00e9t\u00e9, venez apprendre les 10 danses de la <span style=\\\"color: #000000;\\\"><a style=\\\"color: #000000;\\\" href=\\\"http:\/\/pavillon-s.com\/waveparty\/\\\" data-type=\\\"project\\\" data-id=\\\"133\\\" data-title=\\\"Waveparty\\\" data-catid=\\\"[3]\\\">Waveparty<\/a><\/span>, une grande danse participative \u00e9lectro que nous performerons ensemble au coucher du soleil le samedi 17 septembre.<\/p><p class=\\\"_texte_page\\\"><span style=\\\"color: #ff0000;\\\">Entr\u00e9e libre<\/span><br \/>Renseignements et informations <span style=\\\"color: #ff0000;\\\">contact@lefruitintegral.fr<\/span> \/ <span style=\\\"color: #ff0000;\\\">06 59 70 08 41<\/span><\/p><p class=\\\"_texte_page\\\"><span style=\\\"color: #ff0000;\\\">Avec<\/span> <br \/>- pour les arts vivants<br \/>Dominique Boivin (Val-de-Reuil), Juliette Dessert (Bernay), Flora D\u00e9traz (Orne), Malgven Gerbes &amp; David Brandst\u00e4tter (Vernon-Berlin), Sabine Macher (Paris), Ivana M\u00fcller (Paris), L\u00e9onard Rainis &amp; Katell Hartereau (Lorient), Yoann Thommerel et Sonia Chiambretto (Caen), Olyphant (Rennes), Emmanuelle Vo-Dinh et son \u00e9quipe artistique (Rouen et And\u00e9)<br \/>\u00a0<br \/>- pour les arts plastiques<br \/>Nobuyoshi Araki (Japon), Max Boufathal (Bordeaux), Cl\u00e9ment Cogitore (Paris\/Berlin), St\u00e9phane Joannes (France), Marti Folio (Dieppe), La fratrie (Paris), Robuste Odin (Pont-Audemer), Laurent Le Penru (Alizay), Georges Lucas (USA), Laurent Martin (Rouen), Vincent Mauger (Nantes), Ariane Michel (Paris), Nicolas Momein (Paris), \u00a0Hans-Walter M\u00fcller (La Fert\u00e9-Alais), Laurent Pariente (New-York), Bertrand Planes (Paris), Florian Pugnaire &amp; David Raffini (Nice), Damir Ocko (Zagreb), Man Ray, Maurice Slotine (And\u00e9), Maylis Turtaut (Angoul\u00eame), Romain Reveilhac (And\u00e9), Val\u00e9rie Vaubourg (Lille), \u00c9lodie Wysocki (Lille).<br \/>Et, le Kit guinguette du festival Normandie impressionniste, cr\u00e9\u00e9 par l\u2019artiste Charlotte Vitaioli (Rennes).<\/p><p class=\\\"_texte_page\\\"><br \/>Avec le soutien de la DRAC Normandie, du D\u00e9partement de l\u2019Eure, de l'agglom\u00e9ration Seine-Eure.<br \/>Remerciements \u00e0 la Ville d\u2019And\u00e9, l\u2019association l\u2019and\u00e9enne, la Ville de Louviers, V\u00e9ronique Souben, La Factorie maison de Po\u00e9sie Normandie, Beau Geste et l\u2019Arsenal \u00e0 Val-de-Reuil, Lumi\u00e8re d'ao\u00fbt.<br \/>Avec le soutien de l\u2019ONDA.<\/p>\",\r\n      \"align\": \"bottom\",\r\n      \"row\": 4,\r\n      \"col\": 0,\r\n      \"colspan\": 12,\r\n      \"offsetx\": 0,\r\n      \"offsety\": 0,\r\n      \"spaceabove\": 0,\r\n      \"spacebelow\": 0,\r\n      \"yvel\": 1,\r\n      \"push\": 0,\r\n      \"relid\": 8,\r\n      \"frameOverflow\": \"\"\r\n    }\r\n  ]\r\n}","_links":{"self":[{"href":"https:\/\/pavillon-s.com\/en\/wp-json\/wp\/v2\/pages\/315","targetHints":{"allow":["GET"]}}],"collection":[{"href":"https:\/\/pavillon-s.com\/en\/wp-json\/wp\/v2\/pages"}],"about":[{"href":"https:\/\/pavillon-s.com\/en\/wp-json\/wp\/v2\/types\/page"}],"author":[{"embeddable":true,"href":"https:\/\/pavillon-s.com\/en\/wp-json\/wp\/v2\/users\/1"}],"replies":[{"embeddable":true,"href":"https:\/\/pavillon-s.com\/en\/wp-json\/wp\/v2\/comments?post=315"}],"version-history":[{"count":0,"href":"https:\/\/pavillon-s.com\/en\/wp-json\/wp\/v2\/pages\/315\/revisions"}],"wp:attachment":[{"href":"https:\/\/pavillon-s.com\/en\/wp-json\/wp\/v2\/media?parent=315"}],"curies":[{"name":"wp","href":"https:\/\/api.w.org\/{rel}","templated":true}]}}