{"id":1156,"date":"2025-05-07T18:02:29","date_gmt":"2022-07-04T12:31:45","guid":{"rendered":"https:\/\/pavillon-s.com\/wei-2024-2\/"},"modified":"2026-01-23T16:45:25","modified_gmt":"2026-01-23T15:45:25","slug":"wei-2025","status":"publish","type":"page","link":"https:\/\/pavillon-s.com\/en\/wei-2025\/","title":{"rendered":"wei! 2025"},"content":{"rendered":"","protected":false},"excerpt":{"rendered":"","protected":false},"author":1,"featured_media":0,"parent":0,"menu_order":9,"comment_status":"closed","ping_status":"closed","template":"","meta":[],"class_list":["post-1156","page","type-page","status-publish","hentry"],"grid":"{\r\n  \"colCount\": 12,\r\n  \"colGutter\": 1,\r\n  \"rowGutters\": [\r\n    1,\r\n    1,\r\n    1\r\n  ],\r\n  \"frameMargin\": 5,\r\n  \"leftFrameMargin\": 2.5,\r\n  \"rightFrameMargin\": 5,\r\n  \"topFrameMargin\": 180,\r\n  \"bottomFrameMargin\": 5,\r\n  \"rowAttrs\": [\r\n    {\r\n      \"relid\": 1\r\n    },\r\n    {\r\n      \"relid\": 2\r\n    },\r\n    {\r\n      \"relid\": 3\r\n    },\r\n    {\r\n      \"relid\": 10\r\n    }\r\n  ],\r\n  \"bgColor\": null,\r\n  \"bgImage\": null,\r\n  \"cont\": [\r\n    {\r\n      \"type\": \"text\",\r\n      \"cont\": \"<h1 class=\\\"_titre_page\\\"><a href=\\\"http:\/\/pavillon-s.com\/wei\/\\\" data-type=\\\"page\\\" data-id=\\\"76\\\" data-title=\\\"wei!\\\">Wei! 2025<\/a><\/h1>\",\r\n      \"align\": \"top\",\r\n      \"row\": 0,\r\n      \"col\": 0,\r\n      \"colspan\": 7,\r\n      \"offsetx\": 0,\r\n      \"offsety\": 0,\r\n      \"spaceabove\": 0,\r\n      \"spacebelow\": 0,\r\n      \"yvel\": 1,\r\n      \"push\": 0,\r\n      \"relid\": 4,\r\n      \"frameOverflow\": \"\"\r\n    },\r\n    {\r\n      \"type\": \"text\",\r\n      \"cont\": \"<h1 class=\\\"_lien_page\\\"><a href=\\\"https:\/\/pavillon-s.com\/wei-artistes-projets-2025\/\\\" data-type=\\\"page\\\" data-id=\\\"1281\\\" data-title=\\\"Wei artistes projets 2025\\\"><span style=\\\"color: #ff00ff;\\\">wei! \/ artistes projets<\/span><\/a><\/h1>\",\r\n      \"align\": \"top\",\r\n      \"row\": 1,\r\n      \"col\": 0,\r\n      \"colspan\": 8,\r\n      \"offsetx\": 0,\r\n      \"offsety\": 0,\r\n      \"spaceabove\": 0,\r\n      \"spacebelow\": 0,\r\n      \"yvel\": 1,\r\n      \"push\": 0,\r\n      \"relid\": 7,\r\n      \"frameOverflow\": \"\"\r\n    },\r\n    {\r\n      \"type\": \"text\",\r\n      \"cont\": \"<h1 class=\\\"_lien_page\\\"><a href=\\\"https:\/\/pavillon-s.com\/wei-2025-infos-pratiques\/\\\" data-type=\\\"page\\\" data-id=\\\"1279\\\" data-title=\\\"wei infos pratiques 2025\\\"><span style=\\\"color: #ff00ff;\\\">wei! \/ info pratiques<\/span><\/a><\/h1>\",\r\n      \"align\": \"middle\",\r\n      \"row\": 2,\r\n      \"col\": 0,\r\n      \"colspan\": 8,\r\n      \"offsetx\": 0,\r\n      \"offsety\": 0,\r\n      \"spaceabove\": 0,\r\n      \"spacebelow\": 0,\r\n      \"yvel\": 1,\r\n      \"push\": 0,\r\n      \"relid\": 9,\r\n      \"frameOverflow\": \"\"\r\n    },\r\n    {\r\n      \"type\": \"text\",\r\n      \"cont\": \"<p class=\\\"_texte_page\\\"><span style=\\\"text-decoration: underline;\\\"><a href=\\\"http:\/\/pavillon-s.com\/wp-content\/uploads\/2025\/07\/WEI25_DEPLI-A4.pdf\\\">Click here to download the program<\/a><\/span><\/p><p><span style=\\\"text-decoration: underline; font-size: 20px; color: #ff0000;\\\"><span style=\\\"font-size: 16px;\\\">Click here to discover the 5th edition of WEI in video!\u00a0<\/span><\/span><\/p><p class=\\\"_texte_page\\\">19, 20, 21 September 2025 in And\u00e9 \/ European Heritage Days<\/p><p class=\\\"_texte_page\\\"><a href=\\\"http:\/\/www.moulinande.com\/\\\"><u>Moulin d'And\u00e9<\/u><\/a> \u2013 <a href=\\\"https:\/\/moulinande.com\/ceci-presentation\/\\\"><u>C\u00c9CI, Centre des \u00e9critures cin\u00e9matographiques<\/u><\/a> -<u> <\/u><a href=\\\"https:\/\/pavillon-s.com\/le-fruit-integral\/\\\"><u>Le fruit int\u00e9gral<\/u><\/a><\/p><p class=\\\"_texte_page\\\">65 and 74 rue du Moulin \u2013 27430 And\u00e9<\/p><p class=\\\"_texte_page\\\">For news and the latest information, find us on <a href=\\\"http:\/\/facebook.com\/pavillons2776\\\"><u>Facebook<\/u><\/a> or <a href=\\\"https:\/\/www.instagram.com\/pavillon.s_e_vo_dinh\/?hl=fr\\\"><u>Instagram<\/u><\/a>.<\/p><p class=\\\"_texte_page\\\">During Matrimoine and Heritage Days, come and visit the parks of Moulin d'And\u00e9 and Fruit int\u00e9gral and discover contemporary artworks, choreographic, musical and theatrical performances, as well as dance and yoga workshops open to all.<\/p><p class=\\\"_texte_page\\\">Free admission<\/p><p class=\\\"_texte_page\\\">For further details and informationcontact@pavillon-s.com\/06 59 70 08 41<\/p><p class=\\\"_texte_page\\\">With<\/p><p class=\\\"_texte_page\\\">- <b>for the performing arts and cinema<\/b><\/p><p class=\\\"_texte_page\\\">Nicole Genovese (Paris), Malgven Gerbes and Laure Delamotte-Legrand (Le Havre), Hubert Michel (Darn\u00e9tal), Ashley Chen and Pierre Le Bourgeois (Caen), St\u00e9phane Norbert (Alizay), Emmanuelle Vo-Dinh (Rouen, And\u00e9), Maxence Vassilievitch (Paris).<\/p><p class=\\\"_texte_page\\\"><b>- for artistic practices<\/b><\/p><p class=\\\"_texte_page\\\">Violette Ang\u00e9 (Paris), Jeanne Lakits (Noards), Caroline Ribeiro (Louviers)<\/p><p class=\\\"_texte_page\\\"><b>- for visual arts<\/b><\/p><p class=\\\"_texte_page\\\">Marti Folio (Dieppe), La fratrie (Paris), Robuste Odin (Pont-Audemer), Laurent Le Penru (Alizay), Georges Lucas (USA), Laurent Martin (Rouen), Vincent Mauger (Nantes), Nicolas Momein (Paris), Hans Walter M\u00fcller (La Fert\u00e9-Allais), Florian Pugnaire &amp; David Raffini (Nice), Maurice Slotine (And\u00e9), Maylis Turtaut (Angoul\u00eame), Romain Reveilhac (And\u00e9).<\/p><p class=\\\"_texte_page\\\"><b>- for heritage and architecture<\/b><\/p><p class=\\\"_texte_page\\\">Discovery tours of the Mill with friends from the Mill's cultural association<\/p><p class=\\\"_texte_page\\\">The inauguration of Jean-Benjamin Maneval's <i>Bulle six coques<\/i> (1968)<\/p><p class=\\\"_texte_page\\\">The inauguration of <i>aLuminae <\/i>(the magician's hut) by Pierre Canet, created by students from the \u00c9cole Nationale Sup\u00e9rieure d'Architecture de Nantes (ENSA), Solid Thinking Master's Studio, under the direction of Michel Bertreux (senior lecturer), Freddy Bernard (senior lecturer) and Francis Miguet (professor).<\/p><p class=\\\"_texte_page\\\">With the support of DRAC Normandie, the Department of Eure and the Seine-Eure agglomeration.<\/p><p class=\\\"_texte_page\\\">An event labelled France Design Week.<\/p><p class=\\\"_texte_page\\\">With the support of NPC - Alizay.<\/p><p class=\\\"_texte_page\\\">The ORUKAMI show is supported by SPEDIDAM.<\/p><p class=\\\"_texte_page\\\">Thanks to Maurice Slotine, the City of And\u00e9, the And\u00e9enne association, the friends of the Moulin d'And\u00e9 cultural association, Nathalie Dionis and Solenne Racap\u00e9.<\/p>\",\r\n      \"align\": \"top\",\r\n      \"row\": 3,\r\n      \"col\": 0,\r\n      \"colspan\": 11,\r\n      \"offsetx\": 0,\r\n      \"offsety\": 0,\r\n      \"spaceabove\": 0,\r\n      \"spacebelow\": 0,\r\n      \"yvel\": 1,\r\n      \"push\": 0,\r\n      \"relid\": 8,\r\n      \"frameOverflow\": \"\"\r\n    }\r\n  ]\r\n}","phonegrid":"{\r\n  \"colCount\": 12,\r\n  \"colGutter\": 1,\r\n  \"rowGutters\": [\r\n    5,\r\n    \"2\",\r\n    \"2\"\r\n  ],\r\n  \"frameMargin\": 5,\r\n  \"leftFrameMargin\": 5,\r\n  \"rightFrameMargin\": 5,\r\n  \"topFrameMargin\": \"15\",\r\n  \"bottomFrameMargin\": 5,\r\n  \"rowAttrs\": [\r\n    {\r\n      \"relid\": 11\r\n    },\r\n    {\r\n      \"relid\": 12\r\n    },\r\n    {\r\n      \"relid\": 13\r\n    },\r\n    {\r\n      \"relid\": 14\r\n    }\r\n  ],\r\n  \"bgColor\": null,\r\n  \"bgImage\": null,\r\n  \"cont\": [\r\n    {\r\n      \"type\": \"text\",\r\n      \"cont\": \"<h1 class=\\\"_titre_page\\\"><a href=\\\"http:\/\/pavillon-s.com\/wei\/\\\" data-type=\\\"page\\\" data-id=\\\"76\\\" data-title=\\\"wei!\\\">Wei! 2025<\/a><\/h1>\",\r\n      \"align\": \"bottom\",\r\n      \"row\": 0,\r\n      \"col\": 0,\r\n      \"colspan\": 12,\r\n      \"offsetx\": 0,\r\n      \"offsety\": 0,\r\n      \"spaceabove\": 0,\r\n      \"spacebelow\": 0,\r\n      \"yvel\": 1,\r\n      \"push\": 0,\r\n      \"relid\": 4,\r\n      \"frameOverflow\": \"\"\r\n    },\r\n    {\r\n      \"type\": \"text\",\r\n      \"cont\": \"<h1 class=\\\"_lien_page\\\"><a href=\\\"https:\/\/pavillon-s.com\/wei-artistes-projets-2025\/\\\" data-type=\\\"page\\\" data-id=\\\"1281\\\" data-title=\\\"Wei artistes projets 2025\\\"><span style=\\\"color: #ff00ff;\\\">wei! \/ artistes projets<\/span><\/a><\/h1>\",\r\n      \"align\": \"top\",\r\n      \"row\": 1,\r\n      \"col\": 0,\r\n      \"colspan\": 12,\r\n      \"offsetx\": 0,\r\n      \"offsety\": 0,\r\n      \"spaceabove\": 0,\r\n      \"spacebelow\": 0,\r\n      \"yvel\": 1,\r\n      \"push\": 0,\r\n      \"relid\": 5,\r\n      \"dosync\": false\r\n    },\r\n    {\r\n      \"type\": \"text\",\r\n      \"cont\": \"<h1 class=\\\"_lien_page\\\"><a href=\\\"https:\/\/pavillon-s.com\/wei-2025-infos-pratiques\/\\\" data-type=\\\"page\\\" data-id=\\\"1279\\\" data-title=\\\"wei infos pratiques 2025\\\"><span style=\\\"color: #ff00ff;\\\">wei! \/ info pratiques<\/span><\/a><\/h1>\",\r\n      \"align\": \"bottom\",\r\n      \"row\": 2,\r\n      \"col\": 0,\r\n      \"colspan\": 12,\r\n      \"offsetx\": 0,\r\n      \"offsety\": 0,\r\n      \"spaceabove\": 0,\r\n      \"spacebelow\": 0,\r\n      \"yvel\": 1,\r\n      \"push\": 0,\r\n      \"relid\": 6,\r\n      \"frameOverflow\": \"\",\r\n      \"dosync\": false\r\n    },\r\n    {\r\n      \"type\": \"text\",\r\n      \"cont\": \"<p class=\\\"_texte_page\\\"><span style=\\\"text-decoration: underline;\\\"><a href=\\\"http:\/\/pavillon-s.com\/wp-content\/uploads\/2025\/07\/WEI25_DEPLI-A4.pdf\\\">Click here to download the program<\/a><\/span><\/p><p><span style=\\\"text-decoration: underline; font-size: 20px; color: #ff0000;\\\"><span style=\\\"font-size: 16px;\\\">Click here to discover the 5th edition of WEI in video!\u00a0<\/span><\/span><\/p><p class=\\\"_texte_page\\\">19, 20, 21 September 2025 in And\u00e9 \/ European Heritage Days<\/p><p class=\\\"_texte_page\\\"><a href=\\\"http:\/\/www.moulinande.com\/\\\"><u>Moulin d'And\u00e9<\/u><\/a> \u2013 <a href=\\\"https:\/\/moulinande.com\/ceci-presentation\/\\\"><u>C\u00c9CI, Centre des \u00e9critures cin\u00e9matographiques<\/u><\/a> -<u> <\/u><a href=\\\"https:\/\/pavillon-s.com\/le-fruit-integral\/\\\"><u>Le fruit int\u00e9gral<\/u><\/a><\/p><p class=\\\"_texte_page\\\">65 and 74 rue du Moulin \u2013 27430 And\u00e9<\/p><p class=\\\"_texte_page\\\">For news and the latest information, find us on <a href=\\\"http:\/\/facebook.com\/pavillons2776\\\"><u>Facebook<\/u><\/a> or <a href=\\\"https:\/\/www.instagram.com\/pavillon.s_e_vo_dinh\/?hl=fr\\\"><u>Instagram<\/u><\/a>.<\/p><p class=\\\"_texte_page\\\">During Matrimoine and Heritage Days, come and visit the parks of Moulin d'And\u00e9 and Fruit int\u00e9gral and discover contemporary artworks, choreographic, musical and theatrical performances, as well as dance and yoga workshops open to all.<\/p><p class=\\\"_texte_page\\\">Free admission<\/p><p class=\\\"_texte_page\\\">For further details and informationcontact@pavillon-s.com\/06 59 70 08 41<\/p><p class=\\\"_texte_page\\\">With<\/p><p class=\\\"_texte_page\\\">- <b>for the performing arts and cinema<\/b><\/p><p class=\\\"_texte_page\\\">Nicole Genovese (Paris), Malgven Gerbes and Laure Delamotte-Legrand (Le Havre), Hubert Michel (Darn\u00e9tal), Ashley Chen and Pierre Le Bourgeois (Caen), St\u00e9phane Norbert (Alizay), Emmanuelle Vo-Dinh (Rouen, And\u00e9), Maxence Vassilievitch (Paris).<\/p><p class=\\\"_texte_page\\\"><b>- for artistic practices<\/b><\/p><p class=\\\"_texte_page\\\">Violette Ang\u00e9 (Paris), Jeanne Lakits (Noards), Caroline Ribeiro (Louviers)<\/p><p class=\\\"_texte_page\\\"><b>- for visual arts<\/b><\/p><p class=\\\"_texte_page\\\">Marti Folio (Dieppe), La fratrie (Paris), Robuste Odin (Pont-Audemer), Laurent Le Penru (Alizay), Georges Lucas (USA), Laurent Martin (Rouen), Vincent Mauger (Nantes), Nicolas Momein (Paris), Hans Walter M\u00fcller (La Fert\u00e9-Allais), Florian Pugnaire &amp; David Raffini (Nice), Maurice Slotine (And\u00e9), Maylis Turtaut (Angoul\u00eame), Romain Reveilhac (And\u00e9).<\/p><p class=\\\"_texte_page\\\"><b>- for heritage and architecture<\/b><\/p><p class=\\\"_texte_page\\\">Discovery tours of the Mill with friends from the Mill's cultural association<\/p><p class=\\\"_texte_page\\\">The inauguration of Jean-Benjamin Maneval's <i>Bulle six coques<\/i> (1968)<\/p><p class=\\\"_texte_page\\\">The inauguration of <i>aLuminae <\/i>(the magician's hut) by Pierre Canet, created by students from the \u00c9cole Nationale Sup\u00e9rieure d'Architecture de Nantes (ENSA), Solid Thinking Master's Studio, under the direction of Michel Bertreux (senior lecturer), Freddy Bernard (senior lecturer) and Francis Miguet (professor).<\/p><p class=\\\"_texte_page\\\">With the support of DRAC Normandie, the Department of Eure and the Seine-Eure agglomeration.<\/p><p class=\\\"_texte_page\\\">An event labelled France Design Week.<\/p><p class=\\\"_texte_page\\\">With the support of NPC - Alizay.<\/p><p class=\\\"_texte_page\\\">The ORUKAMI show is supported by SPEDIDAM.<\/p><p class=\\\"_texte_page\\\">Thanks to Maurice Slotine, the City of And\u00e9, the And\u00e9enne association, the friends of the Moulin d'And\u00e9 cultural association, Nathalie Dionis and Solenne Racap\u00e9.<\/p>\",\r\n      \"align\": \"top\",\r\n      \"row\": 3,\r\n      \"col\": 0,\r\n      \"colspan\": 12,\r\n      \"offsetx\": 0,\r\n      \"offsety\": 0,\r\n      \"spaceabove\": 0,\r\n      \"spacebelow\": 0,\r\n      \"yvel\": 1,\r\n      \"push\": 0,\r\n      \"relid\": 8,\r\n      \"frameOverflow\": \"\"\r\n    }\r\n  ]\r\n}","_links":{"self":[{"href":"https:\/\/pavillon-s.com\/en\/wp-json\/wp\/v2\/pages\/1156","targetHints":{"allow":["GET"]}}],"collection":[{"href":"https:\/\/pavillon-s.com\/en\/wp-json\/wp\/v2\/pages"}],"about":[{"href":"https:\/\/pavillon-s.com\/en\/wp-json\/wp\/v2\/types\/page"}],"author":[{"embeddable":true,"href":"https:\/\/pavillon-s.com\/en\/wp-json\/wp\/v2\/users\/1"}],"replies":[{"embeddable":true,"href":"https:\/\/pavillon-s.com\/en\/wp-json\/wp\/v2\/comments?post=1156"}],"version-history":[{"count":0,"href":"https:\/\/pavillon-s.com\/en\/wp-json\/wp\/v2\/pages\/1156\/revisions"}],"wp:attachment":[{"href":"https:\/\/pavillon-s.com\/en\/wp-json\/wp\/v2\/media?parent=1156"}],"curies":[{"name":"wp","href":"https:\/\/api.w.org\/{rel}","templated":true}]}}