{"id":861,"date":"2024-07-22T08:55:15","date_gmt":"2022-07-04T12:31:45","guid":{"rendered":"http:\/\/pavillon-s.com\/wei-2023-2\/"},"modified":"2024-11-19T12:23:58","modified_gmt":"2024-11-19T11:23:58","slug":"wei-2024","status":"publish","type":"page","link":"http:\/\/pavillon-s.com\/en\/wei-2024\/","title":{"rendered":"wei! 2024"},"content":{"rendered":"","protected":false},"excerpt":{"rendered":"","protected":false},"author":1,"featured_media":0,"parent":0,"menu_order":11,"comment_status":"closed","ping_status":"closed","template":"","meta":[],"class_list":["post-861","page","type-page","status-publish","hentry"],"grid":"{\r\n  \"colCount\": 12,\r\n  \"colGutter\": 1,\r\n  \"rowGutters\": [\r\n    1,\r\n    0.5,\r\n    0.5\r\n  ],\r\n  \"frameMargin\": 5,\r\n  \"leftFrameMargin\": 2.5,\r\n  \"rightFrameMargin\": 5,\r\n  \"topFrameMargin\": 180,\r\n  \"bottomFrameMargin\": 5,\r\n  \"rowAttrs\": [\r\n    {},\r\n    {},\r\n    {},\r\n    {}\r\n  ],\r\n  \"bgColor\": null,\r\n  \"bgImage\": null,\r\n  \"cont\": [\r\n    {\r\n      \"type\": \"text\",\r\n      \"cont\": \"<h1 class=\\\"_titre_page\\\"><a href=\\\"http:\/\/pavillon-s.com\/wei\/\\\" data-type=\\\"page\\\" data-id=\\\"76\\\" data-title=\\\"wei!\\\">Wei! 2024<\/a><\/h1>\",\r\n      \"align\": \"top\",\r\n      \"row\": 0,\r\n      \"col\": 0,\r\n      \"colspan\": 7,\r\n      \"offsetx\": 0,\r\n      \"offsety\": 0,\r\n      \"spaceabove\": 0,\r\n      \"spacebelow\": 0,\r\n      \"yvel\": 1,\r\n      \"push\": 0,\r\n      \"relid\": 4,\r\n      \"frameOverflow\": \"\"\r\n    },\r\n    {\r\n      \"type\": \"text\",\r\n      \"cont\": \"<h1 class=\\\"_lien_page\\\"><a href=\\\"http:\/\/pavillon-s.com\/wei-artistes-projets-2024\/\\\" data-type=\\\"page\\\" data-id=\\\"859\\\" data-title=\\\"Wei artistes projets 2024\\\"><span style=\\\"color: #ff00ff;\\\">wei! \/ artistes projets<\/span><\/a><\/h1>\",\r\n      \"align\": \"top\",\r\n      \"row\": 1,\r\n      \"col\": 0,\r\n      \"colspan\": 8,\r\n      \"offsetx\": 0,\r\n      \"offsety\": 0,\r\n      \"spaceabove\": 0,\r\n      \"spacebelow\": 0,\r\n      \"yvel\": 1,\r\n      \"push\": 0,\r\n      \"relid\": 5\r\n    },\r\n    {\r\n      \"type\": \"text\",\r\n      \"cont\": \"<h1 class=\\\"_lien_page\\\"><a href=\\\"http:\/\/pavillon-s.com\/wei-2024-infos-pratiques\/\\\" data-type=\\\"page\\\" data-id=\\\"863\\\" data-title=\\\"wei infos pratiques 2024\\\"><span style=\\\"color: #ff00ff;\\\">wei! \/ info pratiques<\/span><\/a><\/h1>\",\r\n      \"align\": \"top\",\r\n      \"row\": 2,\r\n      \"col\": 0,\r\n      \"colspan\": 8,\r\n      \"offsetx\": 0,\r\n      \"offsety\": 0,\r\n      \"spaceabove\": 0,\r\n      \"spacebelow\": 0,\r\n      \"yvel\": 1,\r\n      \"push\": 0,\r\n      \"relid\": 6,\r\n      \"frameOverflow\": \"\"\r\n    },\r\n    {\r\n      \"type\": \"text\",\r\n      \"cont\": \"<p class=\\\"_texte_page\\\"><a href=\\\"http:\/\/pavillon-s.com\/wp-content\/uploads\/2024\/08\/WEI24_DEPLIANT_A4_RVB.pdf\\\"><span style=\\\"text-decoration: underline;\\\"><span style=\\\"color: #ff0000; text-decoration: underline;\\\">T\u00e9l\u00e9chargez le programme<\/span><\/span><\/a><br \/><br \/><span style=\\\"text-decoration: underline;\\\"><a rel=\\\"noopener\\\" href=\\\"https:\/\/vimeo.com\/1027371521\\\" target=\\\"_blank\\\"><strong>Retrouvez la troisi\u00e8me \u00e9dition de Wei! Week-end int\u00e9gral en images!<\/strong><\/a><\/span><\/p><p class=\\\"_texte_page\\\"><span style=\\\"color: #ff0000;\\\">WEI ! Week-End Int\u00e9gral #3<\/span><br \/>20, 21, 21 septembre 2024 \u00e0 And\u00e9\u00a0 \/ journ\u00e9es europ\u00e9ennes du patrimoine \/ <span style=\\\"color: #000000;\\\"><a style=\\\"color: #000000;\\\" href=\\\"https:\/\/www.normandie-impressionniste.fr\/fr\/programme\/event\/939\/chambres-de-lumieres\\\"><span style=\\\"text-decoration: underline;\\\">Normandie Impressionniste 2024<\/span><\/a><\/span><br \/><span style=\\\"text-decoration: underline;\\\"><span style=\\\"color: #000000; text-decoration: underline;\\\"><a style=\\\"color: #000000; text-decoration: underline;\\\" rel=\\\"noopener\\\" href=\\\"http:\/\/www.moulinande.com\/\\\" target=\\\"_blank\\\">Moulin d\u2019And\u00e9<\/a><\/span><\/span> \u2013 <span style=\\\"text-decoration: underline;\\\"><span style=\\\"color: #000000; text-decoration: underline;\\\"><a style=\\\"color: #000000; text-decoration: underline;\\\" rel=\\\"noopener\\\" href=\\\"http:\/\/www.moulinande.com\/pages\/creation-cinematographique\/\\\" target=\\\"_blank\\\">C\u00c9CI, Centre des \u00e9critures cin\u00e9matographiques<\/a><\/span><\/span> - Le fruit int\u00e9gral<br \/>65 et 74 rue du Moulin \u2013 27430 And\u00e9<\/p><p class=\\\"_texte_page\\\">Pour les informations de derni\u00e8re minute, retrouvez-nous sur <span style=\\\"text-decoration: underline;\\\"><a rel=\\\"noopener\\\" href=\\\"http:\/\/facebook.com\/pavillons2776\\\" target=\\\"_blank\\\">facebook<\/a><\/span> ou <span style=\\\"text-decoration: underline;\\\"><a href=\\\"https:\/\/www.instagram.com\/pavillon.s_e_vo_dinh\/?hl=fr\\\">instagram<\/a><\/span>.<\/p><p class=\\\"_texte_page\\\">\u00a0<br \/>Un week-end artistique champ\u00eatre, festif et gratuit\u00a0!<br \/>\u00c0 l\u2019occasion des journ\u00e9es europ\u00e9ennes du patrimoine et des \u00e9v\u00e8nements de cl\u00f4ture de <strong><span style=\\\"color: #000000;\\\"><a style=\\\"color: #000000;\\\" href=\\\"https:\/\/www.normandie-impressionniste.fr\/fr\/programme\/event\/939\/chambres-de-lumieres\\\">Normandie Impressionniste 2024<\/a><\/span><\/strong>, venez visiter les parcs du Moulin d\u2019And\u00e9 et du Fruit int\u00e9gral et d\u00e9couvrez \u2013 in situ \u2013 des \u0153uvres plastiques contemporaines, des performances chor\u00e9graphiques, musicales ou cin\u00e9matographiques.<\/p><p class=\\\"_texte_page\\\"><span style=\\\"color: #ff0000;\\\">Entr\u00e9e libre<\/span><br \/>Renseignements et informations <span style=\\\"color: #ff0000;\\\">contact@pavillon-s.com<\/span> \/ <span style=\\\"color: #ff0000;\\\">06 59 70 08 41<\/span><\/p><p class=\\\"_texte_page\\\"><span style=\\\"color: #ff0000;\\\">Avec<\/span> <br \/>- pour les arts vivants<br \/>Pierre Pontvianne (Saint-Etienne), Lisbeth Gruwez &amp; Maarten Van Cauwenberghe (Belgique), Anette Lenz (Paris), C\u00e9line Bozon et Patric Chiha (Paris)*, Laura Dubois (Louviers), \u00c9lodie Wysocki &amp; Vincent Gast\u00e9 (Lille), Maeva Cunci &amp; J\u00e9r\u00e9mie Angouillant (Carcassonne), Camille Mutel (Nancy), Jeanne Lakits (Noards), David Wampach (Montpellier), Camille Bazbaz &amp; Crazy PP(Troyes et Brest), Nicolas Simarik (Paris), Emmanuelle Vo-Dinh (Rouen et And\u00e9).<br \/><br \/>- pour les arts plastiques<br \/><strong>les \u0153uvres de<\/strong> Marti Folio (Dieppe), La fratrie (Paris), Robuste Odin (Pont-Audemer), Laurent Le Penru (Alizay), Georges Lucas (USA), Laurent Martin (Rouen), Vincent Mauger (Nantes), Nicolas Momein (Paris), \u00a0Hans-Walter M\u00fcller (La Fert\u00e9-Alais), Florian Pugnaire &amp; David Raffini (Nice), Maurice Slotine (And\u00e9), Maylis Turtaut (Angoul\u00eame), Romain Reveilhac (And\u00e9).<br \/><strong>le mobilier d'assise<\/strong> de Marco Acerbis, Marc Berthier, Harry Bertoia, Alexander Begge, Luigi Colani, Joe Colombo, Elsie Crawford, Douglas Deed, Stacy Dukes, Aarnio Eero, Patrick Gingembre, Willy Guhl,<span>\u00a0<\/span>Nils Gullov, Roger Landault, Vico Magestrati, Guy Mismaque, Olivier Mourgue, Verner Panton, Dominique Prevost &amp; Favriau, G\u00fcnter Ferdinand Ris &amp; Herbert Selldorf, Philippe Starck, Charles Zublena.<br \/><strong>et une carte blanche \u00e0<\/strong> Julie Faitot, directrice du SHED \u00e0 Maromme.<\/p><p class=\\\"_texte_page\\\">Avec le soutien du D\u00e9partement de l\u2019Eure, de la DRAC Normandie, de l\u2019agglom\u00e9ration Seine-Eure et de l\u2019Onda.<br \/>*Avec le soutien de Normandie Impressionniste pour Chambres de lumi\u00e8res de Patrick Chiha et C\u00e9line Bozon.<br \/>Remerciements \u00e0 la Ville d\u2019And\u00e9, l\u2019association l\u2019and\u00e9enne, aux Tr\u00e9teaux de France et \u00e0 Maurice Slotine.<\/p>\",\r\n      \"align\": \"top\",\r\n      \"row\": 3,\r\n      \"col\": 0,\r\n      \"colspan\": 11,\r\n      \"offsetx\": 0,\r\n      \"offsety\": 0,\r\n      \"spaceabove\": 0,\r\n      \"spacebelow\": 0,\r\n      \"yvel\": 1,\r\n      \"push\": 0,\r\n      \"relid\": 8,\r\n      \"frameOverflow\": \"\"\r\n    }\r\n  ]\r\n}","phonegrid":"{\r\n  \"colCount\": 12,\r\n  \"colGutter\": 1,\r\n  \"rowGutters\": [\r\n    5,\r\n    \"2\",\r\n    \"2\"\r\n  ],\r\n  \"frameMargin\": 5,\r\n  \"leftFrameMargin\": 5,\r\n  \"rightFrameMargin\": 5,\r\n  \"topFrameMargin\": \"15\",\r\n  \"bottomFrameMargin\": 5,\r\n  \"rowAttrs\": [\r\n    {},\r\n    {},\r\n    {},\r\n    {}\r\n  ],\r\n  \"bgColor\": null,\r\n  \"bgImage\": null,\r\n  \"cont\": [\r\n    {\r\n      \"type\": \"text\",\r\n      \"cont\": \"<h1 class=\\\"_titre_page\\\"><a href=\\\"http:\/\/pavillon-s.com\/wei\/\\\" data-type=\\\"page\\\" data-id=\\\"76\\\" data-title=\\\"wei!\\\">Wei! 2024<\/a><\/h1>\",\r\n      \"align\": \"bottom\",\r\n      \"row\": 0,\r\n      \"col\": 0,\r\n      \"colspan\": 12,\r\n      \"offsetx\": 0,\r\n      \"offsety\": 0,\r\n      \"spaceabove\": 0,\r\n      \"spacebelow\": 0,\r\n      \"yvel\": 1,\r\n      \"push\": 0,\r\n      \"relid\": 4,\r\n      \"frameOverflow\": \"\"\r\n    },\r\n    {\r\n      \"type\": \"text\",\r\n      \"cont\": \"<h1 class=\\\"_lien_page\\\"><a href=\\\"http:\/\/pavillon-s.com\/wei-artistes-projets-2024\/\\\" data-type=\\\"page\\\" data-id=\\\"859\\\" data-title=\\\"Wei artistes projets 2024\\\"><span style=\\\"color: #ff00ff;\\\">wei! \/ artistes projets<\/span><\/a><\/h1>\",\r\n      \"align\": \"top\",\r\n      \"row\": 1,\r\n      \"col\": 0,\r\n      \"colspan\": 12,\r\n      \"offsetx\": 0,\r\n      \"offsety\": 0,\r\n      \"spaceabove\": 0,\r\n      \"spacebelow\": 0,\r\n      \"yvel\": 1,\r\n      \"push\": 0,\r\n      \"relid\": 5\r\n    },\r\n    {\r\n      \"type\": \"text\",\r\n      \"cont\": \"<h1 class=\\\"_lien_page\\\"><a href=\\\"http:\/\/pavillon-s.com\/wei-2024-infos-pratiques\/\\\" data-type=\\\"page\\\" data-id=\\\"863\\\" data-title=\\\"wei infos pratiques 2024\\\"><span style=\\\"color: #ff00ff;\\\">wei! \/ info pratiques<\/span><\/a><\/h1>\",\r\n      \"align\": \"bottom\",\r\n      \"row\": 2,\r\n      \"col\": 0,\r\n      \"colspan\": 12,\r\n      \"offsetx\": 0,\r\n      \"offsety\": 0,\r\n      \"spaceabove\": 0,\r\n      \"spacebelow\": 0,\r\n      \"yvel\": 1,\r\n      \"push\": 0,\r\n      \"relid\": 6,\r\n      \"frameOverflow\": \"\"\r\n    },\r\n    {\r\n      \"type\": \"text\",\r\n      \"cont\": \"<p class=\\\"_texte_page\\\"><a href=\\\"http:\/\/pavillon-s.com\/wp-content\/uploads\/2024\/08\/WEI24_DEPLIANT_A4_RVB.pdf\\\"><span style=\\\"text-decoration: underline;\\\"><span style=\\\"color: #ff0000; text-decoration: underline;\\\">T\u00e9l\u00e9chargez le programme<\/span><\/span><\/a><br \/><br \/><span style=\\\"text-decoration: underline;\\\"><a rel=\\\"noopener\\\" href=\\\"https:\/\/vimeo.com\/1027371521\\\" target=\\\"_blank\\\"><strong>Retrouvez la troisi\u00e8me \u00e9dition de Wei! Week-end int\u00e9gral en images!<\/strong><\/a><\/span><\/p><p class=\\\"_texte_page\\\"><span style=\\\"color: #ff0000;\\\">WEI ! Week-End Int\u00e9gral #3<\/span><br \/>20, 21, 21 septembre 2024 \u00e0 And\u00e9\u00a0 \/ journ\u00e9es europ\u00e9ennes du patrimoine \/ <span style=\\\"color: #000000;\\\"><a style=\\\"color: #000000;\\\" href=\\\"https:\/\/www.normandie-impressionniste.fr\/fr\/programme\/event\/939\/chambres-de-lumieres\\\"><span style=\\\"text-decoration: underline;\\\">Normandie Impressionniste 2024<\/span><\/a><\/span><br \/><span style=\\\"text-decoration: underline;\\\"><span style=\\\"color: #000000; text-decoration: underline;\\\"><a style=\\\"color: #000000; text-decoration: underline;\\\" rel=\\\"noopener\\\" href=\\\"http:\/\/www.moulinande.com\/\\\" target=\\\"_blank\\\">Moulin d\u2019And\u00e9<\/a><\/span><\/span> \u2013 <span style=\\\"text-decoration: underline;\\\"><span style=\\\"color: #000000; text-decoration: underline;\\\"><a style=\\\"color: #000000; text-decoration: underline;\\\" rel=\\\"noopener\\\" href=\\\"http:\/\/www.moulinande.com\/pages\/creation-cinematographique\/\\\" target=\\\"_blank\\\">C\u00c9CI, Centre des \u00e9critures cin\u00e9matographiques<\/a><\/span><\/span> - Le fruit int\u00e9gral<br \/>65 et 74 rue du Moulin \u2013 27430 And\u00e9<\/p><p class=\\\"_texte_page\\\">Pour les informations de derni\u00e8re minute, retrouvez-nous sur <span style=\\\"text-decoration: underline;\\\"><a rel=\\\"noopener\\\" href=\\\"http:\/\/facebook.com\/pavillons2776\\\" target=\\\"_blank\\\">facebook<\/a><\/span> ou <span style=\\\"text-decoration: underline;\\\"><a href=\\\"https:\/\/www.instagram.com\/pavillon.s_e_vo_dinh\/?hl=fr\\\">instagram<\/a><\/span>.<\/p><p class=\\\"_texte_page\\\">\u00a0<br \/>Un week-end artistique champ\u00eatre, festif et gratuit\u00a0!<br \/>\u00c0 l\u2019occasion des journ\u00e9es europ\u00e9ennes du patrimoine et des \u00e9v\u00e8nements de cl\u00f4ture de <strong><span style=\\\"color: #000000;\\\"><a style=\\\"color: #000000;\\\" href=\\\"https:\/\/www.normandie-impressionniste.fr\/fr\/programme\/event\/939\/chambres-de-lumieres\\\">Normandie Impressionniste 2024<\/a><\/span><\/strong>, venez visiter les parcs du Moulin d\u2019And\u00e9 et du Fruit int\u00e9gral et d\u00e9couvrez \u2013 in situ \u2013 des \u0153uvres plastiques contemporaines, des performances chor\u00e9graphiques, musicales ou cin\u00e9matographiques.<\/p><p class=\\\"_texte_page\\\"><span style=\\\"color: #ff0000;\\\">Entr\u00e9e libre<\/span><br \/>Renseignements et informations <span style=\\\"color: #ff0000;\\\">contact@pavillon-s.com<\/span> \/ <span style=\\\"color: #ff0000;\\\">06 59 70 08 41<\/span><\/p><p class=\\\"_texte_page\\\"><span style=\\\"color: #ff0000;\\\">Avec<\/span> <br \/>- pour les arts vivants<br \/>Pierre Pontvianne (Saint-Etienne), Lisbeth Gruwez &amp; Maarten Van Cauwenberghe (Belgique), Anette Lenz (Paris), C\u00e9line Bozon et Patric Chiha (Paris)*, Laura Dubois (Louviers), \u00c9lodie Wysocki &amp; Vincent Gast\u00e9 (Lille), Maeva Cunci &amp; J\u00e9r\u00e9mie Angouillant (Carcassonne), Camille Mutel (Nancy), Jeanne Lakits (Noards), David Wampach (Montpellier), Camille Bazbaz &amp; Crazy PP(Troyes et Brest), Nicolas Simarik (Paris), Emmanuelle Vo-Dinh (Rouen et And\u00e9).<br \/><br \/>- pour les arts plastiques<br \/><strong>les \u0153uvres de<\/strong> Marti Folio (Dieppe), La fratrie (Paris), Robuste Odin (Pont-Audemer), Laurent Le Penru (Alizay), Georges Lucas (USA), Laurent Martin (Rouen), Vincent Mauger (Nantes), Nicolas Momein (Paris), \u00a0Hans-Walter M\u00fcller (La Fert\u00e9-Alais), Florian Pugnaire &amp; David Raffini (Nice), Maurice Slotine (And\u00e9), Maylis Turtaut (Angoul\u00eame), Romain Reveilhac (And\u00e9).<br \/><strong>le mobilier d'assise<\/strong> de Marco Acerbis, Marc Berthier, Harry Bertoia, Alexander Begge, Luigi Colani, Joe Colombo, Elsie Crawford, Douglas Deed, Stacy Dukes, Aarnio Eero, Patrick Gingembre, Willy Guhl,<span>\u00a0<\/span>Nils Gullov, Roger Landault, Vico Magestrati, Guy Mismaque, Olivier Mourgue, Verner Panton, Dominique Prevost &amp; Favriau, G\u00fcnter Ferdinand Ris &amp; Herbert Selldorf, Philippe Starck, Charles Zublena.<br \/><strong>et une carte blanche \u00e0<\/strong> Julie Faitot, directrice du SHED \u00e0 Maromme.<\/p><p class=\\\"_texte_page\\\">Avec le soutien du D\u00e9partement de l\u2019Eure, de la DRAC Normandie, de l\u2019agglom\u00e9ration Seine-Eure et de l\u2019Onda.<br \/>*Avec le soutien de Normandie Impressionniste pour Chambres de lumi\u00e8res de Patrick Chiha et C\u00e9line Bozon.<br \/>Remerciements \u00e0 la Ville d\u2019And\u00e9, l\u2019association l\u2019and\u00e9enne, aux Tr\u00e9teaux de France et \u00e0 Maurice Slotine.<\/p>\",\r\n      \"align\": \"top\",\r\n      \"row\": 3,\r\n      \"col\": 0,\r\n      \"colspan\": 12,\r\n      \"offsetx\": 0,\r\n      \"offsety\": 0,\r\n      \"spaceabove\": 0,\r\n      \"spacebelow\": 0,\r\n      \"yvel\": 1,\r\n      \"push\": 0,\r\n      \"relid\": 8,\r\n      \"frameOverflow\": \"\"\r\n    }\r\n  ]\r\n}","_links":{"self":[{"href":"http:\/\/pavillon-s.com\/en\/wp-json\/wp\/v2\/pages\/861","targetHints":{"allow":["GET"]}}],"collection":[{"href":"http:\/\/pavillon-s.com\/en\/wp-json\/wp\/v2\/pages"}],"about":[{"href":"http:\/\/pavillon-s.com\/en\/wp-json\/wp\/v2\/types\/page"}],"author":[{"embeddable":true,"href":"http:\/\/pavillon-s.com\/en\/wp-json\/wp\/v2\/users\/1"}],"replies":[{"embeddable":true,"href":"http:\/\/pavillon-s.com\/en\/wp-json\/wp\/v2\/comments?post=861"}],"version-history":[{"count":0,"href":"http:\/\/pavillon-s.com\/en\/wp-json\/wp\/v2\/pages\/861\/revisions"}],"wp:attachment":[{"href":"http:\/\/pavillon-s.com\/en\/wp-json\/wp\/v2\/media?parent=861"}],"curies":[{"name":"wp","href":"https:\/\/api.w.org\/{rel}","templated":true}]}}