{"id":710,"date":"2024-04-08T11:02:11","date_gmt":"2022-07-04T12:31:45","guid":{"rendered":"http:\/\/pavillon-s.com\/roumare-artistes-projets-2\/"},"modified":"2024-10-15T15:07:13","modified_gmt":"2024-10-15T13:07:13","slug":"roumare-artistes-projets-2024","status":"publish","type":"page","link":"http:\/\/pavillon-s.com\/en\/roumare-artistes-projets-2024\/","title":{"rendered":"Pavillon-s t\u00e9moins Boucle de Roumare artistes projets 2024"},"content":{"rendered":"","protected":false},"excerpt":{"rendered":"","protected":false},"author":1,"featured_media":0,"parent":0,"menu_order":15,"comment_status":"closed","ping_status":"closed","template":"","meta":[],"class_list":["post-710","page","type-page","status-publish","hentry"],"grid":"{\r\n  \"colCount\": 12,\r\n  \"colGutter\": 1,\r\n  \"rowGutters\": [\r\n    1,\r\n    2,\r\n    0.5,\r\n    0.5,\r\n    0.5,\r\n    0.5,\r\n    0.5,\r\n    0.5,\r\n    0.5,\r\n    0.5,\r\n    0.5,\r\n    0.5,\r\n    0.5\r\n  ],\r\n  \"frameMargin\": 5,\r\n  \"leftFrameMargin\": 2.5,\r\n  \"rightFrameMargin\": 5,\r\n  \"topFrameMargin\": 180,\r\n  \"bottomFrameMargin\": 5,\r\n  \"rowAttrs\": [\r\n    {},\r\n    {},\r\n    {},\r\n    {},\r\n    {},\r\n    {},\r\n    {},\r\n    {},\r\n    {},\r\n    {},\r\n    {},\r\n    {},\r\n    {},\r\n    {}\r\n  ],\r\n  \"bgColor\": null,\r\n  \"bgImage\": null,\r\n  \"cont\": [\r\n    {\r\n      \"type\": \"text\",\r\n      \"cont\": \"<h1 class=\\\"_menu_home\\\"><a href=\\\"http:\/\/pavillon-s.com\/pavillon-s-temoins-2024\/\\\" data-type=\\\"page\\\" data-id=\\\"319\\\" data-title=\\\"Pavillon-s t\u00e9moins 2024\\\">Pavillon-s t\u00e9moins, Boucle de Roumare<\/a><\/h1>\",\r\n      \"align\": \"top\",\r\n      \"row\": 0,\r\n      \"col\": 0,\r\n      \"colspan\": 12,\r\n      \"offsetx\": 0,\r\n      \"offsety\": 0,\r\n      \"spaceabove\": 0,\r\n      \"spacebelow\": 0,\r\n      \"yvel\": 1,\r\n      \"push\": 0,\r\n      \"relid\": 4\r\n    },\r\n    {\r\n      \"type\": \"text\",\r\n      \"cont\": \"<h1 class=\\\"_titre_rose\\\">Artistes, projets<\/h1>\",\r\n      \"align\": \"top\",\r\n      \"row\": 1,\r\n      \"col\": 0,\r\n      \"colspan\": 11,\r\n      \"offsetx\": 0,\r\n      \"offsety\": 0,\r\n      \"spaceabove\": 0,\r\n      \"spacebelow\": 0,\r\n      \"yvel\": 1,\r\n      \"push\": 0,\r\n      \"relid\": 17,\r\n      \"frameOverflow\": \"\"\r\n    },\r\n    {\r\n      \"type\": \"text\",\r\n      \"cont\": \"<h1 class=\\\"_Titre_spectacle\\\"><span style=\\\"color: #1500f6;\\\"><span style=\\\"color: #0000ff;\\\"><a style=\\\"color: #0000ff;\\\" href=\\\"http:\/\/pavillon-s.com\/roumare_viesdegrenier\/\\\" data-type=\\\"project\\\" data-id=\\\"747\\\" data-title=\\\"Pavillon-s t\u00e9moins Vies de grenier Roumare 2024\\\" data-catid=\\\"[3]\\\" data-hoverimageid=\\\"981\\\" data-hoverimagesmallsrc=\\\"\/wp-content\/uploads\/2024\/04\/Viesdegrenier_Roumare\u00a9MarieSerresGiancotti.IMG_9726-265x205.jpg\\\">Collectif embuscade <em>Vies de grenier<\/em><\/a><\/span><span style=\\\"color: #000000;\\\"><br \/><\/span><\/span><\/h1>\",\r\n      \"align\": \"top\",\r\n      \"row\": 2,\r\n      \"col\": 0,\r\n      \"colspan\": 10,\r\n      \"offsetx\": 0,\r\n      \"offsety\": 0,\r\n      \"spaceabove\": 0,\r\n      \"spacebelow\": 0,\r\n      \"yvel\": 1,\r\n      \"push\": 0,\r\n      \"relid\": 303\r\n    },\r\n    {\r\n      \"type\": \"text\",\r\n      \"cont\": \"<h1 class=\\\"_Titre_spectacle\\\"><span style=\\\"color: #0000ff;\\\"><a style=\\\"color: #0000ff;\\\" href=\\\"http:\/\/pavillon-s.com\/roumarefranqueville_leseldelavie\/\\\" data-type=\\\"project\\\" data-id=\\\"736\\\" data-title=\\\"Pavillon-s t\u00e9moins Le sel de la vie Roumare et Franqueville 2024\\\" data-catid=\\\"[3]\\\" data-hoverimageid=\\\"985\\\" data-hoverimagesmallsrc=\\\"\/wp-content\/uploads\/2024\/04\/Leseldelavie_Roumare\u00a9MarieSerresGiancotti.IMG_9620-265x177.jpg\\\">Camille Mutel <em>Le sel de la vie<\/em><\/a><\/span><\/h1>\",\r\n      \"align\": \"top\",\r\n      \"row\": 3,\r\n      \"col\": 0,\r\n      \"colspan\": 7,\r\n      \"offsetx\": 0,\r\n      \"offsety\": 0,\r\n      \"spaceabove\": 0,\r\n      \"spacebelow\": 0,\r\n      \"yvel\": 1,\r\n      \"push\": 0,\r\n      \"relid\": 8\r\n    },\r\n    {\r\n      \"type\": \"text\",\r\n      \"cont\": \"<h1 class=\\\"_Titre_spectacle\\\"><span style=\\\"color: #0000ff;\\\"><a style=\\\"color: #0000ff;\\\" href=\\\"http:\/\/pavillon-s.com\/roumarefranqueville_not_i\/\\\" data-type=\\\"project\\\" data-id=\\\"739\\\" data-title=\\\"Pavillon-s t\u00e9moins Not I Roumare et Franqueville 2024\\\" data-catid=\\\"[3]\\\" data-hoverimageid=\\\"943\\\" data-hoverimagesmallsrc=\\\"\/wp-content\/uploads\/2024\/04\/Not-I-\u00a9Capucine-Baranes-5915-265x149.jpg\\\">Camille Mutel <em>Not I<\/em><\/a><\/span><\/h1>\",\r\n      \"align\": \"top\",\r\n      \"row\": 4,\r\n      \"col\": 0,\r\n      \"colspan\": 7,\r\n      \"offsetx\": 0,\r\n      \"offsety\": 0,\r\n      \"spaceabove\": 0,\r\n      \"spacebelow\": 0,\r\n      \"yvel\": 1,\r\n      \"push\": 0,\r\n      \"relid\": 16,\r\n      \"frameOverflow\": \"\"\r\n    },\r\n    {\r\n      \"type\": \"text\",\r\n      \"cont\": \"<h1 class=\\\"_Titre_spectacle\\\"><a href=\\\"http:\/\/pavillon-s.com\/roumaregrandmare_kernel-matiere\/\\\" data-type=\\\"project\\\" data-id=\\\"766\\\" data-title=\\\"Pavillon-s t\u00e9moins 2024 Roumare et Grand'Mare KERNEL - mati\u00e8re\\\" data-catid=\\\"[10]\\\" data-hoverimageid=\\\"1033\\\" data-hoverimagesmallsrc=\\\"\/wp-content\/uploads\/2024\/04\/KERNELmatiere_Roumare\u00a9MarieSerresGiancotti.IMG_0267-265x177.jpg\\\"><span style=\\\"color: #1500f6;\\\">Pierre Pontvianne <em>KERNEL - mati\u00e8re<\/em><\/span><\/a><\/h1>\",\r\n      \"align\": \"top\",\r\n      \"row\": 5,\r\n      \"col\": 0,\r\n      \"colspan\": 8,\r\n      \"offsetx\": 0,\r\n      \"offsety\": 0,\r\n      \"spaceabove\": 0,\r\n      \"spacebelow\": 0,\r\n      \"yvel\": 1,\r\n      \"push\": 0,\r\n      \"relid\": 10\r\n    },\r\n    {\r\n      \"type\": \"text\",\r\n      \"cont\": \"<h1 class=\\\"_Titre_spectacle\\\"><span style=\\\"color: #1500f6;\\\"><span style=\\\"color: #0000ff;\\\"><a style=\\\"color: #0000ff;\\\" href=\\\"http:\/\/pavillon-s.com\/roumare_cabinetdecuriositessonores\/\\\" data-type=\\\"project\\\" data-id=\\\"752\\\" data-title=\\\"Pavillon-s t\u00e9moins Cabinet de curiosit\u00e9s Roumare 2024\\\" data-catid=\\\"[3]\\\" data-hoverimageid=\\\"1015\\\" data-hoverimagesmallsrc=\\\"\/wp-content\/uploads\/2024\/04\/Cabinetdecuriositessonores\u00a9MarieSerresGiancotti1-265x149.png\\\">St\u00e9phane Norbert <em>Cabinet de curiosit\u00e9s sonores<\/em><\/a><\/span><br \/><\/span><\/h1>\",\r\n      \"align\": \"top\",\r\n      \"row\": 6,\r\n      \"col\": 0,\r\n      \"colspan\": 12,\r\n      \"offsetx\": 0,\r\n      \"offsety\": 0,\r\n      \"spaceabove\": 0,\r\n      \"spacebelow\": 0,\r\n      \"yvel\": 1,\r\n      \"push\": 0,\r\n      \"relid\": 5,\r\n      \"frameOverflow\": \"\"\r\n    },\r\n    {\r\n      \"type\": \"text\",\r\n      \"cont\": \"<h1 class=\\\"_Titre_spectacle\\\"><span style=\\\"color: #1500f6;\\\"><a href=\\\"http:\/\/pavillon-s.com\/roumare_orukami\/\\\" data-type=\\\"project\\\" data-id=\\\"722\\\" data-title=\\\"Pavillon-s t\u00e9moins ORUKAMI Roumare 2024\\\" data-catid=\\\"[3]\\\" data-hoverimageid=\\\"1038\\\" data-hoverimagesmallsrc=\\\"\/wp-content\/uploads\/2024\/04\/Arcanespaysage\u00a9MarieSerresGiancotti.IMG_8951-265x177.jpg\\\"><span style=\\\"color: #0000ff;\\\">Emmanuelle Vo-Dinh <em>ORUKAMI<\/em><\/span><\/a><span style=\\\"color: #000000;\\\"><br \/><\/span><\/span><\/h1>\",\r\n      \"align\": \"top\",\r\n      \"row\": 7,\r\n      \"col\": 0,\r\n      \"colspan\": 10,\r\n      \"offsetx\": 0,\r\n      \"offsety\": 0,\r\n      \"spaceabove\": 0,\r\n      \"spacebelow\": 0,\r\n      \"yvel\": 1,\r\n      \"push\": 0,\r\n      \"relid\": 11,\r\n      \"frameOverflow\": \"\"\r\n    },\r\n    {\r\n      \"type\": \"text\",\r\n      \"cont\": \"<h1 class=\\\"_Titre_spectacle\\\"><span style=\\\"color: #0000ff;\\\"><a style=\\\"color: #0000ff;\\\" href=\\\"http:\/\/pavillon-s.com\/roumaregrandmare_rock_it\/\\\" data-type=\\\"project\\\" data-id=\\\"770\\\" data-title=\\\"Pavillon-s t\u00e9moins Rock it! Roumare et Grand'Mare 2024\\\" data-catid=\\\"[3]\\\" data-hoverimageid=\\\"970\\\" data-hoverimagesmallsrc=\\\"\/wp-content\/uploads\/2024\/04\/Rockit\u00a9EmmanuelleVo-Dinh.IMG_5324.HERockit\u00a9EmmanuelleVo-Dinh.IC_-265x204.png\\\">Camille Bazbaz &amp; Crazy PP <em>Rock it !<\/em><\/a><\/span><\/h1>\",\r\n      \"align\": \"top\",\r\n      \"row\": 8,\r\n      \"col\": 0,\r\n      \"colspan\": 8,\r\n      \"offsetx\": 0,\r\n      \"offsety\": 0,\r\n      \"spaceabove\": 0,\r\n      \"spacebelow\": 0,\r\n      \"yvel\": 1,\r\n      \"push\": 0,\r\n      \"relid\": 7\r\n    },\r\n    {\r\n      \"type\": \"text\",\r\n      \"cont\": \"<h1 class=\\\"_Titre_spectacle\\\"><span style=\\\"color: #1500f6;\\\"><span style=\\\"color: #0000ff;\\\"><a style=\\\"color: #0000ff;\\\" href=\\\"http:\/\/pavillon-s.com\/pavillonstemoins_correspondances\/\\\" data-type=\\\"project\\\" data-id=\\\"743\\\" data-title=\\\"Pavillon-s t\u00e9moins Correspondances 2024\\\" data-catid=\\\"[3]\\\" data-hoverimageid=\\\"939\\\" data-hoverimagesmallsrc=\\\"\/wp-content\/uploads\/2024\/04\/Correspondances@Perrine_Belon5-265x199.jpg\\\">L. Delamotte-Legrand <em>Correspondances<\/em><\/a><\/span><br \/><\/span><\/h1>\",\r\n      \"align\": \"top\",\r\n      \"row\": 9,\r\n      \"col\": 0,\r\n      \"colspan\": 8,\r\n      \"offsetx\": 0,\r\n      \"offsety\": 0,\r\n      \"spaceabove\": 0,\r\n      \"spacebelow\": 0,\r\n      \"yvel\": 1,\r\n      \"push\": 0,\r\n      \"relid\": 15\r\n    },\r\n    {\r\n      \"type\": \"text\",\r\n      \"cont\": \"<h1 class=\\\"_Titre_spectacle\\\"><a href=\\\"http:\/\/pavillon-s.com\/roumare_arcanespaysage\/\\\" data-type=\\\"project\\\" data-id=\\\"733\\\" data-title=\\\"Pavillon-s t\u00e9moins ARCANES paysage Roumare 2024\\\" data-catid=\\\"[3]\\\"><span style=\\\"color: #0000ff;\\\">E. Vo-Dinh <em>ARCANES paysage<\/em><\/span><\/a><\/h1>\",\r\n      \"align\": \"top\",\r\n      \"row\": 10,\r\n      \"col\": 0,\r\n      \"colspan\": 7,\r\n      \"offsetx\": 0,\r\n      \"offsety\": 0,\r\n      \"spaceabove\": 0,\r\n      \"spacebelow\": 0,\r\n      \"yvel\": 1,\r\n      \"push\": 0,\r\n      \"relid\": 9\r\n    },\r\n    {\r\n      \"type\": \"text\",\r\n      \"cont\": \"<h1 class=\\\"_Titre_spectacle\\\"><span style=\\\"color: #1500f6;\\\"><span style=\\\"color: #0000ff;\\\"><a style=\\\"color: #0000ff;\\\" href=\\\"http:\/\/pavillon-s.com\/pavillonstemoine_japporteledessert\/\\\" data-type=\\\"project\\\" data-id=\\\"755\\\" data-title=\\\"Pavillon-s t\u00e9moins J'apporte le dessert 2024\\\" data-catid=\\\"[3]\\\" data-hoverimageid=\\\"991\\\" data-hoverimagesmallsrc=\\\"\/wp-content\/uploads\/2024\/04\/Aquoicasert_Roumare\u00a9MarieSerresGiancotti.IMG_9934-265x177.jpg\\\">Yoann Thommerel <em>J'apporte le dessert<\/em><\/a><\/span><br \/><\/span><\/h1>\",\r\n      \"align\": \"top\",\r\n      \"row\": 11,\r\n      \"col\": 0,\r\n      \"colspan\": 10,\r\n      \"offsetx\": 0,\r\n      \"offsety\": 0,\r\n      \"spaceabove\": 0,\r\n      \"spacebelow\": 0,\r\n      \"yvel\": 1,\r\n      \"push\": 0,\r\n      \"relid\": 18\r\n    },\r\n    {\r\n      \"type\": \"text\",\r\n      \"cont\": \"<h1 class=\\\"_Titre_spectacle\\\"><span style=\\\"color: #1500f6;\\\"><span style=\\\"color: #0000ff;\\\"><a style=\\\"color: #0000ff;\\\" href=\\\"http:\/\/pavillon-s.com\/pavillonstemoins_aquoicasert\/\\\" data-type=\\\"project\\\" data-id=\\\"758\\\" data-title=\\\"Pavillon-s t\u00e9moins \u00c0 quoi \u00e7a sert 2024\\\" data-catid=\\\"[3]\\\" data-hoverimageid=\\\"990\\\" data-hoverimagesmallsrc=\\\"\/wp-content\/uploads\/2024\/04\/A_quoi_ca_sert@Solenne_Racape-265x199.jpg\\\">Yoann Thommerel <em>\u00c0 quoi \u00e7a sert d'aller au restaurant si c'est pour manger \u00e7a?<\/em><\/a><\/span><br \/><\/span><\/h1>\",\r\n      \"align\": \"top\",\r\n      \"row\": 12,\r\n      \"col\": 0,\r\n      \"colspan\": 9,\r\n      \"offsetx\": 0,\r\n      \"offsety\": 0,\r\n      \"spaceabove\": 0,\r\n      \"spacebelow\": 0,\r\n      \"yvel\": 1,\r\n      \"push\": 0,\r\n      \"relid\": 19,\r\n      \"frameOverflow\": \"\"\r\n    },\r\n    {\r\n      \"type\": \"text\",\r\n      \"cont\": \"<h1 class=\\\"_Titre_spectacle\\\"><span style=\\\"color: #1500f6;\\\"><a href=\\\"http:\/\/pavillon-s.com\/roumare_banquet\/\\\" data-type=\\\"project\\\" data-id=\\\"761\\\" data-title=\\\"Pavillon-s t\u00e9moins Banquet Roumare 2024\\\" data-catid=\\\"[3]\\\" data-hoverimageid=\\\"998\\\" data-hoverimagesmallsrc=\\\"\/wp-content\/uploads\/2024\/04\/Banquet\u00a9EmmanuelleVo-Dinh.IMG_5499.HEBanquet\u00a9EmmanuelleVo-Dinh.IC_-265x199.jpg\\\"><span style=\\\"color: #0000ff;\\\">Nicolas Simarik <em>Cuisine et Banquet<\/em><\/span><\/a><br \/><\/span><\/h1>\",\r\n      \"align\": \"top\",\r\n      \"row\": 13,\r\n      \"col\": 0,\r\n      \"colspan\": 10,\r\n      \"offsetx\": 0,\r\n      \"offsety\": 0,\r\n      \"spaceabove\": 0,\r\n      \"spacebelow\": 0,\r\n      \"yvel\": 1,\r\n      \"push\": 0,\r\n      \"relid\": 20\r\n    }\r\n  ]\r\n}","phonegrid":"{\r\n  \"colCount\": 12,\r\n  \"colGutter\": 1,\r\n  \"rowGutters\": [\r\n    \"3\",\r\n    5,\r\n    \"2\",\r\n    \"2\",\r\n    \"2\",\r\n    \"2\",\r\n    \"2\",\r\n    \"2\",\r\n    \"2\",\r\n    \"2\",\r\n    \"2\",\r\n    \"2\",\r\n    \"2\"\r\n  ],\r\n  \"frameMargin\": 5,\r\n  \"leftFrameMargin\": 5,\r\n  \"rightFrameMargin\": 5,\r\n  \"topFrameMargin\": \"15\",\r\n  \"bottomFrameMargin\": 5,\r\n  \"rowAttrs\": [\r\n    {},\r\n    {},\r\n    {},\r\n    {},\r\n    {},\r\n    {},\r\n    {},\r\n    {},\r\n    {},\r\n    {},\r\n    {},\r\n    {},\r\n    {},\r\n    {}\r\n  ],\r\n  \"bgColor\": null,\r\n  \"bgImage\": null,\r\n  \"cont\": [\r\n    {\r\n      \"type\": \"text\",\r\n      \"cont\": \"<h1 class=\\\"_menu_home\\\"><a href=\\\"http:\/\/pavillon-s.com\/pavillon-s-temoins-2024\/\\\" data-type=\\\"page\\\" data-id=\\\"319\\\" data-title=\\\"Pavillon-s t\u00e9moins 2024\\\">Pavillon-s t\u00e9moins, Boucle de Roumare<\/a><\/h1>\",\r\n      \"align\": \"top\",\r\n      \"row\": 0,\r\n      \"col\": 0,\r\n      \"colspan\": 12,\r\n      \"offsetx\": 0,\r\n      \"offsety\": 0,\r\n      \"spaceabove\": 0,\r\n      \"spacebelow\": 0,\r\n      \"yvel\": 1,\r\n      \"push\": 0,\r\n      \"relid\": 4,\r\n      \"frameOverflow\": \"\"\r\n    },\r\n    {\r\n      \"type\": \"text\",\r\n      \"cont\": \"<h1 class=\\\"_titre_rose\\\">Artistes, projets<\/h1>\",\r\n      \"align\": \"top\",\r\n      \"row\": 1,\r\n      \"col\": 0,\r\n      \"colspan\": 12,\r\n      \"offsetx\": 0,\r\n      \"offsety\": 0,\r\n      \"spaceabove\": 0,\r\n      \"spacebelow\": 0,\r\n      \"yvel\": 1,\r\n      \"push\": 0,\r\n      \"relid\": 17\r\n    },\r\n    {\r\n      \"type\": \"text\",\r\n      \"cont\": \"<h1 class=\\\"_Titre_spectacle\\\"><span style=\\\"color: #0000ff;\\\"><a style=\\\"color: #0000ff;\\\" href=\\\"http:\/\/pavillon-s.com\/roumare_viesdegrenier\/\\\" data-type=\\\"project\\\" data-id=\\\"747\\\" data-title=\\\"Pavillon-s t\u00e9moins Vies de grenier Roumare 2024\\\" data-catid=\\\"[3]\\\" data-hoverimageid=\\\"748\\\" data-hoverimagesmallsrc=\\\"\/wp-content\/uploads\/2024\/04\/2024-mars14-18_DSC1827-265x397.jpeg\\\">Vies de grenier<\/a><\/span><\/h1>\",\r\n      \"align\": \"top\",\r\n      \"row\": 2,\r\n      \"col\": 0,\r\n      \"colspan\": 12,\r\n      \"offsetx\": 0,\r\n      \"offsety\": 0,\r\n      \"spaceabove\": 0,\r\n      \"spacebelow\": 0,\r\n      \"yvel\": 1,\r\n      \"push\": 0,\r\n      \"relid\": 6\r\n    },\r\n    {\r\n      \"type\": \"text\",\r\n      \"cont\": \"<h1 class=\\\"_Titre_spectacle\\\"><span style=\\\"color: #0000ff;\\\"><a style=\\\"color: #0000ff;\\\" href=\\\"http:\/\/pavillon-s.com\/roumarefranqueville_leseldelavie\/\\\" data-type=\\\"project\\\" data-id=\\\"736\\\" data-title=\\\"Pavillon-s t\u00e9moins Le sel de la vie Roumare et Franqueville 2024\\\" data-catid=\\\"[3]\\\" data-hoverimageid=\\\"985\\\" data-hoverimagesmallsrc=\\\"\/wp-content\/uploads\/2024\/04\/Leseldelavie_Roumare\u00a9MarieSerresGiancotti.IMG_9620-265x177.jpg\\\">Camille Mutel <em>Le sel de la vie<\/em><\/a><\/span><\/h1>\",\r\n      \"align\": \"top\",\r\n      \"row\": 3,\r\n      \"col\": 0,\r\n      \"colspan\": 12,\r\n      \"offsetx\": 0,\r\n      \"offsety\": 0,\r\n      \"spaceabove\": 0,\r\n      \"spacebelow\": 0,\r\n      \"yvel\": 1,\r\n      \"push\": 0,\r\n      \"relid\": 8\r\n    },\r\n    {\r\n      \"type\": \"text\",\r\n      \"cont\": \"<h1 class=\\\"_Titre_spectacle\\\"><span style=\\\"color: #0000ff;\\\"><a style=\\\"color: #0000ff;\\\" href=\\\"http:\/\/pavillon-s.com\/roumarefranqueville_not_i\/\\\" data-type=\\\"project\\\" data-id=\\\"739\\\" data-title=\\\"Pavillon-s t\u00e9moins Not I Roumare et Franqueville 2024\\\" data-catid=\\\"[3]\\\" data-hoverimageid=\\\"943\\\" data-hoverimagesmallsrc=\\\"\/wp-content\/uploads\/2024\/04\/Not-I-\u00a9Capucine-Baranes-5915-265x149.jpg\\\">Camille Mutel <em>Not I<\/em><\/a><\/span><\/h1>\",\r\n      \"align\": \"top\",\r\n      \"row\": 4,\r\n      \"col\": 0,\r\n      \"colspan\": 12,\r\n      \"offsetx\": 0,\r\n      \"offsety\": 0,\r\n      \"spaceabove\": 0,\r\n      \"spacebelow\": 0,\r\n      \"yvel\": 1,\r\n      \"push\": 0,\r\n      \"relid\": 16,\r\n      \"frameOverflow\": \"\"\r\n    },\r\n    {\r\n      \"type\": \"text\",\r\n      \"cont\": \"<h1 class=\\\"_lien_niv3\\\"><span style=\\\"color: #0000ff;\\\"><a style=\\\"color: #0000ff;\\\" href=\\\"http:\/\/pavillon-s.com\/roumare_orukami\/\\\" data-type=\\\"project\\\" data-id=\\\"722\\\" data-title=\\\"Pavillon-s t\u00e9moins ORUKAMI Roumare 2024\\\" data-catid=\\\"[3]\\\" data-hoverimageid=\\\"725\\\" data-hoverimagesmallsrc=\\\"\/wp-content\/uploads\/2024\/04\/9G1A8951-265x177.jpg\\\">ORUKAMI<\/a><\/span><\/h1>\",\r\n      \"align\": \"middle\",\r\n      \"row\": 5,\r\n      \"col\": 0,\r\n      \"colspan\": 12,\r\n      \"offsetx\": 0,\r\n      \"offsety\": 0,\r\n      \"spaceabove\": 0,\r\n      \"spacebelow\": 0,\r\n      \"yvel\": 1,\r\n      \"push\": 0,\r\n      \"relid\": 21\r\n    },\r\n    {\r\n      \"type\": \"text\",\r\n      \"cont\": \"<h1 class=\\\"_Titre_spectacle\\\"><span style=\\\"color: #0000ff;\\\"><a style=\\\"color: #0000ff;\\\" href=\\\"http:\/\/pavillon-s.com\/roumaregrandmare_kernel-matiere\/\\\" data-type=\\\"project\\\" data-id=\\\"766\\\" data-title=\\\"Pavillon-s t\u00e9moins Roumare et Grand'Mare KERNEL - mati\u00e8re\\\" data-catid=\\\"[10]\\\" data-hoverimageid=\\\"769\\\" data-hoverimagesmallsrc=\\\"\/wp-content\/uploads\/2024\/04\/\u00a9cieparc_KERNEL_6-1-265x177.jpg\\\">KERNEL - mati\u00e8re<\/a><\/span><\/h1>\",\r\n      \"align\": \"top\",\r\n      \"row\": 6,\r\n      \"col\": 0,\r\n      \"colspan\": 12,\r\n      \"offsetx\": 0,\r\n      \"offsety\": 0,\r\n      \"spaceabove\": 0,\r\n      \"spacebelow\": 0,\r\n      \"yvel\": 1,\r\n      \"push\": 0,\r\n      \"relid\": 12\r\n    },\r\n    {\r\n      \"type\": \"text\",\r\n      \"cont\": \"<h1 class=\\\"_Titre_spectacle\\\"><span style=\\\"color: #1500f6;\\\"><span style=\\\"color: #0000ff;\\\"><a style=\\\"color: #0000ff;\\\" href=\\\"http:\/\/pavillon-s.com\/roumare_cabinetdecuriositessonores\/\\\" data-type=\\\"project\\\" data-id=\\\"752\\\" data-title=\\\"Pavillon-s t\u00e9moins Cabinet de curiosit\u00e9s Roumare 2024\\\" data-catid=\\\"[3]\\\" data-hoverimageid=\\\"1015\\\" data-hoverimagesmallsrc=\\\"\/wp-content\/uploads\/2024\/04\/Cabinetdecuriositessonores\u00a9MarieSerresGiancotti1-265x149.png\\\">St\u00e9phane Norbert <em>Cabinet de curiosit\u00e9s sonores<\/em><\/a><\/span><br \/><\/span><\/h1>\",\r\n      \"align\": \"bottom\",\r\n      \"row\": 7,\r\n      \"col\": 0,\r\n      \"colspan\": 12,\r\n      \"offsetx\": 0,\r\n      \"offsety\": 0,\r\n      \"spaceabove\": 0,\r\n      \"spacebelow\": 0,\r\n      \"yvel\": 1,\r\n      \"push\": 0,\r\n      \"relid\": 5,\r\n      \"frameOverflow\": \"\"\r\n    },\r\n    {\r\n      \"type\": \"text\",\r\n      \"cont\": \"<h1 class=\\\"_Titre_spectacle\\\"><span style=\\\"color: #0000ff;\\\"><a style=\\\"color: #0000ff;\\\" href=\\\"http:\/\/pavillon-s.com\/roumaregrandmare_rock_it\/\\\" data-type=\\\"project\\\" data-id=\\\"770\\\" data-title=\\\"Pavillon-s t\u00e9moins Rock it! Roumare et Grand'Mare 2024\\\" data-catid=\\\"[3]\\\" data-hoverimageid=\\\"970\\\" data-hoverimagesmallsrc=\\\"\/wp-content\/uploads\/2024\/04\/Rockit\u00a9EmmanuelleVo-Dinh.IMG_5324.HERockit\u00a9EmmanuelleVo-Dinh.IC_-265x204.png\\\">Camille Bazbaz &amp; Crazy PP <em>Rock it !<\/em><\/a><\/span><\/h1>\",\r\n      \"align\": \"bottom\",\r\n      \"row\": 8,\r\n      \"col\": 0,\r\n      \"colspan\": 12,\r\n      \"offsetx\": 0,\r\n      \"offsety\": 0,\r\n      \"spaceabove\": 0,\r\n      \"spacebelow\": 0,\r\n      \"yvel\": 1,\r\n      \"push\": 0,\r\n      \"relid\": 7\r\n    },\r\n    {\r\n      \"type\": \"text\",\r\n      \"cont\": \"<h1 class=\\\"_Titre_spectacle\\\"><span style=\\\"color: #0000ff;\\\"><a style=\\\"color: #0000ff;\\\" href=\\\"http:\/\/pavillon-s.com\/pavillonstemoins_correspondances\/\\\" data-type=\\\"project\\\" data-id=\\\"743\\\" data-title=\\\"Pavillon-s t\u00e9moins Correspondances 2024\\\" data-catid=\\\"[3]\\\" data-hoverimageid=\\\"814\\\" data-hoverimagesmallsrc=\\\"\/wp-content\/uploads\/2024\/04\/laure_delamotte-\u00a9E.Panier-265x319.jpeg\\\">Correspondances<\/a><\/span><\/h1>\",\r\n      \"align\": \"top\",\r\n      \"row\": 9,\r\n      \"col\": 0,\r\n      \"colspan\": 12,\r\n      \"offsetx\": 0,\r\n      \"offsety\": 0,\r\n      \"spaceabove\": 0,\r\n      \"spacebelow\": 0,\r\n      \"yvel\": 1,\r\n      \"push\": 0,\r\n      \"relid\": 13\r\n    },\r\n    {\r\n      \"type\": \"text\",\r\n      \"cont\": \"<h1 class=\\\"_Titre_spectacle\\\"><a href=\\\"http:\/\/pavillon-s.com\/roumare_arcanespaysage\/\\\" data-type=\\\"project\\\" data-id=\\\"733\\\" data-title=\\\"Pavillon-s t\u00e9moins ARCANES paysage Roumare 2024\\\" data-catid=\\\"[3]\\\"><span style=\\\"color: #0000ff;\\\">E. Vo-Dinh <em>ARCANES paysage<\/em><\/span><\/a><\/h1>\",\r\n      \"align\": \"bottom\",\r\n      \"row\": 10,\r\n      \"col\": 0,\r\n      \"colspan\": 12,\r\n      \"offsetx\": 0,\r\n      \"offsety\": 0,\r\n      \"spaceabove\": 0,\r\n      \"spacebelow\": 0,\r\n      \"yvel\": 1,\r\n      \"push\": 0,\r\n      \"relid\": 9\r\n    },\r\n    {\r\n      \"type\": \"text\",\r\n      \"cont\": \"<h1 class=\\\"_Titre_spectacle\\\"><span style=\\\"color: #0000ff;\\\"><a style=\\\"color: #0000ff;\\\" href=\\\"http:\/\/pavillon-s.com\/pavillonstemoine_japporteledessert\/\\\" data-type=\\\"project\\\" data-id=\\\"755\\\" data-title=\\\"Pavillon-s t\u00e9moins J'apporte le dessert 2024\\\" data-catid=\\\"[3]\\\" data-hoverimageid=\\\"756\\\" data-hoverimagesmallsrc=\\\"\/wp-content\/uploads\/2024\/04\/Yoann-thommerel-2-265x265.jpeg\\\">J'apporte le dessert<\/a><\/span><\/h1>\",\r\n      \"align\": \"top\",\r\n      \"row\": 11,\r\n      \"col\": 0,\r\n      \"colspan\": 12,\r\n      \"offsetx\": 0,\r\n      \"offsety\": 0,\r\n      \"spaceabove\": 0,\r\n      \"spacebelow\": 0,\r\n      \"yvel\": 1,\r\n      \"push\": 0,\r\n      \"relid\": 14\r\n    },\r\n    {\r\n      \"type\": \"text\",\r\n      \"cont\": \"<h1 class=\\\"_Titre_spectacle\\\"><span style=\\\"color: #0000ff;\\\"><a style=\\\"color: #0000ff;\\\" href=\\\"http:\/\/pavillon-s.com\/pavillonstemoins_aquoicasert\/\\\" data-type=\\\"project\\\" data-id=\\\"758\\\" data-title=\\\"Pavillon-s t\u00e9moins \u00c0 quoi \u00e7a sert 2024\\\" data-catid=\\\"[3]\\\" data-hoverimageid=\\\"759\\\" data-hoverimagesmallsrc=\\\"\/wp-content\/uploads\/2024\/04\/A-quoi-ca-sert-Yoann-Thommerel-265x353.jpg\\\">\u00c0 quoi \u00e7a sert d'aller au restaurant si c'est pour manger \u00e7a?<\/a><\/span><\/h1>\",\r\n      \"align\": \"top\",\r\n      \"row\": 12,\r\n      \"col\": 0,\r\n      \"colspan\": 12,\r\n      \"offsetx\": 0,\r\n      \"offsety\": 0,\r\n      \"spaceabove\": 0,\r\n      \"spacebelow\": 0,\r\n      \"yvel\": 1,\r\n      \"push\": 0,\r\n      \"relid\": 22\r\n    },\r\n    {\r\n      \"type\": \"text\",\r\n      \"cont\": \"<h1 class=\\\"_Titre_spectacle\\\"><span style=\\\"color: #0000ff;\\\"><a style=\\\"color: #0000ff;\\\" href=\\\"http:\/\/pavillon-s.com\/roumare_banquet\/\\\" data-type=\\\"project\\\" data-id=\\\"761\\\" data-title=\\\"Pavillon-s t\u00e9moins Banquet Roumare 2024\\\" data-catid=\\\"[3]\\\" data-hoverimageid=\\\"818\\\" data-hoverimagesmallsrc=\\\"\/wp-content\/uploads\/2024\/04\/Banquet_Nicolas_Simarik\u00a9DR-265x199.jpg\\\">Cuisine et Banquet<\/a><\/span><\/h1>\",\r\n      \"align\": \"middle\",\r\n      \"row\": 13,\r\n      \"col\": 0,\r\n      \"colspan\": 12,\r\n      \"offsetx\": 0,\r\n      \"offsety\": 0,\r\n      \"spaceabove\": 0,\r\n      \"spacebelow\": 0,\r\n      \"yvel\": 1,\r\n      \"push\": 0,\r\n      \"relid\": 23\r\n    }\r\n  ]\r\n}","_links":{"self":[{"href":"http:\/\/pavillon-s.com\/en\/wp-json\/wp\/v2\/pages\/710","targetHints":{"allow":["GET"]}}],"collection":[{"href":"http:\/\/pavillon-s.com\/en\/wp-json\/wp\/v2\/pages"}],"about":[{"href":"http:\/\/pavillon-s.com\/en\/wp-json\/wp\/v2\/types\/page"}],"author":[{"embeddable":true,"href":"http:\/\/pavillon-s.com\/en\/wp-json\/wp\/v2\/users\/1"}],"replies":[{"embeddable":true,"href":"http:\/\/pavillon-s.com\/en\/wp-json\/wp\/v2\/comments?post=710"}],"version-history":[{"count":0,"href":"http:\/\/pavillon-s.com\/en\/wp-json\/wp\/v2\/pages\/710\/revisions"}],"wp:attachment":[{"href":"http:\/\/pavillon-s.com\/en\/wp-json\/wp\/v2\/media?parent=710"}],"curies":[{"name":"wp","href":"https:\/\/api.w.org\/{rel}","templated":true}]}}