{"id":130,"date":"2022-07-20T10:11:01","date_gmt":"2022-07-20T08:11:01","guid":{"rendered":"http:\/\/pavillon-s.com\/?page_id=130"},"modified":"2026-01-23T16:55:56","modified_gmt":"2026-01-23T15:55:56","slug":"informations-pratiques","status":"publish","type":"page","link":"http:\/\/pavillon-s.com\/en\/informations-pratiques\/","title":{"rendered":"Informations pratiques"},"content":{"rendered":"","protected":false},"excerpt":{"rendered":"","protected":false},"author":1,"featured_media":0,"parent":0,"menu_order":25,"comment_status":"closed","ping_status":"closed","template":"","meta":[],"class_list":["post-130","page","type-page","status-publish","hentry"],"grid":"{\r\n  \"colCount\": 12,\r\n  \"colGutter\": 1,\r\n  \"rowGutters\": [\r\n    0.5,\r\n    5,\r\n    1\r\n  ],\r\n  \"frameMargin\": 5,\r\n  \"leftFrameMargin\": 2.5,\r\n  \"rightFrameMargin\": 5,\r\n  \"topFrameMargin\": 180,\r\n  \"bottomFrameMargin\": 5,\r\n  \"rowAttrs\": [\r\n    {\r\n      \"relid\": 1\r\n    },\r\n    {\r\n      \"relid\": 2\r\n    },\r\n    {\r\n      \"relid\": 3\r\n    },\r\n    {\r\n      \"relid\": 8\r\n    }\r\n  ],\r\n  \"bgColor\": null,\r\n  \"bgImage\": null,\r\n  \"cont\": [\r\n    {\r\n      \"type\": \"text\",\r\n      \"cont\": \"<h1 class=\\\"_Titre_spectacle\\\">Newsletter<\/h1>\",\r\n      \"align\": \"top\",\r\n      \"row\": 0,\r\n      \"col\": 0,\r\n      \"colspan\": 8,\r\n      \"offsetx\": 0,\r\n      \"offsety\": 0,\r\n      \"spaceabove\": 0,\r\n      \"spacebelow\": 0,\r\n      \"yvel\": 1,\r\n      \"push\": 0,\r\n      \"relid\": 6,\r\n      \"absolute_position\": false\r\n    },\r\n    {\r\n      \"type\": \"shortcode\",\r\n      \"cont\": \"[contact-form-7 id=\\\"99\\\" title=\\\"Formulaire de contact\\\"]\",\r\n      \"align\": \"top\",\r\n      \"row\": 1,\r\n      \"col\": 0,\r\n      \"colspan\": 8,\r\n      \"offsetx\": 0,\r\n      \"offsety\": 0,\r\n      \"spaceabove\": 0,\r\n      \"spacebelow\": 0,\r\n      \"yvel\": 1,\r\n      \"push\": 0,\r\n      \"relid\": 7,\r\n      \"shortcodeid\": 1658304654397,\r\n      \"frameOverflow\": \"\",\r\n      \"absolute_position\": false\r\n    },\r\n    {\r\n      \"type\": \"text\",\r\n      \"cont\": \"<h1 class=\\\"_mobile_titre_infospratiques\\\">Practicals informations<\/h1>\",\r\n      \"align\": \"top\",\r\n      \"row\": 2,\r\n      \"col\": 0,\r\n      \"colspan\": 7,\r\n      \"offsetx\": 0,\r\n      \"offsety\": 0,\r\n      \"spaceabove\": 0,\r\n      \"spacebelow\": 0,\r\n      \"yvel\": 1,\r\n      \"push\": 0,\r\n      \"relid\": 4,\r\n      \"frameOverflow\": \"\",\r\n      \"absolute_position\": false\r\n    },\r\n    {\r\n      \"type\": \"text\",\r\n      \"cont\": \"<p class=\\\"_texte_page\\\">Pavillon-s<br \/>9 Place de la Cath\u00e9drale<br \/>76000 Rouen<br \/>FRANCE<br \/><br \/>Pavillon-s, le fruit int\u00e9gral<br \/>74 rue du Moulin<br \/>27340 And\u00e9<br \/>FRANCE<br \/><br \/><span style=\\\"color: #1500f6;\\\"><a style=\\\"color: #1500f6; text-decoration: underline;\\\" href=\\\"mailto:contact@pavillon-s.com\\\"><span style=\\\"color: #1500f6; text-decoration: underline;\\\">contact@pavillon-s.com<\/span><\/a><\/span><br \/>T +33 (0)6 59 70 08 41<br \/><br \/>Emmanuelle Vo-Dinh, choreograph and director <span style=\\\"text-decoration: underline; color: #1500f6;\\\"><a style=\\\"color: #1500f6; text-decoration: underline;\\\" href=\\\"mailto:emmanuelle.vo-dinh@pavillon-s.com\\\"><span style=\\\"color: #1500f6; text-decoration: underline;\\\">emmanuelle.vo-dinh@pavillon-s.com<\/span><\/a><br \/><\/span><span style=\\\"color: #1500f6;\\\"><span style=\\\"color: #000000;\\\">Antoine P\u00e9tin, production manager <span style=\\\"color: #1500f6;\\\"><a style=\\\"color: #1500f6;\\\" href=\\\"mailto:antoine.petin@pavillon-s.com\\\"><span style=\\\"text-decoration: underline;\\\">antoine.petin@pavillon-s.com<\/span><\/a><\/span> \/ T +33 (0)6 59 70 08 41<\/span><\/span><\/p><p class=\\\"_texte_page\\\"><span style=\\\"text-decoration: underline; color: #1500f6;\\\"><br \/><\/span>Pavillon-s is supported by the Minist\u00e8re de la culture \u2013 DRAC de Normandie, the R\u00e9gion Normandie, the D\u00e9partement de l'Eure, the Ville de Rouen and the D\u00e9partement de Seine-Maritime.\u00a0<\/p><p class=\\\"_texte_page\\\">\u00a9 <span style=\\\"color: #1500f6;\\\">Conception<\/span> Anette Lenz, <span style=\\\"color: #1500f6;\\\">programmation et r\u00e9alisation<\/span> Nicolas Tilly<\/p>\",\r\n      \"align\": \"top\",\r\n      \"row\": 3,\r\n      \"col\": 0,\r\n      \"colspan\": 8,\r\n      \"offsetx\": 0,\r\n      \"offsety\": 0,\r\n      \"spaceabove\": 0,\r\n      \"spacebelow\": 0,\r\n      \"yvel\": 1,\r\n      \"push\": 0,\r\n      \"relid\": 5,\r\n      \"frameOverflow\": \"\",\r\n      \"absolute_position\": false\r\n    }\r\n  ]\r\n}","phonegrid":"{\r\n  \"colCount\": 12,\r\n  \"colGutter\": 1,\r\n  \"rowGutters\": [\r\n    5,\r\n    5,\r\n    5\r\n  ],\r\n  \"frameMargin\": 5,\r\n  \"leftFrameMargin\": 5,\r\n  \"rightFrameMargin\": 5,\r\n  \"topFrameMargin\": 15,\r\n  \"bottomFrameMargin\": 5,\r\n  \"rowAttrs\": [\r\n    {\r\n      \"relid\": 9\r\n    },\r\n    {\r\n      \"relid\": 10\r\n    },\r\n    {\r\n      \"relid\": 11\r\n    },\r\n    {\r\n      \"relid\": 12\r\n    }\r\n  ],\r\n  \"bgColor\": null,\r\n  \"bgImage\": null,\r\n  \"cont\": [\r\n    {\r\n      \"type\": \"text\",\r\n      \"cont\": \"<h1 class=\\\"_Titre_spectacle\\\">Newsletter<\/h1>\",\r\n      \"align\": \"top\",\r\n      \"row\": 0,\r\n      \"col\": 0,\r\n      \"colspan\": 8,\r\n      \"offsetx\": 0,\r\n      \"offsety\": 0,\r\n      \"spaceabove\": 0,\r\n      \"spacebelow\": 0,\r\n      \"yvel\": 1,\r\n      \"push\": 0,\r\n      \"relid\": 6,\r\n      \"frameOverflow\": \"\",\r\n      \"absolute_position\": false\r\n    },\r\n    {\r\n      \"type\": \"shortcode\",\r\n      \"cont\": \"[contact-form-7 id=\\\"99\\\" title=\\\"Formulaire de contact\\\"]\",\r\n      \"align\": \"top\",\r\n      \"row\": 1,\r\n      \"col\": 0,\r\n      \"colspan\": 8,\r\n      \"offsetx\": 0,\r\n      \"offsety\": 0,\r\n      \"spaceabove\": 0,\r\n      \"spacebelow\": 0,\r\n      \"yvel\": 1,\r\n      \"push\": 0,\r\n      \"relid\": 7,\r\n      \"shortcodeid\": 1658304654397,\r\n      \"frameOverflow\": \"\"\r\n    },\r\n    {\r\n      \"type\": \"text\",\r\n      \"cont\": \"<h1 class=\\\"_mobile_titre_infospratiques\\\">Practicals informations<\/h1>\",\r\n      \"align\": \"top\",\r\n      \"row\": 2,\r\n      \"col\": 0,\r\n      \"colspan\": 7,\r\n      \"offsetx\": 0,\r\n      \"offsety\": 0,\r\n      \"spaceabove\": 0,\r\n      \"spacebelow\": 0,\r\n      \"yvel\": 1,\r\n      \"push\": 0,\r\n      \"relid\": 4,\r\n      \"frameOverflow\": \"\",\r\n      \"absolute_position\": false\r\n    },\r\n    {\r\n      \"type\": \"text\",\r\n      \"cont\": \"<p class=\\\"_texte_page\\\">Pavillon-s<br \/>9 Place de la Cath\u00e9drale<br \/>76000 Rouen<br \/>FRANCE<br \/><br \/>Pavillon-s, le fruit int\u00e9gral<br \/>74 rue du Moulin<br \/>27340 And\u00e9<br \/>FRANCE<br \/><br \/><span style=\\\"color: #1500f6;\\\"><a style=\\\"color: #1500f6; text-decoration: underline;\\\" href=\\\"mailto:contact@pavillon-s.com\\\"><span style=\\\"color: #1500f6; text-decoration: underline;\\\">contact@pavillon-s.com<\/span><\/a><\/span><br \/>T +33 (0)6 59 70 08 41<br \/><br \/>Emmanuelle Vo-Dinh, choreograph and director <span style=\\\"text-decoration: underline; color: #1500f6;\\\"><a style=\\\"color: #1500f6; text-decoration: underline;\\\" href=\\\"mailto:emmanuelle.vo-dinh@pavillon-s.com\\\"><span style=\\\"color: #1500f6; text-decoration: underline;\\\">emmanuelle.vo-dinh@pavillon-s.com<\/span><\/a><br \/><\/span><span style=\\\"color: #1500f6;\\\"><span style=\\\"color: #000000;\\\">Antoine P\u00e9tin, production manager <span style=\\\"color: #1500f6;\\\"><a style=\\\"color: #1500f6;\\\" href=\\\"mailto:antoine.petin@pavillon-s.com\\\"><span style=\\\"text-decoration: underline;\\\">antoine.petin@pavillon-s.com<\/span><\/a><\/span> \/ T +33 (0)6 59 70 08 41<\/span><\/span><\/p><p class=\\\"_texte_page\\\"><span style=\\\"text-decoration: underline; color: #1500f6;\\\"><br \/><\/span>Pavillon-s is supported by the Minist\u00e8re de la culture \u2013 DRAC de Normandie, the R\u00e9gion Normandie, the D\u00e9partement de l'Eure, the Ville de Rouen and the D\u00e9partement de Seine-Maritime.\u00a0<\/p><p class=\\\"_texte_page\\\">\u00a9 <span style=\\\"color: #1500f6;\\\">Conception<\/span> Anette Lenz, <span style=\\\"color: #1500f6;\\\">programmation et r\u00e9alisation<\/span> Nicolas Tilly<\/p>\",\r\n      \"align\": \"top\",\r\n      \"row\": 3,\r\n      \"col\": 0,\r\n      \"colspan\": 8,\r\n      \"offsetx\": 0,\r\n      \"offsety\": 0,\r\n      \"spaceabove\": 0,\r\n      \"spacebelow\": 0,\r\n      \"yvel\": 1,\r\n      \"push\": 0,\r\n      \"relid\": 5,\r\n      \"frameOverflow\": \"\",\r\n      \"absolute_position\": false\r\n    }\r\n  ]\r\n}","_links":{"self":[{"href":"http:\/\/pavillon-s.com\/en\/wp-json\/wp\/v2\/pages\/130","targetHints":{"allow":["GET"]}}],"collection":[{"href":"http:\/\/pavillon-s.com\/en\/wp-json\/wp\/v2\/pages"}],"about":[{"href":"http:\/\/pavillon-s.com\/en\/wp-json\/wp\/v2\/types\/page"}],"author":[{"embeddable":true,"href":"http:\/\/pavillon-s.com\/en\/wp-json\/wp\/v2\/users\/1"}],"replies":[{"embeddable":true,"href":"http:\/\/pavillon-s.com\/en\/wp-json\/wp\/v2\/comments?post=130"}],"version-history":[{"count":0,"href":"http:\/\/pavillon-s.com\/en\/wp-json\/wp\/v2\/pages\/130\/revisions"}],"wp:attachment":[{"href":"http:\/\/pavillon-s.com\/en\/wp-json\/wp\/v2\/media?parent=130"}],"curies":[{"name":"wp","href":"https:\/\/api.w.org\/{rel}","templated":true}]}}