{"id":124,"date":"2022-07-20T09:09:58","date_gmt":"2022-07-04T12:31:45","guid":{"rendered":"http:\/\/pavillon-s.com\/wei-artistes-projects-2\/"},"modified":"2023-11-14T12:09:42","modified_gmt":"2023-11-14T11:09:42","slug":"wei-infos-pratiques","status":"publish","type":"page","link":"http:\/\/pavillon-s.com\/en\/wei-infos-pratiques\/","title":{"rendered":"wei infos pratiques 2022"},"content":{"rendered":"","protected":false},"excerpt":{"rendered":"","protected":false},"author":1,"featured_media":0,"parent":0,"menu_order":26,"comment_status":"closed","ping_status":"closed","template":"","meta":[],"class_list":["post-124","page","type-page","status-publish","hentry"],"grid":"{\r\n  \"colCount\": 12,\r\n  \"colGutter\": 1,\r\n  \"rowGutters\": [\r\n    1,\r\n    2\r\n  ],\r\n  \"frameMargin\": 5,\r\n  \"leftFrameMargin\": 2.5,\r\n  \"rightFrameMargin\": 5,\r\n  \"topFrameMargin\": 180,\r\n  \"bottomFrameMargin\": 5,\r\n  \"rowAttrs\": [\r\n    {},\r\n    {},\r\n    {}\r\n  ],\r\n  \"bgColor\": null,\r\n  \"bgImage\": null,\r\n  \"cont\": [\r\n    {\r\n      \"type\": \"text\",\r\n      \"cont\": \"<h1 class=\\\"_menu_home\\\"><a href=\\\"http:\/\/pavillon-s.com\/wei\/\\\" data-type=\\\"page\\\" data-id=\\\"76\\\" data-title=\\\"wei!\\\">Wei!<\/a><\/h1>\",\r\n      \"align\": \"top\",\r\n      \"row\": 0,\r\n      \"col\": 0,\r\n      \"colspan\": 9,\r\n      \"offsetx\": 0,\r\n      \"offsety\": 0,\r\n      \"spaceabove\": 0,\r\n      \"spacebelow\": 0,\r\n      \"yvel\": 1,\r\n      \"push\": 0,\r\n      \"relid\": 4,\r\n      \"frameOverflow\": \"\"\r\n    },\r\n    {\r\n      \"type\": \"text\",\r\n      \"cont\": \"<h1 class=\\\"_titre_rose\\\">Informations pratiques<\/h1>\",\r\n      \"align\": \"top\",\r\n      \"row\": 1,\r\n      \"col\": 0,\r\n      \"colspan\": 7,\r\n      \"offsetx\": 0,\r\n      \"offsety\": 0,\r\n      \"spaceabove\": 0,\r\n      \"spacebelow\": 0,\r\n      \"yvel\": 1,\r\n      \"push\": 0,\r\n      \"relid\": 17,\r\n      \"frameOverflow\": \"\"\r\n    },\r\n    {\r\n      \"type\": \"text\",\r\n      \"cont\": \"<p class=\\\"_texte_page\\\"><strong>WEI\u00a0! Week-End Int\u00e9gral\u00a0 #1<\/strong><br \/>16, 17, 18 septembre 2022 \u00e0 And\u00e9\u00a0 \/ journ\u00e9es du patrimoine<br \/>Moulin d\u2019And\u00e9 \u2013 CECI, Centre des \u00e9critures cin\u00e9matographiques<br \/>65 rue du Moulin \u2013 27430 And\u00e9<br \/>Le fruit int\u00e9gral<br \/>74 rue du Moulin \u2013 27430 And\u00e9<br \/>\u00a0<br \/>Entr\u00e9e libre<br \/>Renseignements et informations\u00a0: contact@lefruitintegral.fr \/ 06 59 70 08 41<\/p><p class=\\\"_texte_page\\\">Facebook\u00a0: @pavillons2776 \/ Instagram\u00a0: pavillon.s_e_vo_dinh<\/p><p class=\\\"_texte_page\\\"><span style=\\\"color: #ff00ff;\\\">Pour venir au Moulin et au Fruit int\u00e9gral, \u00e0 And\u00e9<\/span><\/p><p class=\\\"_texte_page\\\"><em>Depuis Paris<\/em><br \/>- En voiture : Autoroute de l'Ouest A 13 direction Rouen. Sortie 18 Louviers (90km). Ne pas suivre la direction Louviers, mais se diriger \u00e0 droite et prendre aussit\u00f4t la D6015 sur la gauche (direction Pont de l'Arche). 4 km plus loin, prendre la route la plus \u00e0 droite pour Saint-Pierre-du-Vauvray. <br \/>* En bas de la c\u00f4te, tourner \u00e0 droite, passer sous la voie ferr\u00e9e, traverser les deux ponts sur la Seine. Au premier feu tricolore, tourner \u00e0 gauche puis \u00e0 droite ou jusqu'au Th\u00e9\u00e2tre (1,2km).<br \/>- En train : (environ une heure) Gare Saint-Lazare, direction Rouen, descendre \u00e0 Val de Reuil (8km du Moulin).\u00a0<\/p><p class=\\\"_texte_page\\\"><em>Depuis Rouen<\/em><br \/>- En voiture par la D6015: prendre la direction de Vernon. Apr\u00e8s environ 30km, tourner \u00e0 gauche pour Saint-Pierre-du-Vauvray.\u2028Voir plus haut la suite de l'itin\u00e9raire*.<br \/>- En voiture par l'autoroute A 13: sortie Evreux-Orl\u00e9ans et aussit\u00f4t \u00e0 droite prendre la sortie n\u00b01 Val de Reuil. Suivre d'abord la direction Val de Reuil et ensuite Vernon pour rejoindre la D6015. Apr\u00e8s 3km tourner \u00e0 gauche vers St-Pierre-du-Vauvray.\u2028Voir plus haut la suite de l'itin\u00e9raire*.<br \/>- En train : direction Paris, descendre \u00e0 Val de Reuil (8km du Moulin).<\/p><p class=\\\"_texte_page\\\"><em>Depuis Evreux<\/em> <br \/>Prendre la voie rapide en direction de Rouen. Sortie n\u00b03. Suivre d'abord la direction Elbeuf et au 2\u00e8me rond-point suivre Saint-Etienne et Saint-Pierre-du-Vauvray. Traverser les deux ponts sur la Seine et au premier feu, tourner \u00e0 gauche puis \u00e0 droite jusqu'au Moulin (800m) ou jusqu'au Th\u00e9\u00e2tre (1,2km).<\/p><p class=\\\"_texte_page\\\"><em>Depuis Les Andelys<\/em><br \/>Au petit Andely, suivre la direction Romilly, Muids, And\u00e9. Au feu tricolore d'And\u00e9 tourner \u00e0 droite, rue des Glycines, et prendre la rue du Moulin \u00e0 droite.<\/p><p>\u00a0<\/p><p class=\\\"_texte_page\\\">Direction <span style=\\\"color: #ff00ff;\\\">Emmanuelle Vo-Dinh <span style=\\\"color: #000000;\\\">et<\/span> Solenne Racap\u00e9<\/span><br \/>R\u00e9gie g\u00e9n\u00e9rale <span style=\\\"color: #ff00ff;\\\">Beno\u00eet Duboc <span style=\\\"color: #000000;\\\">- R\u00e9gisseurs<\/span> Vincent Lemonnier, Thomas Restiau<\/span><br \/>Production et accueil <span style=\\\"color: #ff00ff;\\\">Gabrielle Jarrier, Emmanuelle Perrichot<\/span><br \/>Stagiaires <span style=\\\"color: #ff00ff;\\\">Capucine Baran\u00e8s, Emma Ertzscheid<br \/><\/span><\/p><p class=\\\"_texte_page\\\">Avec le soutien de la DRAC Normandie, du D\u00e9partement de l\u2019Eure, de la Communaut\u00e9 d\u2019agglom\u00e9ration Seine-Eure.<br \/>Remerciements \u00e0 la Ville d\u2019And\u00e9, l\u2019association l\u2019and\u00e9enne, la Ville de Louviers, V\u00e9ronique Souben, La Factorie, maison de Po\u00e9sie Normandie, Beau Geste et l\u2019Arsenal \u00e0 Val-de-Reuil, Lumi\u00e8re d'ao\u00fbt.<br \/>Avec le soutien de l\u2019ONDA.<\/p>\",\r\n      \"align\": \"top\",\r\n      \"row\": 2,\r\n      \"col\": 0,\r\n      \"colspan\": 8,\r\n      \"offsetx\": 0,\r\n      \"offsety\": 0,\r\n      \"spaceabove\": 0,\r\n      \"spacebelow\": 0,\r\n      \"yvel\": 1,\r\n      \"push\": 0,\r\n      \"relid\": 16,\r\n      \"frameOverflow\": \"\"\r\n    }\r\n  ]\r\n}","phonegrid":"{\r\n  \"colCount\": 12,\r\n  \"colGutter\": 1,\r\n  \"rowGutters\": [\r\n    \"3\",\r\n    5\r\n  ],\r\n  \"frameMargin\": 5,\r\n  \"leftFrameMargin\": 5,\r\n  \"rightFrameMargin\": 5,\r\n  \"topFrameMargin\": \"15\",\r\n  \"bottomFrameMargin\": 5,\r\n  \"rowAttrs\": [\r\n    {},\r\n    {},\r\n    {}\r\n  ],\r\n  \"bgColor\": null,\r\n  \"bgImage\": null,\r\n  \"cont\": [\r\n    {\r\n      \"type\": \"text\",\r\n      \"cont\": \"<h1 class=\\\"_menu_home\\\"><a href=\\\"http:\/\/pavillon-s.com\/wei\/\\\" data-type=\\\"page\\\" data-id=\\\"76\\\" data-title=\\\"wei!\\\">Wei!<\/a><\/h1>\",\r\n      \"align\": \"bottom\",\r\n      \"row\": 0,\r\n      \"col\": 0,\r\n      \"colspan\": 12,\r\n      \"offsetx\": 0,\r\n      \"offsety\": 0,\r\n      \"spaceabove\": 0,\r\n      \"spacebelow\": 0,\r\n      \"yvel\": 1,\r\n      \"push\": 0,\r\n      \"relid\": 4,\r\n      \"frameOverflow\": \"\"\r\n    },\r\n    {\r\n      \"type\": \"text\",\r\n      \"cont\": \"<h1 class=\\\"_titre_rose\\\">Informations pratiques<\/h1>\",\r\n      \"align\": \"bottom\",\r\n      \"row\": 1,\r\n      \"col\": 0,\r\n      \"colspan\": 12,\r\n      \"offsetx\": 0,\r\n      \"offsety\": 0,\r\n      \"spaceabove\": 0,\r\n      \"spacebelow\": 0,\r\n      \"yvel\": 1,\r\n      \"push\": 0,\r\n      \"relid\": 17,\r\n      \"frameOverflow\": \"\"\r\n    },\r\n    {\r\n      \"type\": \"text\",\r\n      \"cont\": \"<p class=\\\"_texte_page\\\"><strong>WEI\u00a0! Week-End Int\u00e9gral\u00a0 #1<\/strong><br \/>16, 17, 18 septembre 2022 \u00e0 And\u00e9\u00a0 \/ journ\u00e9es du patrimoine<br \/>Moulin d\u2019And\u00e9 \u2013 CECI, Centre des \u00e9critures cin\u00e9matographiques<br \/>65 rue du Moulin \u2013 27430 And\u00e9<br \/>Le fruit int\u00e9gral<br \/>74 rue du Moulin \u2013 27430 And\u00e9<br \/>\u00a0<br \/>Entr\u00e9e libre<br \/>Renseignements et informations\u00a0: contact@lefruitintegral.fr \/ 06 59 70 08 41<\/p><p class=\\\"_texte_page\\\">Facebook\u00a0: @pavillons2776 \/ Instagram\u00a0: pavillon.s_e_vo_dinh<\/p><p class=\\\"_texte_page\\\"><span style=\\\"color: #ff00ff;\\\">Pour venir au Moulin et au Fruit int\u00e9gral, \u00e0 And\u00e9<\/span><\/p><p class=\\\"_texte_page\\\"><em>Depuis Paris<\/em><br \/>- En voiture : Autoroute de l'Ouest A 13 direction Rouen. Sortie 18 Louviers (90km). Ne pas suivre la direction Louviers, mais se diriger \u00e0 droite et prendre aussit\u00f4t la D6015 sur la gauche (direction Pont de l'Arche). 4 km plus loin, prendre la route la plus \u00e0 droite pour Saint-Pierre-du-Vauvray. <br \/>* En bas de la c\u00f4te, tourner \u00e0 droite, passer sous la voie ferr\u00e9e, traverser les deux ponts sur la Seine. Au premier feu tricolore, tourner \u00e0 gauche puis \u00e0 droite ou jusqu'au Th\u00e9\u00e2tre (1,2km).<br \/>- En train : (environ une heure) Gare Saint-Lazare, direction Rouen, descendre \u00e0 Val de Reuil (8km du Moulin).\u00a0<\/p><p class=\\\"_texte_page\\\"><em>Depuis Rouen<\/em><br \/>- En voiture par la D6015: prendre la direction de Vernon. Apr\u00e8s environ 30km, tourner \u00e0 gauche pour Saint-Pierre-du-Vauvray.\u2028Voir plus haut la suite de l'itin\u00e9raire*.<br \/>- En voiture par l'autoroute A 13: sortie Evreux-Orl\u00e9ans et aussit\u00f4t \u00e0 droite prendre la sortie n\u00b01 Val de Reuil. Suivre d'abord la direction Val de Reuil et ensuite Vernon pour rejoindre la D6015. Apr\u00e8s 3km tourner \u00e0 gauche vers St-Pierre-du-Vauvray.\u2028Voir plus haut la suite de l'itin\u00e9raire*.<br \/>- En train : direction Paris, descendre \u00e0 Val de Reuil (8km du Moulin).<\/p><p class=\\\"_texte_page\\\"><em>Depuis Evreux<\/em> <br \/>Prendre la voie rapide en direction de Rouen. Sortie n\u00b03. Suivre d'abord la direction Elbeuf et au 2\u00e8me rond-point suivre Saint-Etienne et Saint-Pierre-du-Vauvray. Traverser les deux ponts sur la Seine et au premier feu, tourner \u00e0 gauche puis \u00e0 droite jusqu'au Moulin (800m) ou jusqu'au Th\u00e9\u00e2tre (1,2km).<\/p><p class=\\\"_texte_page\\\"><em>Depuis Les Andelys<\/em><br \/>Au petit Andely, suivre la direction Romilly, Muids, And\u00e9. Au feu tricolore d'And\u00e9 tourner \u00e0 droite, rue des Glycines, et prendre la rue du Moulin \u00e0 droite.<\/p><p>\u00a0<\/p><p class=\\\"_texte_page\\\">Direction <span style=\\\"color: #ff00ff;\\\">Emmanuelle Vo-Dinh <span style=\\\"color: #000000;\\\">et<\/span> Solenne Racap\u00e9<\/span><br \/>R\u00e9gie g\u00e9n\u00e9rale <span style=\\\"color: #ff00ff;\\\">Beno\u00eet Duboc <span style=\\\"color: #000000;\\\">- R\u00e9gisseurs<\/span> Vincent Lemonnier, Thomas Restiau<\/span><br \/>Production et accueil <span style=\\\"color: #ff00ff;\\\">Gabrielle Jarrier, Emmanuelle Perrichot<\/span><br \/>Stagiaires <span style=\\\"color: #ff00ff;\\\">Capucine Baran\u00e8s, Emma Ertzscheid<br \/><\/span><\/p><p class=\\\"_texte_page\\\">Avec le soutien de la DRAC Normandie, du D\u00e9partement de l\u2019Eure, de la Communaut\u00e9 d\u2019agglom\u00e9ration Seine-Eure.<br \/>Remerciements \u00e0 la Ville d\u2019And\u00e9, l\u2019association l\u2019and\u00e9enne, la Ville de Louviers, V\u00e9ronique Souben, La Factorie, maison de Po\u00e9sie Normandie, Beau Geste et l\u2019Arsenal \u00e0 Val-de-Reuil, Lumi\u00e8re d'ao\u00fbt.<br \/>Avec le soutien de l\u2019ONDA.<\/p>\",\r\n      \"align\": \"bottom\",\r\n      \"row\": 2,\r\n      \"col\": 0,\r\n      \"colspan\": 12,\r\n      \"offsetx\": 0,\r\n      \"offsety\": 0,\r\n      \"spaceabove\": 0,\r\n      \"spacebelow\": 0,\r\n      \"yvel\": 1,\r\n      \"push\": 0,\r\n      \"relid\": 16,\r\n      \"frameOverflow\": \"\"\r\n    }\r\n  ]\r\n}","_links":{"self":[{"href":"http:\/\/pavillon-s.com\/en\/wp-json\/wp\/v2\/pages\/124","targetHints":{"allow":["GET"]}}],"collection":[{"href":"http:\/\/pavillon-s.com\/en\/wp-json\/wp\/v2\/pages"}],"about":[{"href":"http:\/\/pavillon-s.com\/en\/wp-json\/wp\/v2\/types\/page"}],"author":[{"embeddable":true,"href":"http:\/\/pavillon-s.com\/en\/wp-json\/wp\/v2\/users\/1"}],"replies":[{"embeddable":true,"href":"http:\/\/pavillon-s.com\/en\/wp-json\/wp\/v2\/comments?post=124"}],"version-history":[{"count":0,"href":"http:\/\/pavillon-s.com\/en\/wp-json\/wp\/v2\/pages\/124\/revisions"}],"wp:attachment":[{"href":"http:\/\/pavillon-s.com\/en\/wp-json\/wp\/v2\/media?parent=124"}],"curies":[{"name":"wp","href":"https:\/\/api.w.org\/{rel}","templated":true}]}}