{"id":120,"date":"2022-07-20T08:49:21","date_gmt":"2022-07-04T12:31:45","guid":{"rendered":"http:\/\/pavillon-s.com\/emmanuelle-vo-dinh-2\/"},"modified":"2023-11-29T11:48:27","modified_gmt":"2023-11-29T10:48:27","slug":"wei-artistes-projets","status":"publish","type":"page","link":"http:\/\/pavillon-s.com\/en\/wei-artistes-projets\/","title":{"rendered":"Wei artistes projets 2022"},"content":{"rendered":"","protected":false},"excerpt":{"rendered":"","protected":false},"author":1,"featured_media":0,"parent":0,"menu_order":27,"comment_status":"closed","ping_status":"closed","template":"","meta":[],"class_list":["post-120","page","type-page","status-publish","hentry"],"grid":"{\r\n  \"colCount\": 12,\r\n  \"colGutter\": 1,\r\n  \"rowGutters\": [\r\n    1,\r\n    2,\r\n    0.5,\r\n    0.5,\r\n    0.5,\r\n    0.5,\r\n    0.5,\r\n    0.5,\r\n    0.5,\r\n    0.5,\r\n    0.5,\r\n    0.5,\r\n    0.5,\r\n    0.5,\r\n    0.5,\r\n    0.5\r\n  ],\r\n  \"frameMargin\": 5,\r\n  \"leftFrameMargin\": 2.5,\r\n  \"rightFrameMargin\": 5,\r\n  \"topFrameMargin\": 180,\r\n  \"bottomFrameMargin\": 5,\r\n  \"rowAttrs\": [\r\n    {},\r\n    {},\r\n    {},\r\n    {},\r\n    {},\r\n    {},\r\n    {},\r\n    {},\r\n    {},\r\n    {},\r\n    {},\r\n    {},\r\n    {},\r\n    {},\r\n    {},\r\n    {},\r\n    {}\r\n  ],\r\n  \"bgColor\": null,\r\n  \"bgImage\": null,\r\n  \"cont\": [\r\n    {\r\n      \"type\": \"text\",\r\n      \"cont\": \"<h1 class=\\\"_menu_home\\\"><a href=\\\"http:\/\/pavillon-s.com\/wei\/\\\" data-type=\\\"page\\\" data-id=\\\"76\\\" data-title=\\\"wei!\\\">Wei!<\/a><\/h1>\",\r\n      \"align\": \"top\",\r\n      \"row\": 0,\r\n      \"col\": 0,\r\n      \"colspan\": 9,\r\n      \"offsetx\": 0,\r\n      \"offsety\": 0,\r\n      \"spaceabove\": 0,\r\n      \"spacebelow\": 0,\r\n      \"yvel\": 1,\r\n      \"push\": 0,\r\n      \"relid\": 4,\r\n      \"frameOverflow\": \"\"\r\n    },\r\n    {\r\n      \"type\": \"text\",\r\n      \"cont\": \"<h1 class=\\\"_titre_rose\\\">Artistes, projets<\/h1>\",\r\n      \"align\": \"top\",\r\n      \"row\": 1,\r\n      \"col\": 0,\r\n      \"colspan\": 9,\r\n      \"offsetx\": 0,\r\n      \"offsety\": 0,\r\n      \"spaceabove\": 0,\r\n      \"spacebelow\": 0,\r\n      \"yvel\": 1,\r\n      \"push\": 0,\r\n      \"relid\": 17,\r\n      \"frameOverflow\": \"\"\r\n    },\r\n    {\r\n      \"type\": \"text\",\r\n      \"cont\": \"<h1 class=\\\"_lien_niv3\\\"><span style=\\\"color: #1500f6;\\\"><a style=\\\"color: #1500f6;\\\" href=\\\"http:\/\/pavillon-s.com\/?p=222\\\" data-type=\\\"project\\\" data-id=\\\"222\\\" data-title=\\\"Ateliers\\\" data-catid=\\\"[6]\\\" data-hoverimageid=\\\"526\\\" data-hoverimagesmallsrc=\\\"\/wp-content\/uploads\/2022\/08\/IMG_20220913_110422497_HDR-265x198.png\\\">Ateliers<\/a><\/span><\/h1>\",\r\n      \"align\": \"top\",\r\n      \"row\": 2,\r\n      \"col\": 0,\r\n      \"colspan\": 6,\r\n      \"offsetx\": 0,\r\n      \"offsety\": 0,\r\n      \"spaceabove\": 0,\r\n      \"spacebelow\": 0,\r\n      \"yvel\": 1,\r\n      \"push\": 0,\r\n      \"relid\": 303\r\n    },\r\n    {\r\n      \"type\": \"text\",\r\n      \"cont\": \"<h1 class=\\\"_lien_niv3\\\"><span style=\\\"color: #1500f6;\\\"><a style=\\\"color: #1500f6;\\\" href=\\\"http:\/\/pavillon-s.com\/dominique-boivin\/\\\" data-type=\\\"project\\\" data-id=\\\"122\\\" data-title=\\\"Dominique Boivin\\\" data-catid=\\\"[3]\\\" data-hoverimageid=\\\"527\\\" data-hoverimagesmallsrc=\\\"\/wp-content\/uploads\/2022\/08\/DR-Boivin-265x199.png\\\">Dominique Boivin<\/a><\/span><\/h1>\",\r\n      \"align\": \"top\",\r\n      \"row\": 3,\r\n      \"col\": 0,\r\n      \"colspan\": 7,\r\n      \"offsetx\": 0,\r\n      \"offsety\": 0,\r\n      \"spaceabove\": 0,\r\n      \"spacebelow\": 0,\r\n      \"yvel\": 1,\r\n      \"push\": 0,\r\n      \"relid\": 8\r\n    },\r\n    {\r\n      \"type\": \"text\",\r\n      \"cont\": \"<h1 class=\\\"_lien_niv3\\\"><span style=\\\"color: #1500f6;\\\"><a style=\\\"color: #1500f6;\\\" href=\\\"http:\/\/pavillon-s.com\/selection-fruit-integral\/\\\" data-type=\\\"project\\\" data-id=\\\"241\\\" data-title=\\\"S\u00e9lection d'\u0153uvres du Fruit int\u00e9gral\\\" data-catid=\\\"[6]\\\" data-hoverimageid=\\\"258\\\" data-hoverimagesmallsrc=\\\"\/wp-content\/uploads\/2022\/08\/IMG_5853-265x353.jpg\\\">Choix d\u2019\u0153uvres issues du Fruit int\u00e9gral<\/a><\/span><\/h1>\",\r\n      \"align\": \"top\",\r\n      \"row\": 4,\r\n      \"col\": 0,\r\n      \"colspan\": 7,\r\n      \"offsetx\": 0,\r\n      \"offsety\": 0,\r\n      \"spaceabove\": 0,\r\n      \"spacebelow\": 0,\r\n      \"yvel\": 1,\r\n      \"push\": 0,\r\n      \"relid\": 16,\r\n      \"frameOverflow\": \"\"\r\n    },\r\n    {\r\n      \"type\": \"text\",\r\n      \"cont\": \"<h1 class=\\\"_lien_niv3\\\"><span style=\\\"color: #1500f6;\\\"><a style=\\\"color: #1500f6;\\\" href=\\\"http:\/\/pavillon-s.com\/?p=213\\\" data-type=\\\"project\\\" data-id=\\\"213\\\" data-title=\\\"Juliette Dessert\\\" data-catid=\\\"[6]\\\" data-hoverimageid=\\\"529\\\" data-hoverimagesmallsrc=\\\"\/wp-content\/uploads\/2022\/08\/L1050414-1-265x149.jpg\\\">Juliette Dessert<\/a><\/span><\/h1>\",\r\n      \"align\": \"top\",\r\n      \"row\": 5,\r\n      \"col\": 0,\r\n      \"colspan\": 5,\r\n      \"offsetx\": 0,\r\n      \"offsety\": 0,\r\n      \"spaceabove\": 0,\r\n      \"spacebelow\": 0,\r\n      \"yvel\": 1,\r\n      \"push\": 0,\r\n      \"relid\": 5,\r\n      \"frameOverflow\": \"\"\r\n    },\r\n    {\r\n      \"type\": \"text\",\r\n      \"cont\": \"<h1 class=\\\"_lien_niv3\\\"><span style=\\\"color: #1500f6;\\\"><a style=\\\"color: #1500f6;\\\" href=\\\"http:\/\/pavillon-s.com\/?p=214\\\" data-type=\\\"project\\\" data-id=\\\"214\\\" data-title=\\\"Flora D\u00e9traz\\\" data-catid=\\\"[6]\\\" data-hoverimageid=\\\"514\\\" data-hoverimagesmallsrc=\\\"\/wp-content\/uploads\/2022\/08\/7_17092022-AS8A6412_\u00a9Hadrien_Lenoir-265x177.jpg\\\">Flora D\u00e9traz<\/a><\/span><\/h1>\",\r\n      \"align\": \"top\",\r\n      \"row\": 6,\r\n      \"col\": 0,\r\n      \"colspan\": 6,\r\n      \"offsetx\": 0,\r\n      \"offsety\": 0,\r\n      \"spaceabove\": 0,\r\n      \"spacebelow\": 0,\r\n      \"yvel\": 1,\r\n      \"push\": 0,\r\n      \"relid\": 6,\r\n      \"frameOverflow\": \"\"\r\n    },\r\n    {\r\n      \"type\": \"text\",\r\n      \"cont\": \"<h1 class=\\\"_lien_niv3\\\"><span style=\\\"color: #1500f6;\\\"><a style=\\\"color: #1500f6;\\\" href=\\\"http:\/\/pavillon-s.com\/?p=217\\\" data-type=\\\"project\\\" data-id=\\\"217\\\" data-title=\\\"Malgven Gerbes &amp; David Brandst\u00e4tter\\\" data-catid=\\\"[6]\\\" data-hoverimageid=\\\"536\\\" data-hoverimagesmallsrc=\\\"\/wp-content\/uploads\/2022\/08\/shifts-DR-1-265x149.jpg\\\">Malgven Gerbes et David Brandst\u00e4tter<\/a><\/span><\/h1>\",\r\n      \"align\": \"top\",\r\n      \"row\": 7,\r\n      \"col\": 0,\r\n      \"colspan\": 8,\r\n      \"offsetx\": 0,\r\n      \"offsety\": 0,\r\n      \"spaceabove\": 0,\r\n      \"spacebelow\": 0,\r\n      \"yvel\": 1,\r\n      \"push\": 0,\r\n      \"relid\": 7\r\n    },\r\n    {\r\n      \"type\": \"text\",\r\n      \"cont\": \"<h1 class=\\\"_lien_niv3\\\"><span style=\\\"color: #1500f6;\\\"><a style=\\\"color: #1500f6;\\\" href=\\\"http:\/\/pavillon-s.com\/?p=224\\\" data-type=\\\"project\\\" data-id=\\\"224\\\" data-title=\\\"Kit guinguette Normandie Impressionniste\\\" data-catid=\\\"[6]\\\" data-hoverimageid=\\\"537\\\" data-hoverimagesmallsrc=\\\"\/wp-content\/uploads\/2022\/08\/Kit-guinguette-1-265x149.jpg\\\">Kit guinguette festival Normandie Impressionniste<\/a><\/span><\/h1>\",\r\n      \"align\": \"top\",\r\n      \"row\": 8,\r\n      \"col\": 0,\r\n      \"colspan\": 7,\r\n      \"offsetx\": 0,\r\n      \"offsety\": 0,\r\n      \"spaceabove\": 0,\r\n      \"spacebelow\": 0,\r\n      \"yvel\": 1,\r\n      \"push\": 0,\r\n      \"relid\": 9\r\n    },\r\n    {\r\n      \"type\": \"text\",\r\n      \"cont\": \"<h1 class=\\\"_lien_niv3\\\"><span style=\\\"color: #1500f6;\\\"><a style=\\\"color: #1500f6;\\\" href=\\\"http:\/\/pavillon-s.com\/?p=227\\\" data-type=\\\"project\\\" data-id=\\\"227\\\" data-title=\\\"Sabine Macher\\\" data-catid=\\\"[6]\\\" data-hoverimageid=\\\"520\\\" data-hoverimagesmallsrc=\\\"\/wp-content\/uploads\/2022\/08\/DR-La-vieille-danseuse-265x198.png\\\">Sabine Macher<\/a><\/span><\/h1>\",\r\n      \"align\": \"top\",\r\n      \"row\": 9,\r\n      \"col\": 0,\r\n      \"colspan\": 6,\r\n      \"offsetx\": 0,\r\n      \"offsety\": 0,\r\n      \"spaceabove\": 0,\r\n      \"spacebelow\": 0,\r\n      \"yvel\": 1,\r\n      \"push\": 0,\r\n      \"relid\": 11\r\n    },\r\n    {\r\n      \"type\": \"text\",\r\n      \"cont\": \"<h1 class=\\\"_lien_niv3\\\"><span style=\\\"color: #1500f6;\\\"><a style=\\\"color: #1500f6;\\\" href=\\\"http:\/\/pavillon-s.com\/?p=231\\\" data-type=\\\"project\\\" data-id=\\\"231\\\" data-title=\\\"Ariane Michel\\\" data-catid=\\\"[6]\\\" data-hoverimageid=\\\"521\\\" data-hoverimagesmallsrc=\\\"\/wp-content\/uploads\/2022\/08\/DR-Ariane-michel-265x199.jpg\\\">Ariane Michel<\/a><\/span><\/h1>\",\r\n      \"align\": \"top\",\r\n      \"row\": 10,\r\n      \"col\": 0,\r\n      \"colspan\": 6,\r\n      \"offsetx\": 0,\r\n      \"offsety\": 0,\r\n      \"spaceabove\": 0,\r\n      \"spacebelow\": 0,\r\n      \"yvel\": 1,\r\n      \"push\": 0,\r\n      \"relid\": 12\r\n    },\r\n    {\r\n      \"type\": \"text\",\r\n      \"cont\": \"<h1 class=\\\"_lien_niv3\\\"><span style=\\\"color: #0000ff;\\\"><a style=\\\"color: #0000ff;\\\" href=\\\"http:\/\/pavillon-s.com\/ivana-muller\/\\\" data-catid=\\\"[6]\\\" data-hoverimageid=\\\"538\\\" data-hoverimagesmallsrc=\\\"\/wp-content\/uploads\/2022\/08\/L1050623-1-265x149.jpg\\\"><span style=\\\"color: #1500f6;\\\">Ivana M\u00fcller<\/span><\/a><\/span><\/h1>\",\r\n      \"align\": \"top\",\r\n      \"row\": 11,\r\n      \"col\": 0,\r\n      \"colspan\": 6,\r\n      \"offsetx\": 0,\r\n      \"offsety\": 0,\r\n      \"spaceabove\": 0,\r\n      \"spacebelow\": 0,\r\n      \"yvel\": 1,\r\n      \"push\": 0,\r\n      \"relid\": 13\r\n    },\r\n    {\r\n      \"type\": \"text\",\r\n      \"cont\": \"<h1 class=\\\"_lien_niv3\\\"><a href=\\\"http:\/\/pavillon-s.com\/olyphant\/\\\" data-catid=\\\"[6]\\\" data-hoverimageid=\\\"539\\\" data-hoverimagesmallsrc=\\\"\/wp-content\/uploads\/2022\/08\/olyphant-265x471.jpeg\\\"><span style=\\\"color: #0000ff;\\\"><span style=\\\"color: #1500f6;\\\">Olyphant<\/span><\/span><\/a><\/h1>\",\r\n      \"align\": \"middle\",\r\n      \"row\": 12,\r\n      \"col\": 0,\r\n      \"colspan\": 6,\r\n      \"offsetx\": 0,\r\n      \"offsety\": 0,\r\n      \"spaceabove\": 0,\r\n      \"spacebelow\": 0,\r\n      \"yvel\": 1,\r\n      \"push\": 0,\r\n      \"relid\": 10,\r\n      \"frameOverflow\": \"\"\r\n    },\r\n    {\r\n      \"type\": \"text\",\r\n      \"cont\": \"<h1 class=\\\"_lien_niv3\\\"><span style=\\\"color: #1500f6;\\\"><a style=\\\"color: #1500f6;\\\" href=\\\"http:\/\/pavillon-s.com\/?p=238\\\" data-type=\\\"project\\\" data-id=\\\"238\\\" data-title=\\\"L\u00e9onard Rainis &amp; Katell Hartereau\\\" data-catid=\\\"[6]\\\" data-hoverimageid=\\\"587\\\" data-hoverimagesmallsrc=\\\"\/wp-content\/uploads\/2023\/11\/2_17092022-AS8A6449_17-septembre-2022_\u00a9HADRIEN_LENOIR-265x177.jpg\\\">L\u00e9onard Rainis et Katell Hartereau<\/a><\/span><\/h1>\",\r\n      \"align\": \"top\",\r\n      \"row\": 13,\r\n      \"col\": 0,\r\n      \"colspan\": 6,\r\n      \"offsetx\": 0,\r\n      \"offsety\": 0,\r\n      \"spaceabove\": 0,\r\n      \"spacebelow\": 0,\r\n      \"yvel\": 1,\r\n      \"push\": 0,\r\n      \"relid\": 15\r\n    },\r\n    {\r\n      \"type\": \"text\",\r\n      \"cont\": \"<h1 class=\\\"_lien_niv3\\\"><span style=\\\"color: #1500f6;\\\"><a style=\\\"color: #1500f6;\\\" href=\\\"http:\/\/pavillon-s.com\/?p=249\\\" data-type=\\\"project\\\" data-id=\\\"249\\\" data-title=\\\"Yoann Thommerel &amp; Sonia Chiambretto\\\" data-catid=\\\"[6]\\\" data-hoverimageid=\\\"541\\\" data-hoverimagesmallsrc=\\\"\/wp-content\/uploads\/2022\/08\/DR-sauce-samorai-265x149.jpg\\\">Yoann Thommerel &amp; Sonia Chiambretto<\/a><\/span><\/h1>\",\r\n      \"align\": \"top\",\r\n      \"row\": 14,\r\n      \"col\": 0,\r\n      \"colspan\": 6,\r\n      \"offsetx\": 0,\r\n      \"offsety\": 0,\r\n      \"spaceabove\": 0,\r\n      \"spacebelow\": 0,\r\n      \"yvel\": 1,\r\n      \"push\": 0,\r\n      \"relid\": 19,\r\n      \"frameOverflow\": \"\"\r\n    },\r\n    {\r\n      \"type\": \"text\",\r\n      \"cont\": \"<h1 class=\\\"_lien_niv3\\\"><span style=\\\"color: #1500f6;\\\"><a style=\\\"color: #1500f6;\\\" href=\\\"http:\/\/pavillon-s.com\/?p=253\\\" data-type=\\\"project\\\" data-id=\\\"253\\\" data-title=\\\"Visite accompagn\u00e9e Fil rouge\\\" data-catid=\\\"[6]\\\" data-hoverimageid=\\\"542\\\" data-hoverimagesmallsrc=\\\"\/wp-content\/uploads\/2022\/08\/fil-rouge-1-265x149.jpg\\\">Visite accompagn\u00e9e Fil rouge<\/a><\/span><\/h1>\",\r\n      \"align\": \"top\",\r\n      \"row\": 15,\r\n      \"col\": 0,\r\n      \"colspan\": 6,\r\n      \"offsetx\": 0,\r\n      \"offsety\": 0,\r\n      \"spaceabove\": 0,\r\n      \"spacebelow\": 0,\r\n      \"yvel\": 1,\r\n      \"push\": 0,\r\n      \"relid\": 14,\r\n      \"frameOverflow\": \"\"\r\n    },\r\n    {\r\n      \"type\": \"text\",\r\n      \"cont\": \"<h1 class=\\\"_lien_niv3\\\"><span style=\\\"color: #1500f6;\\\"><a style=\\\"color: #1500f6;\\\" href=\\\"http:\/\/pavillon-s.com\/?p=246\\\" data-type=\\\"project\\\" data-id=\\\"246\\\" data-title=\\\"Emmanuelle Vo-Dinh\\\" data-catid=\\\"[6]\\\" data-hoverimageid=\\\"146\\\" data-hoverimagesmallsrc=\\\"\/wp-content\/uploads\/2022\/07\/seine-2-265x177.jpeg\\\">Emmanuelle Vo-Dinh<\/a><\/span><\/h1>\",\r\n      \"align\": \"top\",\r\n      \"row\": 16,\r\n      \"col\": 0,\r\n      \"colspan\": 6,\r\n      \"offsetx\": 0,\r\n      \"offsety\": 0,\r\n      \"spaceabove\": 0,\r\n      \"spacebelow\": 0,\r\n      \"yvel\": 1,\r\n      \"push\": 0,\r\n      \"relid\": 18\r\n    }\r\n  ]\r\n}","phonegrid":"{\r\n  \"colCount\": 12,\r\n  \"colGutter\": 1,\r\n  \"rowGutters\": [\r\n    \"3\",\r\n    5,\r\n    \"2\",\r\n    \"2\",\r\n    \"2\",\r\n    \"2\",\r\n    \"2\",\r\n    \"2\",\r\n    \"2\",\r\n    \"2\",\r\n    \"2\",\r\n    \"2\",\r\n    \"2\",\r\n    \"2\",\r\n    \"2\",\r\n    \"2\"\r\n  ],\r\n  \"frameMargin\": 5,\r\n  \"leftFrameMargin\": 5,\r\n  \"rightFrameMargin\": 5,\r\n  \"topFrameMargin\": \"15\",\r\n  \"bottomFrameMargin\": 5,\r\n  \"rowAttrs\": [\r\n    {},\r\n    {},\r\n    {},\r\n    {},\r\n    {},\r\n    {},\r\n    {},\r\n    {},\r\n    {},\r\n    {},\r\n    {},\r\n    {},\r\n    {},\r\n    {},\r\n    {},\r\n    {},\r\n    {}\r\n  ],\r\n  \"bgColor\": null,\r\n  \"bgImage\": null,\r\n  \"cont\": [\r\n    {\r\n      \"type\": \"text\",\r\n      \"cont\": \"<h1 class=\\\"_menu_home\\\"><a href=\\\"http:\/\/pavillon-s.com\/wei\/\\\" data-type=\\\"page\\\" data-id=\\\"76\\\" data-title=\\\"wei!\\\">Wei!<\/a><\/h1>\",\r\n      \"align\": \"bottom\",\r\n      \"row\": 0,\r\n      \"col\": 0,\r\n      \"colspan\": 12,\r\n      \"offsetx\": 0,\r\n      \"offsety\": 0,\r\n      \"spaceabove\": 0,\r\n      \"spacebelow\": 0,\r\n      \"yvel\": 1,\r\n      \"push\": 0,\r\n      \"relid\": 4,\r\n      \"frameOverflow\": \"\"\r\n    },\r\n    {\r\n      \"type\": \"text\",\r\n      \"cont\": \"<h1 class=\\\"_titre_rose\\\">Artistes, projets<\/h1>\",\r\n      \"align\": \"top\",\r\n      \"row\": 1,\r\n      \"col\": 0,\r\n      \"colspan\": 12,\r\n      \"offsetx\": 0,\r\n      \"offsety\": 0,\r\n      \"spaceabove\": 0,\r\n      \"spacebelow\": 0,\r\n      \"yvel\": 1,\r\n      \"push\": 0,\r\n      \"relid\": 17,\r\n      \"frameOverflow\": \"\"\r\n    },\r\n    {\r\n      \"type\": \"text\",\r\n      \"cont\": \"<p><a href=\\\"http:\/\/pavillon-s.com\/ateliers\/\\\" data-type=\\\"project\\\" data-id=\\\"222\\\" data-title=\\\"Ateliers\\\" data-catid=\\\"[6]\\\"><span style=\\\"color: #0000ff; font-family: MODELO_V2-Book; font-size: 20px;\\\">Ateliers<\/span><\/a><\/p>\",\r\n      \"align\": \"top\",\r\n      \"row\": 2,\r\n      \"col\": 0,\r\n      \"colspan\": 12,\r\n      \"offsetx\": 0,\r\n      \"offsety\": 0,\r\n      \"spaceabove\": 0,\r\n      \"spacebelow\": 0,\r\n      \"yvel\": 1,\r\n      \"push\": 0,\r\n      \"relid\": 20\r\n    },\r\n    {\r\n      \"type\": \"text\",\r\n      \"cont\": \"<h1 class=\\\"_lien_niv3\\\"><span style=\\\"color: #1500f6;\\\"><a style=\\\"color: #1500f6;\\\" href=\\\"http:\/\/pavillon-s.com\/dominique-boivin\/\\\" data-type=\\\"project\\\" data-id=\\\"122\\\" data-title=\\\"Dominique Boivin\\\" data-catid=\\\"[3]\\\" data-hoverimageid=\\\"527\\\" data-hoverimagesmallsrc=\\\"\/wp-content\/uploads\/2022\/08\/DR-Boivin-265x199.png\\\">Dominique Boivin<\/a><\/span><\/h1>\",\r\n      \"align\": \"bottom\",\r\n      \"row\": 3,\r\n      \"col\": 0,\r\n      \"colspan\": 12,\r\n      \"offsetx\": 0,\r\n      \"offsety\": 0,\r\n      \"spaceabove\": 0,\r\n      \"spacebelow\": 0,\r\n      \"yvel\": 1,\r\n      \"push\": 0,\r\n      \"relid\": 8\r\n    },\r\n    {\r\n      \"type\": \"text\",\r\n      \"cont\": \"<h1 class=\\\"_lien_niv3\\\"><span style=\\\"color: #1500f6;\\\"><a style=\\\"color: #1500f6;\\\" href=\\\"http:\/\/pavillon-s.com\/selection-fruit-integral\/\\\" data-type=\\\"project\\\" data-id=\\\"241\\\" data-title=\\\"S\u00e9lection d'\u0153uvres du Fruit int\u00e9gral\\\" data-catid=\\\"[6]\\\" data-hoverimageid=\\\"258\\\" data-hoverimagesmallsrc=\\\"\/wp-content\/uploads\/2022\/08\/IMG_5853-265x353.jpg\\\">Choix d\u2019\u0153uvres issues du Fruit int\u00e9gral<\/a><\/span><\/h1>\",\r\n      \"align\": \"bottom\",\r\n      \"row\": 4,\r\n      \"col\": 0,\r\n      \"colspan\": 12,\r\n      \"offsetx\": 0,\r\n      \"offsety\": 0,\r\n      \"spaceabove\": 0,\r\n      \"spacebelow\": 0,\r\n      \"yvel\": 1,\r\n      \"push\": 0,\r\n      \"relid\": 16,\r\n      \"frameOverflow\": \"\"\r\n    },\r\n    {\r\n      \"type\": \"text\",\r\n      \"cont\": \"<h1 class=\\\"_lien_niv3\\\"><span style=\\\"color: #1500f6;\\\"><a style=\\\"color: #1500f6;\\\" href=\\\"http:\/\/pavillon-s.com\/?p=213\\\" data-type=\\\"project\\\" data-id=\\\"213\\\" data-title=\\\"Juliette Dessert\\\" data-catid=\\\"[6]\\\" data-hoverimageid=\\\"529\\\" data-hoverimagesmallsrc=\\\"\/wp-content\/uploads\/2022\/08\/L1050414-1-265x149.jpg\\\">Juliette Dessert<\/a><\/span><\/h1>\",\r\n      \"align\": \"bottom\",\r\n      \"row\": 5,\r\n      \"col\": 0,\r\n      \"colspan\": 12,\r\n      \"offsetx\": 0,\r\n      \"offsety\": 0,\r\n      \"spaceabove\": 0,\r\n      \"spacebelow\": 0,\r\n      \"yvel\": 1,\r\n      \"push\": 0,\r\n      \"relid\": 5,\r\n      \"frameOverflow\": \"\"\r\n    },\r\n    {\r\n      \"type\": \"text\",\r\n      \"cont\": \"<h1 class=\\\"_lien_niv3\\\"><span style=\\\"color: #1500f6;\\\"><a style=\\\"color: #1500f6;\\\" href=\\\"http:\/\/pavillon-s.com\/?p=214\\\" data-type=\\\"project\\\" data-id=\\\"214\\\" data-title=\\\"Flora D\u00e9traz\\\" data-catid=\\\"[6]\\\" data-hoverimageid=\\\"514\\\" data-hoverimagesmallsrc=\\\"\/wp-content\/uploads\/2022\/08\/7_17092022-AS8A6412_\u00a9Hadrien_Lenoir-265x177.jpg\\\">Flora D\u00e9traz<\/a><\/span><\/h1>\",\r\n      \"align\": \"bottom\",\r\n      \"row\": 6,\r\n      \"col\": 0,\r\n      \"colspan\": 12,\r\n      \"offsetx\": 0,\r\n      \"offsety\": 0,\r\n      \"spaceabove\": 0,\r\n      \"spacebelow\": 0,\r\n      \"yvel\": 1,\r\n      \"push\": 0,\r\n      \"relid\": 6,\r\n      \"frameOverflow\": \"\"\r\n    },\r\n    {\r\n      \"type\": \"text\",\r\n      \"cont\": \"<h1 class=\\\"_lien_niv3\\\"><span style=\\\"color: #1500f6;\\\"><a style=\\\"color: #1500f6;\\\" href=\\\"http:\/\/pavillon-s.com\/?p=217\\\" data-type=\\\"project\\\" data-id=\\\"217\\\" data-title=\\\"Malgven Gerbes &amp; David Brandst\u00e4tter\\\" data-catid=\\\"[6]\\\" data-hoverimageid=\\\"536\\\" data-hoverimagesmallsrc=\\\"\/wp-content\/uploads\/2022\/08\/shifts-DR-1-265x149.jpg\\\">Malgven Gerbes et David Brandst\u00e4tter<\/a><\/span><\/h1>\",\r\n      \"align\": \"bottom\",\r\n      \"row\": 7,\r\n      \"col\": 0,\r\n      \"colspan\": 12,\r\n      \"offsetx\": 0,\r\n      \"offsety\": 0,\r\n      \"spaceabove\": 0,\r\n      \"spacebelow\": 0,\r\n      \"yvel\": 1,\r\n      \"push\": 0,\r\n      \"relid\": 7\r\n    },\r\n    {\r\n      \"type\": \"text\",\r\n      \"cont\": \"<h1 class=\\\"_lien_niv3\\\"><span style=\\\"color: #1500f6;\\\"><a style=\\\"color: #1500f6;\\\" href=\\\"http:\/\/pavillon-s.com\/?p=224\\\" data-type=\\\"project\\\" data-id=\\\"224\\\" data-title=\\\"Kit guinguette Normandie Impressionniste\\\" data-catid=\\\"[6]\\\" data-hoverimageid=\\\"537\\\" data-hoverimagesmallsrc=\\\"\/wp-content\/uploads\/2022\/08\/Kit-guinguette-1-265x149.jpg\\\">Kit guinguette festival Normandie Impressionniste<\/a><\/span><\/h1>\",\r\n      \"align\": \"bottom\",\r\n      \"row\": 8,\r\n      \"col\": 0,\r\n      \"colspan\": 12,\r\n      \"offsetx\": 0,\r\n      \"offsety\": 0,\r\n      \"spaceabove\": 0,\r\n      \"spacebelow\": 0,\r\n      \"yvel\": 1,\r\n      \"push\": 0,\r\n      \"relid\": 9\r\n    },\r\n    {\r\n      \"type\": \"text\",\r\n      \"cont\": \"<h1 class=\\\"_lien_niv3\\\"><span style=\\\"color: #1500f6;\\\"><a style=\\\"color: #1500f6;\\\" href=\\\"http:\/\/pavillon-s.com\/?p=227\\\" data-type=\\\"project\\\" data-id=\\\"227\\\" data-title=\\\"Sabine Macher\\\" data-catid=\\\"[6]\\\" data-hoverimageid=\\\"520\\\" data-hoverimagesmallsrc=\\\"\/wp-content\/uploads\/2022\/08\/DR-La-vieille-danseuse-265x198.png\\\">Sabine Macher<\/a><\/span><\/h1>\",\r\n      \"align\": \"bottom\",\r\n      \"row\": 9,\r\n      \"col\": 0,\r\n      \"colspan\": 12,\r\n      \"offsetx\": 0,\r\n      \"offsety\": 0,\r\n      \"spaceabove\": 0,\r\n      \"spacebelow\": 0,\r\n      \"yvel\": 1,\r\n      \"push\": 0,\r\n      \"relid\": 11\r\n    },\r\n    {\r\n      \"type\": \"text\",\r\n      \"cont\": \"<h1 class=\\\"_lien_niv3\\\"><span style=\\\"color: #1500f6;\\\"><a style=\\\"color: #1500f6;\\\" href=\\\"http:\/\/pavillon-s.com\/?p=231\\\" data-type=\\\"project\\\" data-id=\\\"231\\\" data-title=\\\"Ariane Michel\\\" data-catid=\\\"[6]\\\" data-hoverimageid=\\\"521\\\" data-hoverimagesmallsrc=\\\"\/wp-content\/uploads\/2022\/08\/DR-Ariane-michel-265x199.jpg\\\">Ariane Michel<\/a><\/span><\/h1>\",\r\n      \"align\": \"bottom\",\r\n      \"row\": 10,\r\n      \"col\": 0,\r\n      \"colspan\": 12,\r\n      \"offsetx\": 0,\r\n      \"offsety\": 0,\r\n      \"spaceabove\": 0,\r\n      \"spacebelow\": 0,\r\n      \"yvel\": 1,\r\n      \"push\": 0,\r\n      \"relid\": 12\r\n    },\r\n    {\r\n      \"type\": \"text\",\r\n      \"cont\": \"<h1 class=\\\"_lien_niv3\\\"><span style=\\\"color: #0000ff;\\\"><a style=\\\"color: #0000ff;\\\" href=\\\"http:\/\/pavillon-s.com\/ivana-muller\/\\\" data-catid=\\\"[6]\\\" data-hoverimageid=\\\"538\\\" data-hoverimagesmallsrc=\\\"\/wp-content\/uploads\/2022\/08\/L1050623-1-265x149.jpg\\\"><span style=\\\"color: #1500f6;\\\">Ivana M\u00fcller<\/span><\/a><\/span><\/h1>\",\r\n      \"align\": \"bottom\",\r\n      \"row\": 11,\r\n      \"col\": 0,\r\n      \"colspan\": 12,\r\n      \"offsetx\": 0,\r\n      \"offsety\": 0,\r\n      \"spaceabove\": 0,\r\n      \"spacebelow\": 0,\r\n      \"yvel\": 1,\r\n      \"push\": 0,\r\n      \"relid\": 13\r\n    },\r\n    {\r\n      \"type\": \"text\",\r\n      \"cont\": \"<p><a href=\\\"http:\/\/pavillon-s.com\/olyphant\/\\\" data-type=\\\"project\\\" data-id=\\\"243\\\" data-title=\\\"Olyphant\\\" data-catid=\\\"[6]\\\"><span style=\\\"color: #0000ff; font-size: 20px; font-family: MODELO_V2-Book;\\\">Olyphant<\/span><\/a><\/p>\",\r\n      \"align\": \"top\",\r\n      \"row\": 12,\r\n      \"col\": 0,\r\n      \"colspan\": 12,\r\n      \"offsetx\": 0,\r\n      \"offsety\": 0,\r\n      \"spaceabove\": 0,\r\n      \"spacebelow\": 0,\r\n      \"yvel\": 1,\r\n      \"push\": 0,\r\n      \"relid\": 21\r\n    },\r\n    {\r\n      \"type\": \"text\",\r\n      \"cont\": \"<h1 class=\\\"_lien_niv3\\\"><span style=\\\"color: #1500f6;\\\"><a style=\\\"color: #1500f6;\\\" href=\\\"http:\/\/pavillon-s.com\/?p=238\\\" data-type=\\\"project\\\" data-id=\\\"238\\\" data-title=\\\"L\u00e9onard Rainis &amp; Katell Hartereau\\\" data-catid=\\\"[6]\\\" data-hoverimageid=\\\"587\\\" data-hoverimagesmallsrc=\\\"\/wp-content\/uploads\/2023\/11\/2_17092022-AS8A6449_17-septembre-2022_\u00a9HADRIEN_LENOIR-265x177.jpg\\\">L\u00e9onard Rainis et Katell Hartereau<\/a><\/span><\/h1>\",\r\n      \"align\": \"bottom\",\r\n      \"row\": 13,\r\n      \"col\": 0,\r\n      \"colspan\": 12,\r\n      \"offsetx\": 0,\r\n      \"offsety\": 0,\r\n      \"spaceabove\": 0,\r\n      \"spacebelow\": 0,\r\n      \"yvel\": 1,\r\n      \"push\": 0,\r\n      \"relid\": 15\r\n    },\r\n    {\r\n      \"type\": \"text\",\r\n      \"cont\": \"<p><a href=\\\"http:\/\/pavillon-s.com\/yoann-thommerel\/\\\" data-type=\\\"project\\\" data-id=\\\"249\\\" data-title=\\\"Yoann Thommerel &amp; Sonia Chiambretto\\\" data-catid=\\\"[6]\\\"><span style=\\\"color: #0000ff; font-size: 20px; font-family: MODELO_V2-Book;\\\">Yoann Thommerel &amp; Sonia Chiambretto<\/span><\/a><\/p>\",\r\n      \"align\": \"top\",\r\n      \"row\": 14,\r\n      \"col\": 0,\r\n      \"colspan\": 12,\r\n      \"offsetx\": 0,\r\n      \"offsety\": 0,\r\n      \"spaceabove\": 0,\r\n      \"spacebelow\": 0,\r\n      \"yvel\": 1,\r\n      \"push\": 0,\r\n      \"relid\": 22\r\n    },\r\n    {\r\n      \"type\": \"text\",\r\n      \"cont\": \"<h1 class=\\\"_lien_niv3\\\"><span style=\\\"color: #1500f6;\\\"><a style=\\\"color: #1500f6;\\\" href=\\\"http:\/\/pavillon-s.com\/?p=253\\\" data-type=\\\"project\\\" data-id=\\\"253\\\" data-title=\\\"Visite accompagn\u00e9e Fil rouge\\\" data-catid=\\\"[6]\\\" data-hoverimageid=\\\"542\\\" data-hoverimagesmallsrc=\\\"\/wp-content\/uploads\/2022\/08\/fil-rouge-1-265x149.jpg\\\">Visite accompagn\u00e9e Fil rouge<\/a><\/span><\/h1>\",\r\n      \"align\": \"bottom\",\r\n      \"row\": 15,\r\n      \"col\": 0,\r\n      \"colspan\": 12,\r\n      \"offsetx\": 0,\r\n      \"offsety\": 0,\r\n      \"spaceabove\": 0,\r\n      \"spacebelow\": 0,\r\n      \"yvel\": 1,\r\n      \"push\": 0,\r\n      \"relid\": 14,\r\n      \"frameOverflow\": \"\"\r\n    },\r\n    {\r\n      \"type\": \"text\",\r\n      \"cont\": \"<p><span style=\\\"color: #0000ff; font-family: MODELO_V2-Book; font-size: 20px;\\\"><a style=\\\"color: #0000ff;\\\" href=\\\"http:\/\/pavillon-s.com\/emmanuelle-vodinh\/\\\" data-type=\\\"project\\\" data-id=\\\"246\\\" data-title=\\\"Emmanuelle Vo-Dinh\\\" data-catid=\\\"[6]\\\" data-hoverimageid=\\\"146\\\" data-hoverimagesmallsrc=\\\"\/wp-content\/uploads\/2022\/07\/seine-2-265x177.jpeg\\\">Emmanuelle Vo-Dinh<\/a><\/span><\/p>\",\r\n      \"align\": \"top\",\r\n      \"row\": 16,\r\n      \"col\": 0,\r\n      \"colspan\": 12,\r\n      \"offsetx\": 0,\r\n      \"offsety\": 0,\r\n      \"spaceabove\": 0,\r\n      \"spacebelow\": 0,\r\n      \"yvel\": 1,\r\n      \"push\": 0,\r\n      \"relid\": 23\r\n    }\r\n  ]\r\n}","_links":{"self":[{"href":"http:\/\/pavillon-s.com\/en\/wp-json\/wp\/v2\/pages\/120","targetHints":{"allow":["GET"]}}],"collection":[{"href":"http:\/\/pavillon-s.com\/en\/wp-json\/wp\/v2\/pages"}],"about":[{"href":"http:\/\/pavillon-s.com\/en\/wp-json\/wp\/v2\/types\/page"}],"author":[{"embeddable":true,"href":"http:\/\/pavillon-s.com\/en\/wp-json\/wp\/v2\/users\/1"}],"replies":[{"embeddable":true,"href":"http:\/\/pavillon-s.com\/en\/wp-json\/wp\/v2\/comments?post=120"}],"version-history":[{"count":0,"href":"http:\/\/pavillon-s.com\/en\/wp-json\/wp\/v2\/pages\/120\/revisions"}],"wp:attachment":[{"href":"http:\/\/pavillon-s.com\/en\/wp-json\/wp\/v2\/media?parent=120"}],"curies":[{"name":"wp","href":"https:\/\/api.w.org\/{rel}","templated":true}]}}