{"id":1112,"date":"2025-05-28T16:30:54","date_gmt":"2025-05-28T14:30:54","guid":{"rendered":"https:\/\/pavillon-s.com\/pavillon-s-temoins-2024-2\/"},"modified":"2026-01-23T16:47:40","modified_gmt":"2026-01-23T15:47:40","slug":"pavillon-s-temoins-2025","status":"publish","type":"page","link":"http:\/\/pavillon-s.com\/en\/pavillon-s-temoins-2025\/","title":{"rendered":"Pavillon-s t\u00e9moins 2025"},"content":{"rendered":"","protected":false},"excerpt":{"rendered":"","protected":false},"author":1,"featured_media":0,"parent":0,"menu_order":5,"comment_status":"closed","ping_status":"closed","template":"","meta":[],"class_list":["post-1112","page","type-page","status-publish","hentry"],"grid":"{\r\n  \"colCount\": 12,\r\n  \"colGutter\": 1,\r\n  \"rowGutters\": [\r\n    2,\r\n    2,\r\n    0,\r\n    2,\r\n    0\r\n  ],\r\n  \"frameMargin\": 5,\r\n  \"leftFrameMargin\": 2.5,\r\n  \"rightFrameMargin\": 5,\r\n  \"topFrameMargin\": 180,\r\n  \"bottomFrameMargin\": 5,\r\n  \"rowAttrs\": [\r\n    {\r\n      \"relid\": 1\r\n    },\r\n    {\r\n      \"relid\": 2\r\n    },\r\n    {\r\n      \"relid\": 3\r\n    },\r\n    {\r\n      \"relid\": 6\r\n    },\r\n    {\r\n      \"relid\": 9\r\n    },\r\n    {\r\n      \"relid\": 14\r\n    }\r\n  ],\r\n  \"bgColor\": null,\r\n  \"bgImage\": null,\r\n  \"cont\": [\r\n    {\r\n      \"type\": \"text\",\r\n      \"cont\": \"<h1 class=\\\"_titre_page\\\"><a href=\\\"http:\/\/pavillon-s.com\/pavillon-s-temoins\/\\\">Pavillon-s t\u00e9moins 2025<\/a><\/h1>\",\r\n      \"align\": \"top\",\r\n      \"row\": 0,\r\n      \"col\": 0,\r\n      \"colspan\": 7,\r\n      \"offsetx\": 0,\r\n      \"offsety\": 0,\r\n      \"spaceabove\": 0,\r\n      \"spacebelow\": 0,\r\n      \"yvel\": 1,\r\n      \"push\": 0,\r\n      \"relid\": 4,\r\n      \"frameOverflow\": \"\",\r\n      \"absolute_position\": false\r\n    },\r\n    {\r\n      \"type\": \"text\",\r\n      \"cont\": \"<p class=\\\"_texte_page\\\">The third edition of Pavillon-s t\u00e9moins took place from 23 June to 19 July 2025 in two areas of the Rouen Normandy Metropolitan Area.<\/p>\",\r\n      \"align\": \"top\",\r\n      \"row\": 1,\r\n      \"col\": 0,\r\n      \"colspan\": 8,\r\n      \"offsetx\": 0,\r\n      \"offsety\": 0,\r\n      \"spaceabove\": 0,\r\n      \"spacebelow\": 0,\r\n      \"yvel\": 1,\r\n      \"push\": 0,\r\n      \"relid\": 12,\r\n      \"absolute_position\": false\r\n    },\r\n    {\r\n      \"type\": \"text\",\r\n      \"cont\": \"<h1 class=\\\"_lien_niv3\\\"><span style=\\\"font-size: 20px;\\\"><a href=\\\"http:\/\/www.pavillon-s.com\/roncherolles-artistes-projets-2025\/\\\" data-wplink-edit=\\\"true\\\"><span style=\\\"color: #ff00ff;\\\"><strong><span style=\\\"font-size: 20px;\\\">Pavillon-s t\u00e9moins, Roncherolles-sur-le-Vivier<\/span><br \/><\/strong>du 23 juin au 11 juillet<\/span><\/a><br \/><\/span><\/h1>\",\r\n      \"align\": \"top\",\r\n      \"row\": 2,\r\n      \"col\": 0,\r\n      \"colspan\": 8,\r\n      \"offsetx\": 0,\r\n      \"offsety\": 0,\r\n      \"spaceabove\": 0,\r\n      \"spacebelow\": 0,\r\n      \"yvel\": 1,\r\n      \"push\": 0,\r\n      \"relid\": 119,\r\n      \"absolute_position\": false\r\n    },\r\n    {\r\n      \"type\": \"text\",\r\n      \"cont\": \"<p class=\\\"_texte_page\\\">Download <a rel=\\\"noopener\\\" href=\\\"http:\/\/pavillon-s.com\/wp-content\/uploads\/2025\/05\/PAV_Roncherolles_bd-1.pdf\\\" target=\\\"_blank\\\"><span style=\\\"text-decoration: underline;\\\"><span style=\\\"color: #ff00ff; text-decoration: underline;\\\">the program<\/span><\/span><\/a>, and discover <a rel=\\\"noopener\\\" href=\\\"https:\/\/vimeo.com\/1127868738\/eea6c91439?share=copy&amp;fl=sv&amp;fe=ci\\\" target=\\\"_blank\\\"><span style=\\\"text-decoration: underline;\\\"><span style=\\\"color: #ff00ff; text-decoration: underline;\\\">in images<\/span><\/span><\/a><\/p>\",\r\n      \"align\": \"top\",\r\n      \"row\": 3,\r\n      \"col\": 0,\r\n      \"colspan\": 8,\r\n      \"offsetx\": 0,\r\n      \"offsety\": 0,\r\n      \"spaceabove\": 0,\r\n      \"spacebelow\": 0,\r\n      \"yvel\": 1,\r\n      \"push\": 0,\r\n      \"relid\": 5,\r\n      \"absolute_position\": false\r\n    },\r\n    {\r\n      \"type\": \"text\",\r\n      \"cont\": \"<h1 class=\\\"_lien_niv3\\\"><a href=\\\"http:\/\/pavillon-s.com\/grandmare-artistes-projets-2025\\\"><span style=\\\"font-size: 20px; color: #ff00ff;\\\"><strong><span style=\\\"font-size: 20px;\\\">Pavillon-s t\u00e9moins, La Grand'Mare (Rouen)<\/span><br \/><\/strong>du 30 juin au 19 juillet<\/span><\/a><\/h1>\",\r\n      \"align\": \"top\",\r\n      \"row\": 4,\r\n      \"col\": 0,\r\n      \"colspan\": 7,\r\n      \"offsetx\": 0,\r\n      \"offsety\": 0,\r\n      \"spaceabove\": 0,\r\n      \"spacebelow\": 0,\r\n      \"yvel\": 1,\r\n      \"push\": 0,\r\n      \"relid\": 10,\r\n      \"frameOverflow\": \"\",\r\n      \"absolute_position\": false\r\n    },\r\n    {\r\n      \"type\": \"text\",\r\n      \"cont\": \"<p class=\\\"_texte_page\\\">Download <a rel=\\\"noopener\\\" href=\\\"http:\/\/pavillon-s.com\/wp-content\/uploads\/2025\/05\/PAV_GRANDMARE_bd.pdf\\\" target=\\\"_blank\\\"><span style=\\\"text-decoration: underline;\\\"><span style=\\\"color: #ff00ff; text-decoration: underline;\\\">the program<\/span><\/span><\/a>.\u00a0<\/p>\",\r\n      \"align\": \"top\",\r\n      \"row\": 5,\r\n      \"col\": 0,\r\n      \"colspan\": 8,\r\n      \"offsetx\": 0,\r\n      \"offsety\": 0,\r\n      \"spaceabove\": 0,\r\n      \"spacebelow\": 0,\r\n      \"yvel\": 1,\r\n      \"push\": 0,\r\n      \"relid\": 11,\r\n      \"absolute_position\": false\r\n    }\r\n  ]\r\n}","phonegrid":"{\r\n  \"colCount\": 12,\r\n  \"colGutter\": 1,\r\n  \"rowGutters\": [\r\n    \"2\",\r\n    \"2\",\r\n    \"0\",\r\n    \"5\",\r\n    \"0\"\r\n  ],\r\n  \"frameMargin\": 5,\r\n  \"leftFrameMargin\": 5,\r\n  \"rightFrameMargin\": 5,\r\n  \"topFrameMargin\": \"15\",\r\n  \"bottomFrameMargin\": 5,\r\n  \"rowAttrs\": [\r\n    {\r\n      \"relid\": 17\r\n    },\r\n    {\r\n      \"relid\": 18\r\n    },\r\n    {\r\n      \"relid\": 19\r\n    },\r\n    {\r\n      \"relid\": 20\r\n    },\r\n    {\r\n      \"relid\": 21\r\n    },\r\n    {\r\n      \"relid\": 22\r\n    }\r\n  ],\r\n  \"bgColor\": null,\r\n  \"bgImage\": null,\r\n  \"cont\": [\r\n    {\r\n      \"type\": \"text\",\r\n      \"cont\": \"<h1 class=\\\"_titre_page\\\"><a href=\\\"http:\/\/pavillon-s.com\/pavillon-s-temoins\/\\\">Pavillon-s t\u00e9moins 2025<\/a><\/h1>\",\r\n      \"align\": \"bottom\",\r\n      \"row\": 0,\r\n      \"col\": 0,\r\n      \"colspan\": 12,\r\n      \"offsetx\": 0,\r\n      \"offsety\": 0,\r\n      \"spaceabove\": 0,\r\n      \"spacebelow\": 0,\r\n      \"yvel\": 1,\r\n      \"push\": 0,\r\n      \"relid\": 4,\r\n      \"frameOverflow\": \"\"\r\n    },\r\n    {\r\n      \"type\": \"text\",\r\n      \"cont\": \"<p class=\\\"_texte_page\\\">La troisi\u00e8me \u00e9dition des Pavillon-s t\u00e9moins s'est d\u00e9roul\u00e9e du 23 juin au 19 juillet 2025 dans deux territoires de la M\u00e9tropole de Rouen Normandie.<\/p>\",\r\n      \"align\": \"top\",\r\n      \"row\": 1,\r\n      \"col\": 0,\r\n      \"colspan\": 12,\r\n      \"offsetx\": 0,\r\n      \"offsety\": 0,\r\n      \"spaceabove\": 0,\r\n      \"spacebelow\": 0,\r\n      \"yvel\": 1,\r\n      \"push\": 0,\r\n      \"relid\": 8,\r\n      \"dosync\": false\r\n    },\r\n    {\r\n      \"type\": \"text\",\r\n      \"cont\": \"<h1 class=\\\"_lien_niv3\\\"><span style=\\\"font-size: 20px;\\\"><a href=\\\"http:\/\/www.pavillon-s.com\/roncherolles-artistes-projets-2025\/\\\"><span style=\\\"color: #ff00ff;\\\"><strong>Pavillon-s t\u00e9moins, Roncherolles-sur-le-Vivier<br \/><\/strong>du 23 juin au 11 juillet<\/span><\/a><\/span><\/h1>\",\r\n      \"align\": \"top\",\r\n      \"row\": 2,\r\n      \"col\": 0,\r\n      \"colspan\": 12,\r\n      \"offsetx\": 0,\r\n      \"offsety\": 0,\r\n      \"spaceabove\": 0,\r\n      \"spacebelow\": 0,\r\n      \"yvel\": 1,\r\n      \"push\": 0,\r\n      \"relid\": 7\r\n    },\r\n    {\r\n      \"type\": \"text\",\r\n      \"cont\": \"<p class=\\\"_texte_page\\\">T\u00e9l\u00e9charger <a rel=\\\"noopener\\\" href=\\\"http:\/\/pavillon-s.com\/wp-content\/uploads\/2025\/05\/PAV_Roncherolles_bd-1.pdf\\\" target=\\\"_blank\\\"><span style=\\\"text-decoration: underline;\\\"><span style=\\\"color: #ff00ff; text-decoration: underline;\\\">le programme<\/span><\/span><\/a>, d\u00e9couvrir le <a rel=\\\"noopener\\\" href=\\\"https:\/\/vimeo.com\/1127868738\/eea6c91439?share=copy&amp;fl=sv&amp;fe=ci\\\" target=\\\"_blank\\\"><span style=\\\"text-decoration: underline;\\\"><span style=\\\"color: #ff00ff; text-decoration: underline;\\\">retour en images<\/span><\/span><\/a><\/p>\",\r\n      \"align\": \"bottom\",\r\n      \"row\": 3,\r\n      \"col\": 0,\r\n      \"colspan\": 12,\r\n      \"offsetx\": 0,\r\n      \"offsety\": 0,\r\n      \"spaceabove\": 0,\r\n      \"spacebelow\": 0,\r\n      \"yvel\": 1,\r\n      \"push\": 0,\r\n      \"relid\": 15\r\n    },\r\n    {\r\n      \"type\": \"text\",\r\n      \"cont\": \"<h1 class=\\\"_lien_niv3\\\"><a href=\\\"http:\/\/pavillon-s.com\/grandmare-artistes-projets-2025\\\"><span style=\\\"font-size: 20px; color: #ff00ff;\\\"><strong><span style=\\\"font-size: 20px;\\\">Pavillon-s t\u00e9moins, Grand'Mare<\/span><br \/><\/strong>du 30 juin au 19 juillet<\/span><\/a><\/h1>\",\r\n      \"align\": \"top\",\r\n      \"row\": 4,\r\n      \"col\": 0,\r\n      \"colspan\": 12,\r\n      \"offsetx\": 0,\r\n      \"offsety\": 0,\r\n      \"spaceabove\": 0,\r\n      \"spacebelow\": 0,\r\n      \"yvel\": 1,\r\n      \"push\": 0,\r\n      \"relid\": 13\r\n    },\r\n    {\r\n      \"type\": \"text\",\r\n      \"cont\": \"<p class=\\\"_texte_page\\\"><span style=\\\"color: #ff00ff;\\\"><span style=\\\"color: #000000;\\\">T\u00e9l\u00e9chargez<\/span> <\/span><a rel=\\\"noopener\\\" href=\\\"http:\/\/pavillon-s.com\/wp-content\/uploads\/2025\/05\/PAV_GRANDMARE_bd.pdf\\\" target=\\\"_blank\\\"><span style=\\\"color: #ff00ff;\\\"><span style=\\\"text-decoration: underline;\\\">le programme<\/span><\/span><\/a><\/p>\",\r\n      \"align\": \"top\",\r\n      \"row\": 5,\r\n      \"col\": 0,\r\n      \"colspan\": 12,\r\n      \"offsetx\": 0,\r\n      \"offsety\": 0,\r\n      \"spaceabove\": 0,\r\n      \"spacebelow\": 0,\r\n      \"yvel\": 1,\r\n      \"push\": 0,\r\n      \"relid\": 16\r\n    }\r\n  ]\r\n}","_links":{"self":[{"href":"http:\/\/pavillon-s.com\/en\/wp-json\/wp\/v2\/pages\/1112","targetHints":{"allow":["GET"]}}],"collection":[{"href":"http:\/\/pavillon-s.com\/en\/wp-json\/wp\/v2\/pages"}],"about":[{"href":"http:\/\/pavillon-s.com\/en\/wp-json\/wp\/v2\/types\/page"}],"author":[{"embeddable":true,"href":"http:\/\/pavillon-s.com\/en\/wp-json\/wp\/v2\/users\/1"}],"replies":[{"embeddable":true,"href":"http:\/\/pavillon-s.com\/en\/wp-json\/wp\/v2\/comments?post=1112"}],"version-history":[{"count":0,"href":"http:\/\/pavillon-s.com\/en\/wp-json\/wp\/v2\/pages\/1112\/revisions"}],"wp:attachment":[{"href":"http:\/\/pavillon-s.com\/en\/wp-json\/wp\/v2\/media?parent=1112"}],"curies":[{"name":"wp","href":"https:\/\/api.w.org\/{rel}","templated":true}]}}